{"id":58426,"date":"2025-10-08T17:09:16","date_gmt":"2025-10-08T22:09:16","guid":{"rendered":"https:\/\/nimonik.com\/?page_id=58426"},"modified":"2025-10-08T17:09:22","modified_gmt":"2025-10-08T22:09:22","slug":"webinaire-nimonikapp-veille-reglementaire-chatbot-et-mises-a-jour-recentes","status":"publish","type":"page","link":"https:\/\/nimonik.com\/fr\/webinaire-nimonikapp-veille-reglementaire-chatbot-et-mises-a-jour-recentes\/","title":{"rendered":"Webinaire NimonikApp: Veille r\u00e9glementaire, chatbot et mises \u00e0 jour r\u00e9centes"},"content":{"rendered":"<div class=\"gb-container gb-container-3ebf944a\"><div class=\"gb-inside-container\">\n<div class=\"gb-grid-wrapper gb-grid-wrapper-0b65ff28\">\n<div class=\"gb-grid-column gb-grid-column-e3caf97f\"><div class=\"gb-container gb-container-e3caf97f\"><div class=\"gb-inside-container\">\n\n<h1 class=\"gb-headline gb-headline-3f2906de gb-headline-text\">Webinaire NimonikApp: Veille r\u00e9glementaire, chatbot et mises \u00e0 jour r\u00e9centes<\/h1>\n\n<\/div><\/div><\/div>\n<\/div>\n<\/div><div class=\"gb-shapes\"><div class=\"gb-shape gb-shape-1\"><svg xmlns=\"http:\/\/www.w3.org\/2000\/svg\" viewBox=\"0 0 1200 360\" preserveAspectRatio=\"none\"><path d=\"M1200 360H0V0l1200 348z\"\/><\/svg><\/div><\/div><\/div>\n\n\n<h2 class=\"wp-block-heading\"><strong>D\u00e9tails<\/strong><\/h2>\n\n\n\n<p><strong><a href=\"https:\/\/zoom.us\/webinar\/register\/WN_IkHFq0GCRnOi4B_51A-QqQ#\/registration\">Mardi 21 octobre<br>10h30 \u00e0 11h15 (Montr\u00e9al)\/16h30 \u00e0 17h15 (Paris)<\/a><\/strong><\/p>\n\n\n\n<p><strong><a href=\"https:\/\/zoom.us\/webinar\/register\/WN_IkHFq0GCRnOi4B_51A-QqQ#\/registration\">Cliquez ici pour vous inscrire aujourd&rsquo;hui!<\/a><\/strong><\/p>\n\n\n\n<p><\/p>\n\n\n\n<h2 class=\"wp-block-heading\">Description<\/h2>\n\n\n\n<p>Vous \u00eates invit\u00e9s \u00e0 rejoindre l\u2019\u00e9quipe Nimonik pour une d\u00e9monstration en fran\u00e7ais de NimonikApp: logiciel de conformit\u00e9 r\u00e9glementaire et normative. D\u00e9couvrez comment ma\u00eetriser les outils essentiels afin de simplifier votre charge de travail quotidienne. Notamment:<\/p>\n\n\n\n<ul class=\"wp-block-list\">\n<li>Mises \u00e0 jour de r\u00e9glementations<\/li>\n\n\n\n<li>Module d&rsquo;audit<\/li>\n\n\n\n<li>Analyse des obligations au niveau des clauses<\/li>\n\n\n\n<li>Chatbot r\u00e9glementaire<\/li>\n<\/ul>\n\n\n\n<p>De plus, explorez les mises \u00e0 jour de plateforme r\u00e9centes et apprenez comment elles peuvent vous aider \u00e0 simplifier vos processus de conformit\u00e9 de mani\u00e8re plus efficace! Destin\u00e9 aux utilisateurs actuels et ceux qui souhaitent rafra\u00eechir leurs connaissances du logiciel, Ang\u00e9line Bavois, directrice de Nimonik Europe, et Ibrahim Toure, repr\u00e9sentant commercial, animeront ce webinaire.<\/p>\n\n\n\n<p><\/p>\n\n\n\n<h2 class=\"wp-block-heading\">Pr\u00e9sent\u00e9 par<\/h2>\n\n\n<div class=\"gb-container gb-container-9982969d\">\n<div class=\"gb-grid-wrapper gb-grid-wrapper-04f17ea5\">\n<div class=\"gb-grid-column gb-grid-column-7fd99f2c\"><div class=\"gb-container gb-container-7fd99f2c\">\n\n<figure class=\"wp-block-image size-full\"><img decoding=\"async\" width=\"2560\" height=\"1707\" src=\"https:\/\/nimonik.com\/wp-content\/uploads\/ABavois-scaled.jpg\" alt=\"\" class=\"wp-image-58415\" srcset=\"https:\/\/nimonik.com\/wp-content\/uploads\/ABavois-scaled.jpg 2560w, https:\/\/nimonik.com\/wp-content\/uploads\/ABavois-300x200.jpg 300w, https:\/\/nimonik.com\/wp-content\/uploads\/ABavois-1024x683.jpg 1024w, https:\/\/nimonik.com\/wp-content\/uploads\/ABavois-1536x1024.jpg 1536w, https:\/\/nimonik.com\/wp-content\/uploads\/ABavois-2048x1365.jpg 2048w\" sizes=\"(max-width: 2560px) 100vw, 2560px\" \/><\/figure>\n\n<\/div><\/div>\n\n<div class=\"gb-grid-column gb-grid-column-504130ec\"><div class=\"gb-container gb-container-504130ec\">\n<div class=\"gb-container gb-container-0b40010e\">\n\n<p><strong>Ang\u00e9line Bavois<\/strong><br><em>Directrice, Nimonik Europe<\/em><br>Avec quinze ans d\u2019exp\u00e9rience en management QSE-RSE, Ang\u00e9line a d\u00e9velopp\u00e9 une expertise confirm\u00e9e, notamment dans les audits de conformit\u00e9, et l\u2019accompagnement via des logiciels sp\u00e9cialis\u00e9s. Ancienne collaboratrice d\u2019un organisme de certification, elle a aussi dirig\u00e9 une entreprise, sp\u00e9cialis\u00e9e en logiciel de veille r\u00e9glementaire, bas\u00e9e \u00e0 Aix-En-Provence. Elle d\u00e9veloppe la pr\u00e9sence europ\u00e9enne de Nimonik, et contribue \u00e0 la croissance et notori\u00e9t\u00e9.<\/p>\n\n<\/div>\n<\/div><\/div>\n<\/div>\n<\/div>\n\n<div class=\"gb-container gb-container-9a56ccb6\">\n<div class=\"gb-grid-wrapper gb-grid-wrapper-cd0fc69d\">\n<div class=\"gb-grid-column gb-grid-column-f313e07d\"><div class=\"gb-container gb-container-f313e07d\">\n\n<figure class=\"wp-block-image size-full\"><img decoding=\"async\" width=\"2560\" height=\"1707\" src=\"https:\/\/nimonik.com\/wp-content\/uploads\/IToure-scaled.jpg\" alt=\"\" class=\"wp-image-58418\" srcset=\"https:\/\/nimonik.com\/wp-content\/uploads\/IToure-scaled.jpg 2560w, https:\/\/nimonik.com\/wp-content\/uploads\/IToure-300x200.jpg 300w, https:\/\/nimonik.com\/wp-content\/uploads\/IToure-1024x683.jpg 1024w, https:\/\/nimonik.com\/wp-content\/uploads\/IToure-1536x1024.jpg 1536w, https:\/\/nimonik.com\/wp-content\/uploads\/IToure-2048x1365.jpg 2048w\" sizes=\"(max-width: 2560px) 100vw, 2560px\" \/><\/figure>\n\n<\/div><\/div>\n\n<div class=\"gb-grid-column gb-grid-column-dce186d3\"><div class=\"gb-container gb-container-dce186d3\">\n<div class=\"gb-container gb-container-0adef572\">\n\n<p><strong>Ibrahim Toure<\/strong><br><em>Repr\u00e9sentant commercial<\/em><br><\/p>\n\n<\/div>\n<\/div><\/div>\n<\/div>\n<\/div>","protected":false},"excerpt":{"rendered":"<p>D\u00e9tails Mardi 21 octobre10h30 \u00e0 11h15 (Montr\u00e9al)\/16h30 \u00e0 17h15 (Paris) Cliquez ici pour vous inscrire aujourd&rsquo;hui! Description Vous \u00eates invit\u00e9s \u00e0 rejoindre l\u2019\u00e9quipe Nimonik pour une d\u00e9monstration en fran\u00e7ais de NimonikApp: logiciel de conformit\u00e9 r\u00e9glementaire et normative. D\u00e9couvrez comment ma\u00eetriser les outils essentiels afin de simplifier votre charge de travail quotidienne. Notamment: De plus, explorez &#8230; <a title=\"Webinaire NimonikApp: Veille r\u00e9glementaire, chatbot et mises \u00e0 jour r\u00e9centes\" class=\"read-more\" href=\"https:\/\/nimonik.com\/fr\/webinaire-nimonikapp-veille-reglementaire-chatbot-et-mises-a-jour-recentes\/\" aria-label=\"En savoir plus sur Webinaire NimonikApp: Veille r\u00e9glementaire, chatbot et mises \u00e0 jour r\u00e9centes\">Lire plus<\/a><\/p>\n","protected":false},"author":86,"featured_media":0,"parent":0,"menu_order":0,"comment_status":"closed","ping_status":"closed","template":"","meta":{"_acf_changed":false,"footnotes":""},"class_list":{"0":"post-58426","1":"page","2":"type-page","3":"status-publish","5":"no-featured-image-padding"},"acf":[],"yoast_head":"<!-- This site is optimized with the Yoast SEO plugin v27.5 - https:\/\/yoast.com\/product\/yoast-seo-wordpress\/ -->\n<title>Webinaire NimonikApp: Veille r\u00e9glementaire, chatbot et mises \u00e0 jour r\u00e9centes | Nimonik<\/title>\n<meta name=\"description\" content=\"Webinaire NimonikApp: Veille r\u00e9glementaire, chatbot et mises \u00e0 jour r\u00e9centes D\u00e9tails Mardi 21 octobre10h30 \u00e0 11h15 (Montr\u00e9al)\/16h30 \u00e0 17h15 (Paris)\" \/>\n<meta name=\"robots\" content=\"index, follow, max-snippet:-1, max-image-preview:large, max-video-preview:-1\" \/>\n<link rel=\"canonical\" href=\"https:\/\/nimonik.com\/fr\/webinaire-nimonikapp-veille-reglementaire-chatbot-et-mises-a-jour-recentes\/\" \/>\n<meta property=\"og:locale\" content=\"fr_FR\" \/>\n<meta property=\"og:type\" content=\"article\" \/>\n<meta property=\"og:title\" content=\"Webinaire NimonikApp: Veille r\u00e9glementaire, chatbot et mises \u00e0 jour r\u00e9centes | Nimonik\" \/>\n<meta property=\"og:description\" content=\"Webinaire NimonikApp: Veille r\u00e9glementaire, chatbot et mises \u00e0 jour r\u00e9centes D\u00e9tails Mardi 21 octobre10h30 \u00e0 11h15 (Montr\u00e9al)\/16h30 \u00e0 17h15 (Paris)\" \/>\n<meta property=\"og:url\" content=\"https:\/\/nimonik.com\/fr\/webinaire-nimonikapp-veille-reglementaire-chatbot-et-mises-a-jour-recentes\/\" \/>\n<meta property=\"og:site_name\" content=\"Nimonik\" \/>\n<meta property=\"article:publisher\" content=\"https:\/\/www.facebook.com\/NimonikInc\" \/>\n<meta property=\"article:modified_time\" content=\"2025-10-08T22:09:22+00:00\" \/>\n<meta property=\"og:image\" content=\"https:\/\/nimonik.com\/wp-content\/uploads\/ABavois-scaled.jpg\" \/>\n\t<meta property=\"og:image:width\" content=\"2560\" \/>\n\t<meta property=\"og:image:height\" content=\"1707\" \/>\n\t<meta property=\"og:image:type\" content=\"image\/jpeg\" \/>\n<meta name=\"twitter:card\" content=\"summary_large_image\" \/>\n<meta name=\"twitter:site\" content=\"@Nimonik_Inc\" \/>\n<meta name=\"twitter:label1\" content=\"Dur\u00e9e de lecture estim\u00e9e\" \/>\n\t<meta name=\"twitter:data1\" content=\"2 minutes\" \/>\n<script type=\"application\/ld+json\" class=\"yoast-schema-graph\">{\"@context\":\"https:\\\/\\\/schema.org\",\"@graph\":[{\"@type\":\"WebPage\",\"@id\":\"https:\\\/\\\/nimonik.com\\\/fr\\\/webinaire-nimonikapp-veille-reglementaire-chatbot-et-mises-a-jour-recentes\\\/\",\"url\":\"https:\\\/\\\/nimonik.com\\\/fr\\\/webinaire-nimonikapp-veille-reglementaire-chatbot-et-mises-a-jour-recentes\\\/\",\"name\":\"Webinaire NimonikApp: Veille r\u00e9glementaire, chatbot et mises \u00e0 jour r\u00e9centes | Nimonik\",\"isPartOf\":{\"@id\":\"https:\\\/\\\/nimonik.com\\\/fr\\\/#website\"},\"primaryImageOfPage\":{\"@id\":\"https:\\\/\\\/nimonik.com\\\/fr\\\/webinaire-nimonikapp-veille-reglementaire-chatbot-et-mises-a-jour-recentes\\\/#primaryimage\"},\"image\":{\"@id\":\"https:\\\/\\\/nimonik.com\\\/fr\\\/webinaire-nimonikapp-veille-reglementaire-chatbot-et-mises-a-jour-recentes\\\/#primaryimage\"},\"thumbnailUrl\":\"https:\\\/\\\/nimonik.com\\\/wp-content\\\/uploads\\\/ABavois-scaled.jpg\",\"datePublished\":\"2025-10-08T22:09:16+00:00\",\"dateModified\":\"2025-10-08T22:09:22+00:00\",\"description\":\"Webinaire NimonikApp: Veille r\u00e9glementaire, chatbot et mises \u00e0 jour r\u00e9centes D\u00e9tails Mardi 21 octobre10h30 \u00e0 11h15 (Montr\u00e9al)\\\/16h30 \u00e0 17h15 (Paris)\",\"breadcrumb\":{\"@id\":\"https:\\\/\\\/nimonik.com\\\/fr\\\/webinaire-nimonikapp-veille-reglementaire-chatbot-et-mises-a-jour-recentes\\\/#breadcrumb\"},\"inLanguage\":\"fr-FR\",\"potentialAction\":[{\"@type\":\"ReadAction\",\"target\":[\"https:\\\/\\\/nimonik.com\\\/fr\\\/webinaire-nimonikapp-veille-reglementaire-chatbot-et-mises-a-jour-recentes\\\/\"]}]},{\"@type\":\"ImageObject\",\"inLanguage\":\"fr-FR\",\"@id\":\"https:\\\/\\\/nimonik.com\\\/fr\\\/webinaire-nimonikapp-veille-reglementaire-chatbot-et-mises-a-jour-recentes\\\/#primaryimage\",\"url\":\"https:\\\/\\\/nimonik.com\\\/wp-content\\\/uploads\\\/ABavois-scaled.jpg\",\"contentUrl\":\"https:\\\/\\\/nimonik.com\\\/wp-content\\\/uploads\\\/ABavois-scaled.jpg\"},{\"@type\":\"BreadcrumbList\",\"@id\":\"https:\\\/\\\/nimonik.com\\\/fr\\\/webinaire-nimonikapp-veille-reglementaire-chatbot-et-mises-a-jour-recentes\\\/#breadcrumb\",\"itemListElement\":[{\"@type\":\"ListItem\",\"position\":1,\"name\":\"Accueil\",\"item\":\"https:\\\/\\\/nimonik.com\\\/fr\\\/\"},{\"@type\":\"ListItem\",\"position\":2,\"name\":\"Webinaire NimonikApp: Veille r\u00e9glementaire, chatbot et mises \u00e0 jour r\u00e9centes\"}]},{\"@type\":\"WebSite\",\"@id\":\"https:\\\/\\\/nimonik.com\\\/fr\\\/#website\",\"url\":\"https:\\\/\\\/nimonik.com\\\/fr\\\/\",\"name\":\"Nimonik Inc.\",\"description\":\"Compliance Management System and Audit Software EHS EHSQ ESG\",\"publisher\":{\"@id\":\"https:\\\/\\\/nimonik.com\\\/fr\\\/#organization\"},\"alternateName\":\"Nimonik\",\"potentialAction\":[{\"@type\":\"SearchAction\",\"target\":{\"@type\":\"EntryPoint\",\"urlTemplate\":\"https:\\\/\\\/nimonik.com\\\/fr\\\/?s={search_term_string}\"},\"query-input\":{\"@type\":\"PropertyValueSpecification\",\"valueRequired\":true,\"valueName\":\"search_term_string\"}}],\"inLanguage\":\"fr-FR\"},{\"@type\":\"Organization\",\"@id\":\"https:\\\/\\\/nimonik.com\\\/fr\\\/#organization\",\"name\":\"Nimonik\",\"alternateName\":\"Nimonik inc.\",\"url\":\"https:\\\/\\\/nimonik.com\\\/fr\\\/\",\"logo\":{\"@type\":\"ImageObject\",\"inLanguage\":\"fr-FR\",\"@id\":\"https:\\\/\\\/nimonik.com\\\/fr\\\/#\\\/schema\\\/logo\\\/image\\\/\",\"url\":\"https:\\\/\\\/nimonik.com\\\/wp-content\\\/uploads\\\/Nimonik-Logo-Christmas.png\",\"contentUrl\":\"https:\\\/\\\/nimonik.com\\\/wp-content\\\/uploads\\\/Nimonik-Logo-Christmas.png\",\"width\":591,\"height\":198,\"caption\":\"Nimonik\"},\"image\":{\"@id\":\"https:\\\/\\\/nimonik.com\\\/fr\\\/#\\\/schema\\\/logo\\\/image\\\/\"},\"sameAs\":[\"https:\\\/\\\/www.facebook.com\\\/NimonikInc\",\"https:\\\/\\\/x.com\\\/Nimonik_Inc\",\"https:\\\/\\\/www.youtube.com\\\/c\\\/Nimonik_Compliance\",\"https:\\\/\\\/www.linkedin.com\\\/company\\\/nimonik\\\/\"]}]}<\/script>\n<!-- \/ Yoast SEO plugin. -->","yoast_head_json":{"title":"Webinaire NimonikApp: Veille r\u00e9glementaire, chatbot et mises \u00e0 jour r\u00e9centes | Nimonik","description":"Webinaire NimonikApp: Veille r\u00e9glementaire, chatbot et mises \u00e0 jour r\u00e9centes D\u00e9tails Mardi 21 octobre10h30 \u00e0 11h15 (Montr\u00e9al)\/16h30 \u00e0 17h15 (Paris)","robots":{"index":"index","follow":"follow","max-snippet":"max-snippet:-1","max-image-preview":"max-image-preview:large","max-video-preview":"max-video-preview:-1"},"canonical":"https:\/\/nimonik.com\/fr\/webinaire-nimonikapp-veille-reglementaire-chatbot-et-mises-a-jour-recentes\/","og_locale":"fr_FR","og_type":"article","og_title":"Webinaire NimonikApp: Veille r\u00e9glementaire, chatbot et mises \u00e0 jour r\u00e9centes | Nimonik","og_description":"Webinaire NimonikApp: Veille r\u00e9glementaire, chatbot et mises \u00e0 jour r\u00e9centes D\u00e9tails Mardi 21 octobre10h30 \u00e0 11h15 (Montr\u00e9al)\/16h30 \u00e0 17h15 (Paris)","og_url":"https:\/\/nimonik.com\/fr\/webinaire-nimonikapp-veille-reglementaire-chatbot-et-mises-a-jour-recentes\/","og_site_name":"Nimonik","article_publisher":"https:\/\/www.facebook.com\/NimonikInc","article_modified_time":"2025-10-08T22:09:22+00:00","og_image":[{"width":2560,"height":1707,"url":"https:\/\/nimonik.com\/wp-content\/uploads\/ABavois-scaled.jpg","type":"image\/jpeg"}],"twitter_card":"summary_large_image","twitter_site":"@Nimonik_Inc","twitter_misc":{"Dur\u00e9e de lecture estim\u00e9e":"2 minutes"},"schema":{"@context":"https:\/\/schema.org","@graph":[{"@type":"WebPage","@id":"https:\/\/nimonik.com\/fr\/webinaire-nimonikapp-veille-reglementaire-chatbot-et-mises-a-jour-recentes\/","url":"https:\/\/nimonik.com\/fr\/webinaire-nimonikapp-veille-reglementaire-chatbot-et-mises-a-jour-recentes\/","name":"Webinaire NimonikApp: Veille r\u00e9glementaire, chatbot et mises \u00e0 jour r\u00e9centes | Nimonik","isPartOf":{"@id":"https:\/\/nimonik.com\/fr\/#website"},"primaryImageOfPage":{"@id":"https:\/\/nimonik.com\/fr\/webinaire-nimonikapp-veille-reglementaire-chatbot-et-mises-a-jour-recentes\/#primaryimage"},"image":{"@id":"https:\/\/nimonik.com\/fr\/webinaire-nimonikapp-veille-reglementaire-chatbot-et-mises-a-jour-recentes\/#primaryimage"},"thumbnailUrl":"https:\/\/nimonik.com\/wp-content\/uploads\/ABavois-scaled.jpg","datePublished":"2025-10-08T22:09:16+00:00","dateModified":"2025-10-08T22:09:22+00:00","description":"Webinaire NimonikApp: Veille r\u00e9glementaire, chatbot et mises \u00e0 jour r\u00e9centes D\u00e9tails Mardi 21 octobre10h30 \u00e0 11h15 (Montr\u00e9al)\/16h30 \u00e0 17h15 (Paris)","breadcrumb":{"@id":"https:\/\/nimonik.com\/fr\/webinaire-nimonikapp-veille-reglementaire-chatbot-et-mises-a-jour-recentes\/#breadcrumb"},"inLanguage":"fr-FR","potentialAction":[{"@type":"ReadAction","target":["https:\/\/nimonik.com\/fr\/webinaire-nimonikapp-veille-reglementaire-chatbot-et-mises-a-jour-recentes\/"]}]},{"@type":"ImageObject","inLanguage":"fr-FR","@id":"https:\/\/nimonik.com\/fr\/webinaire-nimonikapp-veille-reglementaire-chatbot-et-mises-a-jour-recentes\/#primaryimage","url":"https:\/\/nimonik.com\/wp-content\/uploads\/ABavois-scaled.jpg","contentUrl":"https:\/\/nimonik.com\/wp-content\/uploads\/ABavois-scaled.jpg"},{"@type":"BreadcrumbList","@id":"https:\/\/nimonik.com\/fr\/webinaire-nimonikapp-veille-reglementaire-chatbot-et-mises-a-jour-recentes\/#breadcrumb","itemListElement":[{"@type":"ListItem","position":1,"name":"Accueil","item":"https:\/\/nimonik.com\/fr\/"},{"@type":"ListItem","position":2,"name":"Webinaire NimonikApp: Veille r\u00e9glementaire, chatbot et mises \u00e0 jour r\u00e9centes"}]},{"@type":"WebSite","@id":"https:\/\/nimonik.com\/fr\/#website","url":"https:\/\/nimonik.com\/fr\/","name":"Nimonik Inc.","description":"Compliance Management System and Audit Software EHS EHSQ ESG","publisher":{"@id":"https:\/\/nimonik.com\/fr\/#organization"},"alternateName":"Nimonik","potentialAction":[{"@type":"SearchAction","target":{"@type":"EntryPoint","urlTemplate":"https:\/\/nimonik.com\/fr\/?s={search_term_string}"},"query-input":{"@type":"PropertyValueSpecification","valueRequired":true,"valueName":"search_term_string"}}],"inLanguage":"fr-FR"},{"@type":"Organization","@id":"https:\/\/nimonik.com\/fr\/#organization","name":"Nimonik","alternateName":"Nimonik inc.","url":"https:\/\/nimonik.com\/fr\/","logo":{"@type":"ImageObject","inLanguage":"fr-FR","@id":"https:\/\/nimonik.com\/fr\/#\/schema\/logo\/image\/","url":"https:\/\/nimonik.com\/wp-content\/uploads\/Nimonik-Logo-Christmas.png","contentUrl":"https:\/\/nimonik.com\/wp-content\/uploads\/Nimonik-Logo-Christmas.png","width":591,"height":198,"caption":"Nimonik"},"image":{"@id":"https:\/\/nimonik.com\/fr\/#\/schema\/logo\/image\/"},"sameAs":["https:\/\/www.facebook.com\/NimonikInc","https:\/\/x.com\/Nimonik_Inc","https:\/\/www.youtube.com\/c\/Nimonik_Compliance","https:\/\/www.linkedin.com\/company\/nimonik\/"]}]}},"_links":{"self":[{"href":"https:\/\/nimonik.com\/fr\/wp-json\/wp\/v2\/pages\/58426","targetHints":{"allow":["GET"]}}],"collection":[{"href":"https:\/\/nimonik.com\/fr\/wp-json\/wp\/v2\/pages"}],"about":[{"href":"https:\/\/nimonik.com\/fr\/wp-json\/wp\/v2\/types\/page"}],"author":[{"embeddable":true,"href":"https:\/\/nimonik.com\/fr\/wp-json\/wp\/v2\/users\/86"}],"replies":[{"embeddable":true,"href":"https:\/\/nimonik.com\/fr\/wp-json\/wp\/v2\/comments?post=58426"}],"version-history":[{"count":1,"href":"https:\/\/nimonik.com\/fr\/wp-json\/wp\/v2\/pages\/58426\/revisions"}],"predecessor-version":[{"id":58427,"href":"https:\/\/nimonik.com\/fr\/wp-json\/wp\/v2\/pages\/58426\/revisions\/58427"}],"wp:attachment":[{"href":"https:\/\/nimonik.com\/fr\/wp-json\/wp\/v2\/media?parent=58426"}],"curies":[{"name":"wp","href":"https:\/\/api.w.org\/{rel}","templated":true}]}}