{"id":58330,"date":"2025-10-01T13:22:56","date_gmt":"2025-10-01T18:22:56","guid":{"rendered":"https:\/\/nimonik.com\/?page_id=58330"},"modified":"2026-02-03T11:18:59","modified_gmt":"2026-02-03T16:18:59","slug":"livres-blancs","status":"publish","type":"page","link":"https:\/\/nimonik.com\/fr\/livres-blancs\/","title":{"rendered":"Livres blancs"},"content":{"rendered":"<div class=\"gb-container gb-container-3ebf944a\"><div class=\"gb-inside-container\">\n<div class=\"gb-grid-wrapper gb-grid-wrapper-0b65ff28\">\n<div class=\"gb-grid-column gb-grid-column-e3caf97f\"><div class=\"gb-container gb-container-e3caf97f\"><div class=\"gb-inside-container\">\n\n<h1 class=\"gb-headline gb-headline-3f2906de gb-headline-text\">Livres blancs<\/h1>\n\n<\/div><\/div><\/div>\n<\/div>\n<\/div><div class=\"gb-shapes\"><div class=\"gb-shape gb-shape-1\"><svg xmlns=\"http:\/\/www.w3.org\/2000\/svg\" viewBox=\"0 0 1200 360\" preserveAspectRatio=\"none\"><path d=\"M1200 360H0V0l1200 348z\"\/><\/svg><\/div><\/div><\/div>\n\n<div class=\"gb-container gb-container-34bc0d13\"><div class=\"gb-inside-container\">\n\n<div style=\"height:39px\" aria-hidden=\"true\" class=\"wp-block-spacer\"><\/div>\n\n\n\n<h2 class=\"wp-block-heading has-2751-a-3-color has-text-color\"><a href=\"https:\/\/nimonik.com\/fr\/livres-blancs\/guide-pour-lachat-de-normes-industrielles\/\">Guide complet pour l\u2019achat de normes industrielles<\/a><\/h2>\n\n\n\n<p>Ce guide pr\u00e9sente certaines des consid\u00e9rations que vous souhaiterez peut-\u00eatre prendre en compte lors de l\u2019achat de normes aupr\u00e8s d\u2019organisations de d\u00e9veloppement de normes ou de revendeurs tels que Nimonik.<\/p>\n\n\n\n<a class=\"gb-button gb-button-219dc115 gb-button-text\" href=\"https:\/\/nimonik.com\/fr\/livres-blancs\/guide-pour-lachat-de-normes-industrielles\/\"><strong>ACC\u00c9DER<\/strong><\/a>\n\n\n\n<hr class=\"wp-block-separator has-text-color has-base-color has-alpha-channel-opacity has-base-background-color has-background\"\/>\n\n\n\n<h2 class=\"wp-block-heading\"><strong><a href=\"https:\/\/nimonik.com\/wp-content\/uploads\/Regulatory-Compliance_One-Pager_FR.pdf\">Aper\u00e7u du logiciel de conformit\u00e9 r\u00e9glementaire<\/a><\/strong><\/h2>\n\n\n\n<p>D\u00e9couvrez les principales fonctionnalit\u00e9s de la plateforme de gestion de la conformit\u00e9 r\u00e9glementaire Nimonik, r\u00e9sum\u00e9es en une seule page pour faciliter le partage avec les autres membres de votre \u00e9quipe.<\/p>\n\n\n\n<a class=\"gb-button gb-button-c786f00b gb-button-text\" href=\"https:\/\/nimonik.com\/wp-content\/uploads\/Regulatory-Compliance_One-Pager_FR.pdf\"><strong>ACC\u00c9DER<\/strong><\/a>\n\n\n\n<hr class=\"wp-block-separator has-text-color has-base-color has-alpha-channel-opacity has-base-background-color has-background\"\/>\n\n<\/div><\/div>\n\n\n<p><\/p>\n","protected":false},"excerpt":{"rendered":"<p>Guide complet pour l\u2019achat de normes industrielles Ce guide pr\u00e9sente certaines des consid\u00e9rations que vous souhaiterez peut-\u00eatre prendre en compte lors de l\u2019achat de normes aupr\u00e8s d\u2019organisations de d\u00e9veloppement de normes ou de revendeurs tels que Nimonik. Aper\u00e7u du logiciel de conformit\u00e9 r\u00e9glementaire D\u00e9couvrez les principales fonctionnalit\u00e9s de la plateforme de gestion de la conformit\u00e9 &#8230; <a title=\"Livres blancs\" class=\"read-more\" href=\"https:\/\/nimonik.com\/fr\/livres-blancs\/\" aria-label=\"En savoir plus sur Livres blancs\">Lire plus<\/a><\/p>\n","protected":false},"author":86,"featured_media":0,"parent":0,"menu_order":0,"comment_status":"closed","ping_status":"closed","template":"","meta":{"_acf_changed":false,"footnotes":""},"class_list":{"0":"post-58330","1":"page","2":"type-page","3":"status-publish","5":"no-featured-image-padding"},"acf":[],"yoast_head":"<!-- This site is optimized with the Yoast SEO plugin v27.2 - https:\/\/yoast.com\/product\/yoast-seo-wordpress\/ -->\n<title>Livres blancs | Nimonik<\/title>\n<meta name=\"description\" content=\"Livres blancs Guide complet pour l\u2019achat de normes industrielles Ce guide pr\u00e9sente certaines des consid\u00e9rations que vous souhaiterez peut-\u00eatre prendre en\" \/>\n<meta name=\"robots\" content=\"index, follow, max-snippet:-1, max-image-preview:large, max-video-preview:-1\" \/>\n<link rel=\"canonical\" href=\"https:\/\/nimonik.com\/fr\/livres-blancs\/\" \/>\n<meta property=\"og:locale\" content=\"fr_FR\" \/>\n<meta property=\"og:type\" content=\"article\" \/>\n<meta property=\"og:title\" content=\"Livres blancs | Nimonik\" \/>\n<meta property=\"og:description\" content=\"Livres blancs Guide complet pour l\u2019achat de normes industrielles Ce guide pr\u00e9sente certaines des consid\u00e9rations que vous souhaiterez peut-\u00eatre prendre en\" \/>\n<meta property=\"og:url\" content=\"https:\/\/nimonik.com\/fr\/livres-blancs\/\" \/>\n<meta property=\"og:site_name\" content=\"Nimonik\" \/>\n<meta property=\"article:publisher\" content=\"https:\/\/www.facebook.com\/NimonikInc\" \/>\n<meta property=\"article:modified_time\" content=\"2026-02-03T16:18:59+00:00\" \/>\n<meta name=\"twitter:card\" content=\"summary_large_image\" \/>\n<meta name=\"twitter:site\" content=\"@Nimonik_Inc\" \/>\n<meta name=\"twitter:label1\" content=\"Dur\u00e9e de lecture estim\u00e9e\" \/>\n\t<meta name=\"twitter:data1\" content=\"1 minute\" \/>\n<script type=\"application\/ld+json\" class=\"yoast-schema-graph\">{\"@context\":\"https:\/\/schema.org\",\"@graph\":[{\"@type\":\"WebPage\",\"@id\":\"https:\/\/nimonik.com\/fr\/livres-blancs\/\",\"url\":\"https:\/\/nimonik.com\/fr\/livres-blancs\/\",\"name\":\"Livres blancs | Nimonik\",\"isPartOf\":{\"@id\":\"https:\/\/nimonik.com\/fr\/#website\"},\"datePublished\":\"2025-10-01T18:22:56+00:00\",\"dateModified\":\"2026-02-03T16:18:59+00:00\",\"description\":\"Livres blancs Guide complet pour l\u2019achat de normes industrielles Ce guide pr\u00e9sente certaines des consid\u00e9rations que vous souhaiterez peut-\u00eatre prendre en\",\"breadcrumb\":{\"@id\":\"https:\/\/nimonik.com\/fr\/livres-blancs\/#breadcrumb\"},\"inLanguage\":\"fr-FR\",\"potentialAction\":[{\"@type\":\"ReadAction\",\"target\":[\"https:\/\/nimonik.com\/fr\/livres-blancs\/\"]}]},{\"@type\":\"BreadcrumbList\",\"@id\":\"https:\/\/nimonik.com\/fr\/livres-blancs\/#breadcrumb\",\"itemListElement\":[{\"@type\":\"ListItem\",\"position\":1,\"name\":\"Accueil\",\"item\":\"https:\/\/nimonik.com\/fr\/\"},{\"@type\":\"ListItem\",\"position\":2,\"name\":\"Livres blancs\"}]},{\"@type\":\"WebSite\",\"@id\":\"https:\/\/nimonik.com\/fr\/#website\",\"url\":\"https:\/\/nimonik.com\/fr\/\",\"name\":\"Nimonik Inc.\",\"description\":\"Compliance Management System and Audit Software EHS EHSQ ESG\",\"publisher\":{\"@id\":\"https:\/\/nimonik.com\/fr\/#organization\"},\"alternateName\":\"Nimonik\",\"potentialAction\":[{\"@type\":\"SearchAction\",\"target\":{\"@type\":\"EntryPoint\",\"urlTemplate\":\"https:\/\/nimonik.com\/fr\/?s={search_term_string}\"},\"query-input\":{\"@type\":\"PropertyValueSpecification\",\"valueRequired\":true,\"valueName\":\"search_term_string\"}}],\"inLanguage\":\"fr-FR\"},{\"@type\":\"Organization\",\"@id\":\"https:\/\/nimonik.com\/fr\/#organization\",\"name\":\"Nimonik\",\"alternateName\":\"Nimonik inc.\",\"url\":\"https:\/\/nimonik.com\/fr\/\",\"logo\":{\"@type\":\"ImageObject\",\"inLanguage\":\"fr-FR\",\"@id\":\"https:\/\/nimonik.com\/fr\/#\/schema\/logo\/image\/\",\"url\":\"https:\/\/nimonik.com\/wp-content\/uploads\/Nimonik-Logo-Christmas.png\",\"contentUrl\":\"https:\/\/nimonik.com\/wp-content\/uploads\/Nimonik-Logo-Christmas.png\",\"width\":591,\"height\":198,\"caption\":\"Nimonik\"},\"image\":{\"@id\":\"https:\/\/nimonik.com\/fr\/#\/schema\/logo\/image\/\"},\"sameAs\":[\"https:\/\/www.facebook.com\/NimonikInc\",\"https:\/\/x.com\/Nimonik_Inc\",\"https:\/\/www.youtube.com\/c\/Nimonik_Compliance\",\"https:\/\/www.linkedin.com\/company\/nimonik\/\"]}]}<\/script>\n<!-- \/ Yoast SEO plugin. -->","yoast_head_json":{"title":"Livres blancs | Nimonik","description":"Livres blancs Guide complet pour l\u2019achat de normes industrielles Ce guide pr\u00e9sente certaines des consid\u00e9rations que vous souhaiterez peut-\u00eatre prendre en","robots":{"index":"index","follow":"follow","max-snippet":"max-snippet:-1","max-image-preview":"max-image-preview:large","max-video-preview":"max-video-preview:-1"},"canonical":"https:\/\/nimonik.com\/fr\/livres-blancs\/","og_locale":"fr_FR","og_type":"article","og_title":"Livres blancs | Nimonik","og_description":"Livres blancs Guide complet pour l\u2019achat de normes industrielles Ce guide pr\u00e9sente certaines des consid\u00e9rations que vous souhaiterez peut-\u00eatre prendre en","og_url":"https:\/\/nimonik.com\/fr\/livres-blancs\/","og_site_name":"Nimonik","article_publisher":"https:\/\/www.facebook.com\/NimonikInc","article_modified_time":"2026-02-03T16:18:59+00:00","twitter_card":"summary_large_image","twitter_site":"@Nimonik_Inc","twitter_misc":{"Dur\u00e9e de lecture estim\u00e9e":"1 minute"},"schema":{"@context":"https:\/\/schema.org","@graph":[{"@type":"WebPage","@id":"https:\/\/nimonik.com\/fr\/livres-blancs\/","url":"https:\/\/nimonik.com\/fr\/livres-blancs\/","name":"Livres blancs | Nimonik","isPartOf":{"@id":"https:\/\/nimonik.com\/fr\/#website"},"datePublished":"2025-10-01T18:22:56+00:00","dateModified":"2026-02-03T16:18:59+00:00","description":"Livres blancs Guide complet pour l\u2019achat de normes industrielles Ce guide pr\u00e9sente certaines des consid\u00e9rations que vous souhaiterez peut-\u00eatre prendre en","breadcrumb":{"@id":"https:\/\/nimonik.com\/fr\/livres-blancs\/#breadcrumb"},"inLanguage":"fr-FR","potentialAction":[{"@type":"ReadAction","target":["https:\/\/nimonik.com\/fr\/livres-blancs\/"]}]},{"@type":"BreadcrumbList","@id":"https:\/\/nimonik.com\/fr\/livres-blancs\/#breadcrumb","itemListElement":[{"@type":"ListItem","position":1,"name":"Accueil","item":"https:\/\/nimonik.com\/fr\/"},{"@type":"ListItem","position":2,"name":"Livres blancs"}]},{"@type":"WebSite","@id":"https:\/\/nimonik.com\/fr\/#website","url":"https:\/\/nimonik.com\/fr\/","name":"Nimonik Inc.","description":"Compliance Management System and Audit Software EHS EHSQ ESG","publisher":{"@id":"https:\/\/nimonik.com\/fr\/#organization"},"alternateName":"Nimonik","potentialAction":[{"@type":"SearchAction","target":{"@type":"EntryPoint","urlTemplate":"https:\/\/nimonik.com\/fr\/?s={search_term_string}"},"query-input":{"@type":"PropertyValueSpecification","valueRequired":true,"valueName":"search_term_string"}}],"inLanguage":"fr-FR"},{"@type":"Organization","@id":"https:\/\/nimonik.com\/fr\/#organization","name":"Nimonik","alternateName":"Nimonik inc.","url":"https:\/\/nimonik.com\/fr\/","logo":{"@type":"ImageObject","inLanguage":"fr-FR","@id":"https:\/\/nimonik.com\/fr\/#\/schema\/logo\/image\/","url":"https:\/\/nimonik.com\/wp-content\/uploads\/Nimonik-Logo-Christmas.png","contentUrl":"https:\/\/nimonik.com\/wp-content\/uploads\/Nimonik-Logo-Christmas.png","width":591,"height":198,"caption":"Nimonik"},"image":{"@id":"https:\/\/nimonik.com\/fr\/#\/schema\/logo\/image\/"},"sameAs":["https:\/\/www.facebook.com\/NimonikInc","https:\/\/x.com\/Nimonik_Inc","https:\/\/www.youtube.com\/c\/Nimonik_Compliance","https:\/\/www.linkedin.com\/company\/nimonik\/"]}]}},"_links":{"self":[{"href":"https:\/\/nimonik.com\/fr\/wp-json\/wp\/v2\/pages\/58330","targetHints":{"allow":["GET"]}}],"collection":[{"href":"https:\/\/nimonik.com\/fr\/wp-json\/wp\/v2\/pages"}],"about":[{"href":"https:\/\/nimonik.com\/fr\/wp-json\/wp\/v2\/types\/page"}],"author":[{"embeddable":true,"href":"https:\/\/nimonik.com\/fr\/wp-json\/wp\/v2\/users\/86"}],"replies":[{"embeddable":true,"href":"https:\/\/nimonik.com\/fr\/wp-json\/wp\/v2\/comments?post=58330"}],"version-history":[{"count":8,"href":"https:\/\/nimonik.com\/fr\/wp-json\/wp\/v2\/pages\/58330\/revisions"}],"predecessor-version":[{"id":59524,"href":"https:\/\/nimonik.com\/fr\/wp-json\/wp\/v2\/pages\/58330\/revisions\/59524"}],"wp:attachment":[{"href":"https:\/\/nimonik.com\/fr\/wp-json\/wp\/v2\/media?parent=58330"}],"curies":[{"name":"wp","href":"https:\/\/api.w.org\/{rel}","templated":true}]}}