{"id":58245,"date":"2025-10-01T15:38:47","date_gmt":"2025-10-01T20:38:47","guid":{"rendered":"https:\/\/nimonik.com\/?page_id=58245"},"modified":"2025-10-31T12:49:48","modified_gmt":"2025-10-31T17:49:48","slug":"webinars","status":"publish","type":"page","link":"https:\/\/nimonik.com\/fr\/webinars\/","title":{"rendered":"Webinaires"},"content":{"rendered":"<div class=\"gb-container gb-container-3ebf944a\"><div class=\"gb-inside-container\">\n<div class=\"gb-grid-wrapper gb-grid-wrapper-0b65ff28\">\n<div class=\"gb-grid-column gb-grid-column-e3caf97f\"><div class=\"gb-container gb-container-e3caf97f\"><div class=\"gb-inside-container\">\n\n<h1 class=\"gb-headline gb-headline-3f2906de gb-headline-text\">Webinaires<\/h1>\n\n<\/div><\/div><\/div>\n<\/div>\n<\/div><div class=\"gb-shapes\"><div class=\"gb-shape gb-shape-1\"><svg xmlns=\"http:\/\/www.w3.org\/2000\/svg\" viewBox=\"0 0 1200 360\" preserveAspectRatio=\"none\"><path d=\"M1200 360H0V0l1200 348z\"\/><\/svg><\/div><\/div><\/div>\n\n<div class=\"gb-container gb-container-34bc0d13\"><div class=\"gb-inside-container\">\n\n<h3 class=\"wp-block-heading\">Webinaires \u00e0 venir<\/h3>\n\n\n<div class=\"gb-container gb-container-0853e948\">\n\n<ul class=\"wp-block-list\">\n<li>\u00c0 suivre !<\/li>\n<\/ul>\n\n<\/div>\n\n\n<h3 class=\"wp-block-heading\"><strong style=\"color: #000000; font-size: inherit; background-color: var(--base-3);\">Enregistrements complets de webinaires<\/strong><\/h3>\n\n\n\n<ul class=\"wp-block-list\">\n<li><a href=\"https:\/\/nimonik.com\/webinaire-nimonikapp-abonnements-aux-normes-industrielles\/\">Webinaire NimonikApp: Abonnements aux normes industrielles<\/a> \u2014 28 oct., 2025<\/li>\n\n\n\n<li><a href=\"https:\/\/nimonik.com\/fr\/webinaire-nimonikapp-veille-reglementaire-chatbot-et-mises-a-jour-recentes\/\">Webinaire NimonikApp: Veille r\u00e9glementaire, chatbot et mises \u00e0 jour r\u00e9centes<\/a> \u2014 21 oct., 2025<\/li>\n\n\n\n<li><a href=\"https:\/\/nimonik.com\/webinaire-guide-dachat-des-normes-industrielles\/\">Guide d&rsquo;achat des normes industrielles<\/a> \u2014 09 sept., 2025<\/li>\n<\/ul>\n\n<\/div><\/div>","protected":false},"excerpt":{"rendered":"<p>Webinaires \u00e0 venir Enregistrements complets de webinaires<\/p>\n","protected":false},"author":86,"featured_media":0,"parent":0,"menu_order":0,"comment_status":"closed","ping_status":"closed","template":"","meta":{"_acf_changed":false,"footnotes":""},"class_list":{"0":"post-58245","1":"page","2":"type-page","3":"status-publish","5":"no-featured-image-padding"},"acf":[],"yoast_head":"<!-- This site is optimized with the Yoast SEO plugin v27.2 - https:\/\/yoast.com\/product\/yoast-seo-wordpress\/ -->\n<title>Webinaires<\/title>\n<meta name=\"description\" content=\"Explorez les webinaires anim\u00e9s par des experts de Nimonik sur la conformit\u00e9 r\u00e9glementaire et les normes industrielles. Regardez-les \u00e0 votre convenance ou inscrivez-vous aux prochaines sessions pour rester inform\u00e9.\" \/>\n<meta name=\"robots\" content=\"index, follow, max-snippet:-1, max-image-preview:large, max-video-preview:-1\" \/>\n<link rel=\"canonical\" href=\"https:\/\/nimonik.com\/fr\/webinars\/\" \/>\n<meta property=\"og:locale\" content=\"fr_FR\" \/>\n<meta property=\"og:type\" content=\"article\" \/>\n<meta property=\"og:title\" content=\"Webinaires\" \/>\n<meta property=\"og:description\" content=\"Explorez les webinaires anim\u00e9s par des experts de Nimonik sur la conformit\u00e9 r\u00e9glementaire et les normes industrielles. Regardez-les \u00e0 votre convenance ou inscrivez-vous aux prochaines sessions pour rester inform\u00e9.\" \/>\n<meta property=\"og:url\" content=\"https:\/\/nimonik.com\/fr\/webinars\/\" \/>\n<meta property=\"og:site_name\" content=\"Nimonik\" \/>\n<meta property=\"article:publisher\" content=\"https:\/\/www.facebook.com\/NimonikInc\" \/>\n<meta property=\"article:modified_time\" content=\"2025-10-31T17:49:48+00:00\" \/>\n<meta name=\"twitter:card\" content=\"summary_large_image\" \/>\n<meta name=\"twitter:site\" content=\"@Nimonik_Inc\" \/>\n<meta name=\"twitter:label1\" content=\"Dur\u00e9e de lecture estim\u00e9e\" \/>\n\t<meta name=\"twitter:data1\" content=\"1 minute\" \/>\n<script type=\"application\/ld+json\" class=\"yoast-schema-graph\">{\"@context\":\"https:\/\/schema.org\",\"@graph\":[{\"@type\":\"WebPage\",\"@id\":\"https:\/\/nimonik.com\/fr\/webinars\/\",\"url\":\"https:\/\/nimonik.com\/fr\/webinars\/\",\"name\":\"Webinaires\",\"isPartOf\":{\"@id\":\"https:\/\/nimonik.com\/fr\/#website\"},\"datePublished\":\"2025-10-01T20:38:47+00:00\",\"dateModified\":\"2025-10-31T17:49:48+00:00\",\"description\":\"Explorez les webinaires anim\u00e9s par des experts de Nimonik sur la conformit\u00e9 r\u00e9glementaire et les normes industrielles. Regardez-les \u00e0 votre convenance ou inscrivez-vous aux prochaines sessions pour rester inform\u00e9.\",\"breadcrumb\":{\"@id\":\"https:\/\/nimonik.com\/fr\/webinars\/#breadcrumb\"},\"inLanguage\":\"fr-FR\",\"potentialAction\":[{\"@type\":\"ReadAction\",\"target\":[\"https:\/\/nimonik.com\/fr\/webinars\/\"]}]},{\"@type\":\"BreadcrumbList\",\"@id\":\"https:\/\/nimonik.com\/fr\/webinars\/#breadcrumb\",\"itemListElement\":[{\"@type\":\"ListItem\",\"position\":1,\"name\":\"Accueil\",\"item\":\"https:\/\/nimonik.com\/fr\/\"},{\"@type\":\"ListItem\",\"position\":2,\"name\":\"Webinaires\"}]},{\"@type\":\"WebSite\",\"@id\":\"https:\/\/nimonik.com\/fr\/#website\",\"url\":\"https:\/\/nimonik.com\/fr\/\",\"name\":\"Nimonik Inc.\",\"description\":\"Compliance Management System and Audit Software EHS EHSQ ESG\",\"publisher\":{\"@id\":\"https:\/\/nimonik.com\/fr\/#organization\"},\"alternateName\":\"Nimonik\",\"potentialAction\":[{\"@type\":\"SearchAction\",\"target\":{\"@type\":\"EntryPoint\",\"urlTemplate\":\"https:\/\/nimonik.com\/fr\/?s={search_term_string}\"},\"query-input\":{\"@type\":\"PropertyValueSpecification\",\"valueRequired\":true,\"valueName\":\"search_term_string\"}}],\"inLanguage\":\"fr-FR\"},{\"@type\":\"Organization\",\"@id\":\"https:\/\/nimonik.com\/fr\/#organization\",\"name\":\"Nimonik\",\"alternateName\":\"Nimonik inc.\",\"url\":\"https:\/\/nimonik.com\/fr\/\",\"logo\":{\"@type\":\"ImageObject\",\"inLanguage\":\"fr-FR\",\"@id\":\"https:\/\/nimonik.com\/fr\/#\/schema\/logo\/image\/\",\"url\":\"https:\/\/nimonik.com\/wp-content\/uploads\/Nimonik-Logo-Christmas.png\",\"contentUrl\":\"https:\/\/nimonik.com\/wp-content\/uploads\/Nimonik-Logo-Christmas.png\",\"width\":591,\"height\":198,\"caption\":\"Nimonik\"},\"image\":{\"@id\":\"https:\/\/nimonik.com\/fr\/#\/schema\/logo\/image\/\"},\"sameAs\":[\"https:\/\/www.facebook.com\/NimonikInc\",\"https:\/\/x.com\/Nimonik_Inc\",\"https:\/\/www.youtube.com\/c\/Nimonik_Compliance\",\"https:\/\/www.linkedin.com\/company\/nimonik\/\"]}]}<\/script>\n<!-- \/ Yoast SEO plugin. -->","yoast_head_json":{"title":"Webinaires","description":"Explorez les webinaires anim\u00e9s par des experts de Nimonik sur la conformit\u00e9 r\u00e9glementaire et les normes industrielles. Regardez-les \u00e0 votre convenance ou inscrivez-vous aux prochaines sessions pour rester inform\u00e9.","robots":{"index":"index","follow":"follow","max-snippet":"max-snippet:-1","max-image-preview":"max-image-preview:large","max-video-preview":"max-video-preview:-1"},"canonical":"https:\/\/nimonik.com\/fr\/webinars\/","og_locale":"fr_FR","og_type":"article","og_title":"Webinaires","og_description":"Explorez les webinaires anim\u00e9s par des experts de Nimonik sur la conformit\u00e9 r\u00e9glementaire et les normes industrielles. Regardez-les \u00e0 votre convenance ou inscrivez-vous aux prochaines sessions pour rester inform\u00e9.","og_url":"https:\/\/nimonik.com\/fr\/webinars\/","og_site_name":"Nimonik","article_publisher":"https:\/\/www.facebook.com\/NimonikInc","article_modified_time":"2025-10-31T17:49:48+00:00","twitter_card":"summary_large_image","twitter_site":"@Nimonik_Inc","twitter_misc":{"Dur\u00e9e de lecture estim\u00e9e":"1 minute"},"schema":{"@context":"https:\/\/schema.org","@graph":[{"@type":"WebPage","@id":"https:\/\/nimonik.com\/fr\/webinars\/","url":"https:\/\/nimonik.com\/fr\/webinars\/","name":"Webinaires","isPartOf":{"@id":"https:\/\/nimonik.com\/fr\/#website"},"datePublished":"2025-10-01T20:38:47+00:00","dateModified":"2025-10-31T17:49:48+00:00","description":"Explorez les webinaires anim\u00e9s par des experts de Nimonik sur la conformit\u00e9 r\u00e9glementaire et les normes industrielles. Regardez-les \u00e0 votre convenance ou inscrivez-vous aux prochaines sessions pour rester inform\u00e9.","breadcrumb":{"@id":"https:\/\/nimonik.com\/fr\/webinars\/#breadcrumb"},"inLanguage":"fr-FR","potentialAction":[{"@type":"ReadAction","target":["https:\/\/nimonik.com\/fr\/webinars\/"]}]},{"@type":"BreadcrumbList","@id":"https:\/\/nimonik.com\/fr\/webinars\/#breadcrumb","itemListElement":[{"@type":"ListItem","position":1,"name":"Accueil","item":"https:\/\/nimonik.com\/fr\/"},{"@type":"ListItem","position":2,"name":"Webinaires"}]},{"@type":"WebSite","@id":"https:\/\/nimonik.com\/fr\/#website","url":"https:\/\/nimonik.com\/fr\/","name":"Nimonik Inc.","description":"Compliance Management System and Audit Software EHS EHSQ ESG","publisher":{"@id":"https:\/\/nimonik.com\/fr\/#organization"},"alternateName":"Nimonik","potentialAction":[{"@type":"SearchAction","target":{"@type":"EntryPoint","urlTemplate":"https:\/\/nimonik.com\/fr\/?s={search_term_string}"},"query-input":{"@type":"PropertyValueSpecification","valueRequired":true,"valueName":"search_term_string"}}],"inLanguage":"fr-FR"},{"@type":"Organization","@id":"https:\/\/nimonik.com\/fr\/#organization","name":"Nimonik","alternateName":"Nimonik inc.","url":"https:\/\/nimonik.com\/fr\/","logo":{"@type":"ImageObject","inLanguage":"fr-FR","@id":"https:\/\/nimonik.com\/fr\/#\/schema\/logo\/image\/","url":"https:\/\/nimonik.com\/wp-content\/uploads\/Nimonik-Logo-Christmas.png","contentUrl":"https:\/\/nimonik.com\/wp-content\/uploads\/Nimonik-Logo-Christmas.png","width":591,"height":198,"caption":"Nimonik"},"image":{"@id":"https:\/\/nimonik.com\/fr\/#\/schema\/logo\/image\/"},"sameAs":["https:\/\/www.facebook.com\/NimonikInc","https:\/\/x.com\/Nimonik_Inc","https:\/\/www.youtube.com\/c\/Nimonik_Compliance","https:\/\/www.linkedin.com\/company\/nimonik\/"]}]}},"_links":{"self":[{"href":"https:\/\/nimonik.com\/fr\/wp-json\/wp\/v2\/pages\/58245","targetHints":{"allow":["GET"]}}],"collection":[{"href":"https:\/\/nimonik.com\/fr\/wp-json\/wp\/v2\/pages"}],"about":[{"href":"https:\/\/nimonik.com\/fr\/wp-json\/wp\/v2\/types\/page"}],"author":[{"embeddable":true,"href":"https:\/\/nimonik.com\/fr\/wp-json\/wp\/v2\/users\/86"}],"replies":[{"embeddable":true,"href":"https:\/\/nimonik.com\/fr\/wp-json\/wp\/v2\/comments?post=58245"}],"version-history":[{"count":9,"href":"https:\/\/nimonik.com\/fr\/wp-json\/wp\/v2\/pages\/58245\/revisions"}],"predecessor-version":[{"id":58698,"href":"https:\/\/nimonik.com\/fr\/wp-json\/wp\/v2\/pages\/58245\/revisions\/58698"}],"wp:attachment":[{"href":"https:\/\/nimonik.com\/fr\/wp-json\/wp\/v2\/media?parent=58245"}],"curies":[{"name":"wp","href":"https:\/\/api.w.org\/{rel}","templated":true}]}}