{"id":55138,"date":"2023-07-12T08:38:42","date_gmt":"2023-07-12T13:38:42","guid":{"rendered":"https:\/\/nimonik.com\/free-audit-checklists-for-oil-and-gas-industry\/"},"modified":"2025-01-29T11:32:20","modified_gmt":"2025-01-29T16:32:20","slug":"free-audit-checklists-for-oil-and-gas-industry","status":"publish","type":"page","link":"https:\/\/nimonik.com\/fr\/free-audit-checklists-for-oil-and-gas-industry\/","title":{"rendered":"Listes de contr\u00f4le d\u2019audit gratuites pour l\u2019industrie p\u00e9troli\u00e8re et gazi\u00e8re"},"content":{"rendered":"<div class=\"gb-container gb-container-3ebf944a\"><div class=\"gb-inside-container\">\n<div class=\"gb-grid-wrapper gb-grid-wrapper-0b65ff28\">\n<div class=\"gb-grid-column gb-grid-column-e3caf97f\"><div class=\"gb-container gb-container-e3caf97f\"><div class=\"gb-inside-container\">\n\n<h1 class=\"gb-headline gb-headline-3f2906de gb-headline-text\">Listes de contr\u00f4le d\u2019audit gratuites pour l\u2019industrie p\u00e9troli\u00e8re et gazi\u00e8re<\/h1>\n\n\n\n<div style=\"height:0px\" aria-hidden=\"true\" class=\"wp-block-spacer\"><\/div>\n\n<\/div><\/div><\/div>\n<\/div>\n<\/div><div class=\"gb-shapes\"><div class=\"gb-shape gb-shape-1\"><svg xmlns=\"http:\/\/www.w3.org\/2000\/svg\" viewBox=\"0 0 1200 360\" preserveAspectRatio=\"none\"><path d=\"M1200 360H0V0l1200 348z\"\/><\/svg><\/div><\/div><\/div>\n\n<div class=\"gb-container gb-container-34bc0d13 alignwide\"><div class=\"gb-inside-container\">\n<div class=\"gb-grid-wrapper gb-grid-wrapper-4af1892b\">\n<div class=\"gb-grid-column gb-grid-column-76c4b4ee\"><div class=\"gb-container gb-container-76c4b4ee\"><div class=\"gb-inside-container\">\n\n<div style=\"height:120px\" aria-hidden=\"true\" class=\"wp-block-spacer\"><\/div>\n\n\n\n<p>L\u2019industrie p\u00e9troli\u00e8re et gazi\u00e8re est essentielle \u00e0 l\u2019\u00e9conomie, mais elle pr\u00e9sente un profil op\u00e9rationnel \u00e0 haut risque et est donc fortement r\u00e9glement\u00e9e. Les activit\u00e9s en amont, en aval et interm\u00e9diaires sont constamment soumises \u00e0 une surveillance accrue en mati\u00e8re de conformit\u00e9, qu\u2019il s\u2019agisse d\u2019environnement, de cybers\u00e9curit\u00e9 ou de sant\u00e9 et s\u00e9curit\u00e9 au travail.<\/p>\n\n\n\n<p>Bien qu\u2019une liste de contr\u00f4le ou un programme d\u2019audit ne soit pas une solution magique, Nimonik est convaincu qu\u2019une liste de contr\u00f4le rigoureuse peut \u00eatre un outil efficace et puissant pour minimiser les risques et garantir la conformit\u00e9 r\u00e9glementaire. Avec une base de clients mondiaux comprenant plus de 25 entreprises p\u00e9troli\u00e8res et gazi\u00e8res prestigieuses, nous nous engageons \u00e0 organiser des \u00e9v\u00e9nements en direct et virtuels mettant en vedette des experts de l\u2019industrie. En 2023, nous avons organis\u00e9 un atelier de conformit\u00e9 pour le secteur p\u00e9trolier et gazier \u00e0 Calgary, AB. D\u00e9couvrez nos <a href=\"https:\/\/nimonik.com\/fr\/conferences\/\">conf\u00e9rences<\/a> et <a href=\"https:\/\/nimonik.com\/fr\/webinars\/\">webinaires<\/a>.<\/p>\n\n\n\n<p>Veuillez trouver une s\u00e9lection de listes de contr\u00f4le pour l\u2019industrie p\u00e9troli\u00e8re et gazi\u00e8re disponibles gratuitement sur la <a href=\"https:\/\/nimonikapp.com\/templates?_ga=2.130516815.1182428962.1737382479-389153205.1736175337\">plateforme d\u2019audit de conformit\u00e9 Nimonik<\/a>. Ces listes de contr\u00f4le peuvent \u00eatre utilis\u00e9es sur l\u2019application web ou mobile de Nimonik pour r\u00e9aliser des audits et g\u00e9n\u00e9rer des rapports instantan\u00e9s comprenant des graphiques, des photos, le logo de l\u2019entreprise et bien <a href=\"https:\/\/nimonik.com\/fr\/solutions\/logiciel-conformite-inspection\/\">plus encore<\/a>.<\/p>\n\n\n\n<ol class=\"wp-block-list\">\n<li><a href=\"https:\/\/nimonikapp.com\/public_templates\/226740-phmsa-underground-natural-gas-storage-rule-and-faqs-checklist\" target=\"_blank\" rel=\"noopener\" title=\"\">PHMSA Underground Natural Gas Storage &#8211; Rule and FAQs Checklist<\/a><\/li>\n\n\n\n<li><a href=\"https:\/\/nimonikapp.com\/public_templates\/232630-api-rp-54-checklist-oil-and-gas-well-drilling-and-servicing-operations-and-procedures-practice\" target=\"_blank\" rel=\"noopener\" title=\"\">API RP 54 Checklist &#8211; Oil and Gas Well Drilling and Servicing Operations and Procedures Practice<\/a><\/li>\n\n\n\n<li><a href=\"https:\/\/nimonikapp.com\/public_templates\/231377-api-rp-67-checklist-recommended-practice-for-oilfield-explosives-safety\" target=\"_blank\" rel=\"noopener\" title=\"\">API RP 67 Checklist &#8211; Recommended Practice for Oilfield Explosives Safety<\/a><\/li>\n\n\n\n<li><a href=\"https:\/\/nimonikapp.com\/public_templates\/231376-api-rp-74-checklist-recommended-practice-for-occupational-safety-for-onshore-oil-and-gas-production-operations\" target=\"_blank\" rel=\"noopener\" title=\"\">API RP 74 Checklist &#8211; Recommended Practice for Occupational Safety for Onshore Oil and Gas Production Operations<\/a><\/li>\n\n\n\n<li><a href=\"https:\/\/nimonikapp.com\/public_templates\/231375-api-rp-76-checklist-contractor-safety-management-for-oil-and-gas-drilling-and-production-operations\" target=\"_blank\" rel=\"noopener\" title=\"\"><\/a><a href=\"https:\/\/nimonikapp.com\/public_templates\/231375-api-rp-76-checklist-contractor-safety-management-for-oil-and-gas-drilling-and-production-operations\">API RP 76 Checklist &#8211; Contractor Safety Management for Oil and Gas Drilling and Production Operations<\/a><\/li>\n<\/ol>\n\n\n\n<p>ISi vous avez besoin d\u2019aide pour mettre en \u0153uvre un programme de conformit\u00e9 complet pour votre organisation, veuillez nous contacter \u00e0 <a href=\"mailto:info@nimonik.com\">info@nimonik.com<\/a> ou au <a href=\"tel:+18886087511\">1-888-608-7511<\/a>.<\/p>\n\n<\/div><\/div><\/div>\n\n<div class=\"gb-grid-column gb-grid-column-62facd2a\"><div class=\"gb-container gb-container-62facd2a bjm-height-auto\"><div class=\"gb-inside-container\">\n\n<h3 class=\"wp-block-heading\"><strong>Demander une d\u00e9mo<\/strong><\/h3>\n\n\n\n<div class=\"wpcf7 no-js\" id=\"wpcf7-f46584-o1\" lang=\"fr-FR\" dir=\"ltr\" data-wpcf7-id=\"46584\">\n<div class=\"screen-reader-response\"><p role=\"status\" aria-live=\"polite\" aria-atomic=\"true\"><\/p> <ul><\/ul><\/div>\n<form action=\"\/fr\/wp-json\/wp\/v2\/pages\/55138#wpcf7-f46584-o1\" method=\"post\" class=\"wpcf7-form init\" aria-label=\"Formulaire de contact\" novalidate=\"novalidate\" data-status=\"init\">\n<fieldset class=\"hidden-fields-container\"><input type=\"hidden\" name=\"_wpcf7\" value=\"46584\" \/><input type=\"hidden\" name=\"_wpcf7_version\" value=\"6.1.5\" \/><input type=\"hidden\" name=\"_wpcf7_locale\" value=\"fr_FR\" \/><input type=\"hidden\" name=\"_wpcf7_unit_tag\" value=\"wpcf7-f46584-o1\" \/><input type=\"hidden\" name=\"_wpcf7_container_post\" value=\"0\" \/><input type=\"hidden\" name=\"_wpcf7_posted_data_hash\" value=\"\" \/><input type=\"hidden\" name=\"_wpcf7_recaptcha_response\" value=\"\" \/>\n<\/fieldset>\n<div class=\"bjm-demo-form\">\n\t<div class=\"form-group\">\n\t\t<p><span class=\"wpcf7-form-control-wrap\"><span class=\"wpcf7-form-control-wrap\" data-name=\"usr_email\"><input size=\"40\" maxlength=\"400\" class=\"wpcf7-form-control wpcf7-email wpcf7-validates-as-required wpcf7-text wpcf7-validates-as-email\" aria-required=\"true\" aria-invalid=\"false\" placeholder=\"Courriel d&#039;affaire*\" value=\"\" type=\"email\" name=\"usr_email\" \/><\/span><\/span>\n\t\t<\/p>\n\t<\/div>\n\t<div class=\"form-group\">\n\t\t<p><span class=\"wpcf7-form-control-wrap\"><span class=\"wpcf7-form-control-wrap\" data-name=\"usr_name\"><input size=\"40\" maxlength=\"400\" class=\"wpcf7-form-control wpcf7-text wpcf7-validates-as-required\" aria-required=\"true\" aria-invalid=\"false\" placeholder=\"Nom complet*\" value=\"\" type=\"text\" name=\"usr_name\" \/><\/span><\/span>\n\t\t<\/p>\n\t<\/div>\n\t<div class=\"form-group checkbox-mod\">\n\t\t<p><span class=\"wpcf7-form-control-wrap\"><label for=\"check\"><span class=\"wpcf7-form-control-wrap\" data-name=\"usr_phone\"><input size=\"40\" maxlength=\"400\" class=\"wpcf7-form-control wpcf7-text wpcf7-validates-as-required\" aria-required=\"true\" aria-invalid=\"false\" placeholder=\"T\u00e9l\u00e9phone*\" value=\"\" type=\"text\" name=\"usr_phone\" \/><\/span><\/label><\/span>\n\t\t<\/p>\n\t<\/div>\n\t<div class=\"form-group\">\n\t\t<p><span class=\"wpcf7-form-control-wrap\"><span class=\"wpcf7-form-control-wrap\" data-name=\"usr_organization\"><input size=\"40\" maxlength=\"400\" class=\"wpcf7-form-control wpcf7-text wpcf7-validates-as-required\" aria-required=\"true\" aria-invalid=\"false\" placeholder=\"Organisation*\" value=\"\" type=\"text\" name=\"usr_organization\" \/><\/span><\/span>\n\t\t<\/p>\n\t<\/div>\n\t<div class=\"form-group\">\n\t\t<p><span class=\"wpcf7-form-control-wrap\"><span class=\"wpcf7-form-control-wrap\" data-name=\"usr_country\"><input size=\"40\" maxlength=\"400\" class=\"wpcf7-form-control wpcf7-text wpcf7-validates-as-required\" aria-required=\"true\" aria-invalid=\"false\" placeholder=\"Pays*\" value=\"\" type=\"text\" name=\"usr_country\" \/><\/span><\/span>\n\t\t<\/p>\n\t<\/div>\n\t<div class=\"form-group\">\n\t\t<p><span class=\"wpcf7-form-control-wrap\"><span class=\"wpcf7-form-control-wrap\" data-name=\"usr_industry\"><select class=\"wpcf7-form-control wpcf7-select wpcf7-validates-as-required\" aria-required=\"true\" aria-invalid=\"false\" name=\"usr_industry\"><option value=\"\">Industrie*<\/option><option value=\"Automobile\">Automobile<\/option><option value=\"Consultant\">Consultant<\/option><option value=\"Gestion des installations\">Gestion des installations<\/option><option value=\"Production alimentaire\">Production alimentaire<\/option><option value=\"Gouvernements et organismes publics\">Gouvernements et organismes publics<\/option><option value=\"Logistique\">Logistique<\/option><option value=\"Dispositifs m\u00e9dicaux\">Dispositifs m\u00e9dicaux<\/option><option value=\"Industrie mini\u00e8re\">Industrie mini\u00e8re<\/option><option value=\"P\u00e9trole et gaz naturel - en amount et en aval\">P\u00e9trole et gaz naturel - en amount et en aval<\/option><option value=\"Ol\u00e9oducs et gazoducs\">Ol\u00e9oducs et gazoducs<\/option><option value=\"Autre\">Autre<\/option><\/select><\/span><\/span>\n\t\t<\/p>\n\t<\/div>\n\t<div class=\"form-group\">\n\t\t<p><span class=\"wpcf7-form-control-wrap check_box_list\"><strong>Quels services vous int\u00e9ressent*<\/strong><br \/>\n<span class=\"wpcf7-form-control-wrap\" data-name=\"usr_services\"><span class=\"wpcf7-form-control wpcf7-checkbox wpcf7-validates-as-required\"><span class=\"wpcf7-list-item first\"><label><input type=\"checkbox\" name=\"usr_services[]\" value=\"Mises \u00e0 jour r\u00e9glementaires et registres juridiques\" \/><span class=\"wpcf7-list-item-label\">Mises \u00e0 jour r\u00e9glementaires et registres juridiques<\/span><\/label><\/span><span class=\"wpcf7-list-item\"><label><input type=\"checkbox\" name=\"usr_services[]\" value=\"Normes industrielles\" \/><span class=\"wpcf7-list-item-label\">Normes industrielles<\/span><\/label><\/span><span class=\"wpcf7-list-item\"><label><input type=\"checkbox\" name=\"usr_services[]\" value=\"Logiciel d\u2019audit\" \/><span class=\"wpcf7-list-item-label\">Logiciel d\u2019audit<\/span><\/label><\/span><span class=\"wpcf7-list-item last\"><label><input type=\"checkbox\" name=\"usr_services[]\" value=\"Autre\" \/><span class=\"wpcf7-list-item-label\">Autre<\/span><\/label><\/span><\/span><\/span><\/span>\n\t\t<\/p>\n\t<\/div>\n\t<div class=\"form-group\">\n\t\t<p><span class=\"wpcf7-form-control-wrap\"><span class=\"wpcf7-form-control-wrap\" data-name=\"usr_services_other\"><input size=\"40\" maxlength=\"400\" class=\"wpcf7-form-control wpcf7-text\" aria-invalid=\"false\" placeholder=\"Si autre, veuillez pr\u00e9ciser&hellip;\" value=\"\" type=\"text\" name=\"usr_services_other\" \/><\/span><\/span>\n\t\t<\/p>\n\t<\/div>\n\t<div class=\"form-group\" style=\"padding-right:18px\">\n\t\t<p><span class=\"wpcf7-form-control-wrap\" data-name=\"agree-contact\"><span class=\"wpcf7-form-control wpcf7-checkbox wpcf7-validates-as-required\"><span class=\"wpcf7-list-item first last\"><label><input type=\"checkbox\" name=\"agree-contact[]\" value=\"J&#039;accepte que Nimonik communique avec moi concernant cette pr\u00e9sente demande et pour promouvoir leurs produits et services. Je peux me d\u00e9sabonner \u00e0 tout temps.*\" \/><span class=\"wpcf7-list-item-label\">J&#039;accepte que Nimonik communique avec moi concernant cette pr\u00e9sente demande et pour promouvoir leurs produits et services. Je peux me d\u00e9sabonner \u00e0 tout temps.*<\/span><\/label><\/span><\/span><\/span>\n\t\t<input class=\"wpcf7-form-control wpcf7-hidden\" value=\"FR\" type=\"hidden\" name=\"Language\" \/><br \/>\n<input class=\"wpcf7-form-control wpcf7-submit has-spinner submit-class\" type=\"submit\" value=\"Envoyer\" \/>\n\t\t<\/p>\n\t<\/div>\n\t<div class=\"safe-info\">\n\t\t<p><span class=\"svg-wrap\"><svg xmlns=\"https:\/\/www.w3.org\/2000\/svg\" viewBox=\"0 0 819 1024\" with=\"20\" height=\"20\" fill=\"#ffffff\"><path d=\"M409.499 60.491c-98.429 0-195.125 84.821-199.136 210.004H83.069c-45.718 0-85.083 36.3-82.994 82.038l24.277 529.599c2.026 44.584 37.276 81.377 82.994 81.377h604.308c45.718 0 80.956-36.793 82.994-81.377l24.277-529.599c2.1-45.738-37.276-82.038-82.994-82.038H608.637C603.513 145.101 507.605 60.491 409.501 60.491zm0 21.001c85.808 0 173.075 74.288 178.136 189.004H231.363c4-114.368 92.002-189.004 178.136-189.004zM83.069 291.496H735.93c34.629 0 63.515 26.922 62.004 60.051l-24.287 529.599c-1.575 34.283-27.363 61.363-61.994 61.363H107.345c-34.629 0-60.439-27.09-62.004-61.363L21.064 351.558c-1.512-33.139 27.375-60.061 62.004-60.061z\"\/><\/svg><\/span><br \/>\n<span>Appelez-nous au bureau:<\/span>\n\t\t<\/p>\n\t<\/div>\n\t<ul class=\"info-list\">\n\t\t<li>\n\t\t\t<p><a href=\"tel:+18886087511\">+1 888-608-7511<\/a>\n\t\t\t<\/p>\n\t\t<\/li>\n\t<\/ul>\n<\/div>\n<input class=\"wpcf7-form-control wpcf7-hidden\" value=\"\" type=\"hidden\" name=\"utm_source\" \/>\n<input class=\"wpcf7-form-control wpcf7-hidden\" value=\"\" type=\"hidden\" name=\"utm_medium\" \/>\n<input class=\"wpcf7-form-control wpcf7-hidden\" value=\"\" type=\"hidden\" name=\"utm_campaign\" \/>\n<input class=\"wpcf7-form-control wpcf7-hidden\" value=\"\" type=\"hidden\" name=\"utm_keyword\" \/>\n<input class=\"wpcf7-form-control wpcf7-hidden\" value=\"\" type=\"hidden\" name=\"utm_content\" \/>\n<input class=\"wpcf7-form-control wpcf7-hidden\" value=\"\" type=\"hidden\" name=\"add_pipelinedeals_lead\" \/>\n<p><script>\ndocument.addEventListener( 'wpcf7mailsent', function( event ) {\n location = 'https:\/\/nimonik.com\/fr\/merci-pour-votre-requete\/';\n}, false );\n<\/script>\n<\/p><input type='hidden' class='wpcf7-pum' value='{\"closepopup\":false,\"closedelay\":0,\"openpopup\":false,\"openpopup_id\":0}' \/><div class=\"wpcf7-response-output\" aria-hidden=\"true\"><\/div>\n<\/form>\n<\/div>\n\n\n<\/div><\/div><\/div>\n<\/div>\n<\/div><\/div>\n\n\n<p><\/p>\n","protected":false},"excerpt":{"rendered":"","protected":false},"author":72,"featured_media":0,"parent":0,"menu_order":0,"comment_status":"closed","ping_status":"closed","template":"","meta":{"_acf_changed":false,"footnotes":""},"class_list":{"0":"post-55138","1":"page","2":"type-page","3":"status-publish","5":"no-featured-image-padding"},"acf":[],"yoast_head":"<!-- This site is optimized with the Yoast SEO plugin v27.4 - https:\/\/yoast.com\/product\/yoast-seo-wordpress\/ -->\n<title>Listes de contr\u00f4le d\u2019audit gratuites pour l\u2019industrie p\u00e9troli\u00e8re et gazi\u00e8re<\/title>\n<meta name=\"description\" content=\"Acc\u00e9dez gratuitement \u00e0 des listes de contr\u00f4le d\u2019audit pour l\u2019industrie p\u00e9troli\u00e8re et gazi\u00e8re. Am\u00e9liorez la conformit\u00e9, minimisez les risques et assurez la s\u00e9curit\u00e9 avec les checklists Nimonik adapt\u00e9es aux normes du secteur.\" \/>\n<meta name=\"robots\" content=\"index, follow, max-snippet:-1, max-image-preview:large, max-video-preview:-1\" \/>\n<link rel=\"canonical\" href=\"https:\/\/nimonik.com\/fr\/free-audit-checklists-for-oil-and-gas-industry\/\" \/>\n<meta property=\"og:locale\" content=\"fr_FR\" \/>\n<meta property=\"og:type\" content=\"article\" \/>\n<meta property=\"og:title\" content=\"Listes de contr\u00f4le d\u2019audit gratuites pour l\u2019industrie p\u00e9troli\u00e8re et gazi\u00e8re\" \/>\n<meta property=\"og:description\" content=\"Acc\u00e9dez gratuitement \u00e0 des listes de contr\u00f4le d\u2019audit pour l\u2019industrie p\u00e9troli\u00e8re et gazi\u00e8re. Am\u00e9liorez la conformit\u00e9, minimisez les risques et assurez la s\u00e9curit\u00e9 avec les checklists Nimonik adapt\u00e9es aux normes du secteur.\" \/>\n<meta property=\"og:url\" content=\"https:\/\/nimonik.com\/fr\/free-audit-checklists-for-oil-and-gas-industry\/\" \/>\n<meta property=\"og:site_name\" content=\"Nimonik\" \/>\n<meta property=\"article:publisher\" content=\"https:\/\/www.facebook.com\/NimonikInc\" \/>\n<meta property=\"article:modified_time\" content=\"2025-01-29T16:32:20+00:00\" \/>\n<meta name=\"twitter:card\" content=\"summary_large_image\" \/>\n<meta name=\"twitter:site\" content=\"@Nimonik_Inc\" \/>\n<meta name=\"twitter:label1\" content=\"Dur\u00e9e de lecture estim\u00e9e\" \/>\n\t<meta name=\"twitter:data1\" content=\"2 minutes\" \/>\n<script type=\"application\/ld+json\" class=\"yoast-schema-graph\">{\"@context\":\"https:\\\/\\\/schema.org\",\"@graph\":[{\"@type\":\"WebPage\",\"@id\":\"https:\\\/\\\/nimonik.com\\\/fr\\\/free-audit-checklists-for-oil-and-gas-industry\\\/\",\"url\":\"https:\\\/\\\/nimonik.com\\\/fr\\\/free-audit-checklists-for-oil-and-gas-industry\\\/\",\"name\":\"Listes de contr\u00f4le d\u2019audit gratuites pour l\u2019industrie p\u00e9troli\u00e8re et gazi\u00e8re\",\"isPartOf\":{\"@id\":\"https:\\\/\\\/nimonik.com\\\/fr\\\/#website\"},\"datePublished\":\"2023-07-12T13:38:42+00:00\",\"dateModified\":\"2025-01-29T16:32:20+00:00\",\"description\":\"Acc\u00e9dez gratuitement \u00e0 des listes de contr\u00f4le d\u2019audit pour l\u2019industrie p\u00e9troli\u00e8re et gazi\u00e8re. Am\u00e9liorez la conformit\u00e9, minimisez les risques et assurez la s\u00e9curit\u00e9 avec les checklists Nimonik adapt\u00e9es aux normes du secteur.\",\"breadcrumb\":{\"@id\":\"https:\\\/\\\/nimonik.com\\\/fr\\\/free-audit-checklists-for-oil-and-gas-industry\\\/#breadcrumb\"},\"inLanguage\":\"fr-FR\",\"potentialAction\":[{\"@type\":\"ReadAction\",\"target\":[\"https:\\\/\\\/nimonik.com\\\/fr\\\/free-audit-checklists-for-oil-and-gas-industry\\\/\"]}]},{\"@type\":\"BreadcrumbList\",\"@id\":\"https:\\\/\\\/nimonik.com\\\/fr\\\/free-audit-checklists-for-oil-and-gas-industry\\\/#breadcrumb\",\"itemListElement\":[{\"@type\":\"ListItem\",\"position\":1,\"name\":\"Accueil\",\"item\":\"https:\\\/\\\/nimonik.com\\\/fr\\\/\"},{\"@type\":\"ListItem\",\"position\":2,\"name\":\"Listes de contr\u00f4le d\u2019audit gratuites pour l\u2019industrie p\u00e9troli\u00e8re et gazi\u00e8re\"}]},{\"@type\":\"WebSite\",\"@id\":\"https:\\\/\\\/nimonik.com\\\/fr\\\/#website\",\"url\":\"https:\\\/\\\/nimonik.com\\\/fr\\\/\",\"name\":\"Nimonik Inc.\",\"description\":\"Compliance Management System and Audit Software EHS EHSQ ESG\",\"publisher\":{\"@id\":\"https:\\\/\\\/nimonik.com\\\/fr\\\/#organization\"},\"alternateName\":\"Nimonik\",\"potentialAction\":[{\"@type\":\"SearchAction\",\"target\":{\"@type\":\"EntryPoint\",\"urlTemplate\":\"https:\\\/\\\/nimonik.com\\\/fr\\\/?s={search_term_string}\"},\"query-input\":{\"@type\":\"PropertyValueSpecification\",\"valueRequired\":true,\"valueName\":\"search_term_string\"}}],\"inLanguage\":\"fr-FR\"},{\"@type\":\"Organization\",\"@id\":\"https:\\\/\\\/nimonik.com\\\/fr\\\/#organization\",\"name\":\"Nimonik\",\"alternateName\":\"Nimonik inc.\",\"url\":\"https:\\\/\\\/nimonik.com\\\/fr\\\/\",\"logo\":{\"@type\":\"ImageObject\",\"inLanguage\":\"fr-FR\",\"@id\":\"https:\\\/\\\/nimonik.com\\\/fr\\\/#\\\/schema\\\/logo\\\/image\\\/\",\"url\":\"https:\\\/\\\/nimonik.com\\\/wp-content\\\/uploads\\\/Nimonik-Logo-Christmas.png\",\"contentUrl\":\"https:\\\/\\\/nimonik.com\\\/wp-content\\\/uploads\\\/Nimonik-Logo-Christmas.png\",\"width\":591,\"height\":198,\"caption\":\"Nimonik\"},\"image\":{\"@id\":\"https:\\\/\\\/nimonik.com\\\/fr\\\/#\\\/schema\\\/logo\\\/image\\\/\"},\"sameAs\":[\"https:\\\/\\\/www.facebook.com\\\/NimonikInc\",\"https:\\\/\\\/x.com\\\/Nimonik_Inc\",\"https:\\\/\\\/www.youtube.com\\\/c\\\/Nimonik_Compliance\",\"https:\\\/\\\/www.linkedin.com\\\/company\\\/nimonik\\\/\"]}]}<\/script>\n<!-- \/ Yoast SEO plugin. -->","yoast_head_json":{"title":"Listes de contr\u00f4le d\u2019audit gratuites pour l\u2019industrie p\u00e9troli\u00e8re et gazi\u00e8re","description":"Acc\u00e9dez gratuitement \u00e0 des listes de contr\u00f4le d\u2019audit pour l\u2019industrie p\u00e9troli\u00e8re et gazi\u00e8re. Am\u00e9liorez la conformit\u00e9, minimisez les risques et assurez la s\u00e9curit\u00e9 avec les checklists Nimonik adapt\u00e9es aux normes du secteur.","robots":{"index":"index","follow":"follow","max-snippet":"max-snippet:-1","max-image-preview":"max-image-preview:large","max-video-preview":"max-video-preview:-1"},"canonical":"https:\/\/nimonik.com\/fr\/free-audit-checklists-for-oil-and-gas-industry\/","og_locale":"fr_FR","og_type":"article","og_title":"Listes de contr\u00f4le d\u2019audit gratuites pour l\u2019industrie p\u00e9troli\u00e8re et gazi\u00e8re","og_description":"Acc\u00e9dez gratuitement \u00e0 des listes de contr\u00f4le d\u2019audit pour l\u2019industrie p\u00e9troli\u00e8re et gazi\u00e8re. Am\u00e9liorez la conformit\u00e9, minimisez les risques et assurez la s\u00e9curit\u00e9 avec les checklists Nimonik adapt\u00e9es aux normes du secteur.","og_url":"https:\/\/nimonik.com\/fr\/free-audit-checklists-for-oil-and-gas-industry\/","og_site_name":"Nimonik","article_publisher":"https:\/\/www.facebook.com\/NimonikInc","article_modified_time":"2025-01-29T16:32:20+00:00","twitter_card":"summary_large_image","twitter_site":"@Nimonik_Inc","twitter_misc":{"Dur\u00e9e de lecture estim\u00e9e":"2 minutes"},"schema":{"@context":"https:\/\/schema.org","@graph":[{"@type":"WebPage","@id":"https:\/\/nimonik.com\/fr\/free-audit-checklists-for-oil-and-gas-industry\/","url":"https:\/\/nimonik.com\/fr\/free-audit-checklists-for-oil-and-gas-industry\/","name":"Listes de contr\u00f4le d\u2019audit gratuites pour l\u2019industrie p\u00e9troli\u00e8re et gazi\u00e8re","isPartOf":{"@id":"https:\/\/nimonik.com\/fr\/#website"},"datePublished":"2023-07-12T13:38:42+00:00","dateModified":"2025-01-29T16:32:20+00:00","description":"Acc\u00e9dez gratuitement \u00e0 des listes de contr\u00f4le d\u2019audit pour l\u2019industrie p\u00e9troli\u00e8re et gazi\u00e8re. Am\u00e9liorez la conformit\u00e9, minimisez les risques et assurez la s\u00e9curit\u00e9 avec les checklists Nimonik adapt\u00e9es aux normes du secteur.","breadcrumb":{"@id":"https:\/\/nimonik.com\/fr\/free-audit-checklists-for-oil-and-gas-industry\/#breadcrumb"},"inLanguage":"fr-FR","potentialAction":[{"@type":"ReadAction","target":["https:\/\/nimonik.com\/fr\/free-audit-checklists-for-oil-and-gas-industry\/"]}]},{"@type":"BreadcrumbList","@id":"https:\/\/nimonik.com\/fr\/free-audit-checklists-for-oil-and-gas-industry\/#breadcrumb","itemListElement":[{"@type":"ListItem","position":1,"name":"Accueil","item":"https:\/\/nimonik.com\/fr\/"},{"@type":"ListItem","position":2,"name":"Listes de contr\u00f4le d\u2019audit gratuites pour l\u2019industrie p\u00e9troli\u00e8re et gazi\u00e8re"}]},{"@type":"WebSite","@id":"https:\/\/nimonik.com\/fr\/#website","url":"https:\/\/nimonik.com\/fr\/","name":"Nimonik Inc.","description":"Compliance Management System and Audit Software EHS EHSQ ESG","publisher":{"@id":"https:\/\/nimonik.com\/fr\/#organization"},"alternateName":"Nimonik","potentialAction":[{"@type":"SearchAction","target":{"@type":"EntryPoint","urlTemplate":"https:\/\/nimonik.com\/fr\/?s={search_term_string}"},"query-input":{"@type":"PropertyValueSpecification","valueRequired":true,"valueName":"search_term_string"}}],"inLanguage":"fr-FR"},{"@type":"Organization","@id":"https:\/\/nimonik.com\/fr\/#organization","name":"Nimonik","alternateName":"Nimonik inc.","url":"https:\/\/nimonik.com\/fr\/","logo":{"@type":"ImageObject","inLanguage":"fr-FR","@id":"https:\/\/nimonik.com\/fr\/#\/schema\/logo\/image\/","url":"https:\/\/nimonik.com\/wp-content\/uploads\/Nimonik-Logo-Christmas.png","contentUrl":"https:\/\/nimonik.com\/wp-content\/uploads\/Nimonik-Logo-Christmas.png","width":591,"height":198,"caption":"Nimonik"},"image":{"@id":"https:\/\/nimonik.com\/fr\/#\/schema\/logo\/image\/"},"sameAs":["https:\/\/www.facebook.com\/NimonikInc","https:\/\/x.com\/Nimonik_Inc","https:\/\/www.youtube.com\/c\/Nimonik_Compliance","https:\/\/www.linkedin.com\/company\/nimonik\/"]}]}},"_links":{"self":[{"href":"https:\/\/nimonik.com\/fr\/wp-json\/wp\/v2\/pages\/55138","targetHints":{"allow":["GET"]}}],"collection":[{"href":"https:\/\/nimonik.com\/fr\/wp-json\/wp\/v2\/pages"}],"about":[{"href":"https:\/\/nimonik.com\/fr\/wp-json\/wp\/v2\/types\/page"}],"author":[{"embeddable":true,"href":"https:\/\/nimonik.com\/fr\/wp-json\/wp\/v2\/users\/72"}],"replies":[{"embeddable":true,"href":"https:\/\/nimonik.com\/fr\/wp-json\/wp\/v2\/comments?post=55138"}],"version-history":[{"count":1,"href":"https:\/\/nimonik.com\/fr\/wp-json\/wp\/v2\/pages\/55138\/revisions"}],"predecessor-version":[{"id":55141,"href":"https:\/\/nimonik.com\/fr\/wp-json\/wp\/v2\/pages\/55138\/revisions\/55141"}],"wp:attachment":[{"href":"https:\/\/nimonik.com\/fr\/wp-json\/wp\/v2\/media?parent=55138"}],"curies":[{"name":"wp","href":"https:\/\/api.w.org\/{rel}","templated":true}]}}