{"id":54940,"date":"2024-07-11T06:28:23","date_gmt":"2024-07-11T11:28:23","guid":{"rendered":"https:\/\/nimonik.com\/avis\/testimonials\/"},"modified":"2025-03-25T08:36:44","modified_gmt":"2025-03-25T13:36:44","slug":"temoignages","status":"publish","type":"page","link":"https:\/\/nimonik.com\/fr\/avis\/temoignages\/","title":{"rendered":"T\u00c9MOIGNAGES"},"content":{"rendered":"<div class=\"gb-container gb-container-3ebf944a\"><div class=\"gb-inside-container\">\n<div class=\"gb-grid-wrapper gb-grid-wrapper-0b65ff28\">\n<div class=\"gb-grid-column gb-grid-column-e3caf97f\"><div class=\"gb-container gb-container-e3caf97f\"><div class=\"gb-inside-container\">\n\n<h1 class=\"gb-headline gb-headline-3f2906de gb-headline-text\">Regard Int\u00e9rieur : T\u00e9moignages de Nimonik<\/h1>\n\n\n\n<p class=\"has-base-3-color has-text-color has-link-color wp-elements-259b6cd5ad60741b95b3359b9f138400\">Pour une compr\u00e9hension plus approfondie de la mani\u00e8re dont Nimonik fournit constamment un service exceptionnel et des solutions de conformit\u00e9, nous vous invitons \u00e0 lire les t\u00e9moignages de nos clients satisfaits.<\/p>\n\n\n\n<p class=\"has-base-3-color has-text-color has-link-color wp-elements-d8d3098bb3256514f9ee57a0cb9aeb38\">Visitez notre <a href=\"\/fr\/avis\/\">page Avis Google<\/a> pour d\u00e9couvrir des retours authentiques mettant en avant notre engagement envers l&rsquo;excellence et la fiabilit\u00e9 dans la conformit\u00e9 mondiale. Votre confiance est notre priorit\u00e9 absolue, et nous nous engageons \u00e0 maintenir les plus hauts niveaux de service et de soutien.<\/p>\n\n\n<div class=\"gb-button-wrapper gb-button-wrapper-6ed71d4a\">\n\n<a class=\"gb-button gb-button-bc98bef8 gb-button-text smooth-scroll\" href=\"https:\/\/nimonik.com\/fr\/contact-us\/\">ContactEZ-NOUs <\/a>\n\n<\/div>\n<\/div><\/div><\/div>\n<\/div>\n<\/div><div class=\"gb-shapes\"><div class=\"gb-shape gb-shape-1\"><svg xmlns=\"http:\/\/www.w3.org\/2000\/svg\" viewBox=\"0 0 1200 360\" preserveAspectRatio=\"none\"><path d=\"M1200 360H0V0l1200 348z\"\/><\/svg><\/div><\/div><\/div>\n\n<div class=\"gb-container gb-container-34bc0d13\"><div class=\"gb-inside-container\">\n<div class=\"gb-grid-wrapper gb-grid-wrapper-4af1892b\">\n<div class=\"gb-grid-column gb-grid-column-76c4b4ee\"><div class=\"gb-container gb-container-76c4b4ee\"><div class=\"gb-inside-container\">\n<div class=\"gb-grid-wrapper gb-grid-wrapper-3c9775bd\">\n<div class=\"gb-grid-column gb-grid-column-048c61c0\"><div class=\"gb-container gb-container-048c61c0\"><div class=\"gb-inside-container\">\n<div class=\"gb-grid-wrapper gb-grid-wrapper-d4fd20e1\">\n<div class=\"gb-grid-column gb-grid-column-adff3a3d\"><div class=\"gb-container gb-container-adff3a3d\"><div class=\"gb-inside-container\">\n\n<figure class=\"gb-block-image gb-block-image-a7ccb758\"><img decoding=\"async\" width=\"560\" height=\"560\" class=\"gb-image gb-image-a7ccb758\" src=\"https:\/\/nimonik.com\/wp-content\/uploads\/image6-1.png\" alt=\"Tyler Tilker, F&amp;P Mfg Inc.\" title=\"Tyler Tilker, F&amp;P Mfg Inc.\" srcset=\"https:\/\/nimonik.com\/wp-content\/uploads\/image6-1.png 560w, https:\/\/nimonik.com\/wp-content\/uploads\/image6-1-300x300.png 300w, https:\/\/nimonik.com\/wp-content\/uploads\/image6-1-150x150.png 150w\" sizes=\"(max-width: 560px) 100vw, 560px\" \/><\/figure>\n\n<\/div><\/div><\/div>\n\n<div class=\"gb-grid-column gb-grid-column-35033567\"><div class=\"gb-container gb-container-35033567\"><div class=\"gb-inside-container\">\n\n<p class=\"gb-headline gb-headline-754e7064 gb-headline-text\">\u00ab<em>With Nimonik, we saved 30 hours doing audits and 24 days of work monitoring EHS legislation!<\/em>\u00bb<br><a href=\"https:\/\/gpsites.co\/realtor\/?preview_id=3575&amp;preview_nonce=4514a831c8&amp;preview=true#\"><\/a><\/p>\n\n\n\n<p class=\"gb-headline gb-headline-18184b14 gb-headline-text\"><strong>&#8211; <em>Tyler Tilker, F&amp;P Mfg Inc.<\/em><\/strong><\/p>\n\n<\/div><\/div><\/div>\n<\/div>\n<\/div><\/div><\/div>\n\n<div class=\"gb-grid-column gb-grid-column-665c63d5\"><div class=\"gb-container gb-container-665c63d5\"><div class=\"gb-inside-container\">\n<div class=\"gb-grid-wrapper gb-grid-wrapper-fe6de84c\">\n<div class=\"gb-grid-column gb-grid-column-d41c12b4\"><div class=\"gb-container gb-container-d41c12b4\"><div class=\"gb-inside-container\">\n\n<figure class=\"gb-block-image gb-block-image-e17c32d0\"><img decoding=\"async\" width=\"240\" height=\"240\" class=\"gb-image gb-image-e17c32d0\" src=\"https:\/\/nimonik.com\/wp-content\/uploads\/image3-3.jpg\" alt=\"Joe Treen, Safety Services Nova Scotia (SSNS)\" title=\"Joe Treen, Safety Services Nova Scotia (SSNS)\" srcset=\"https:\/\/nimonik.com\/wp-content\/uploads\/image3-3.jpg 240w, https:\/\/nimonik.com\/wp-content\/uploads\/image3-3-150x150.jpg 150w\" sizes=\"(max-width: 240px) 100vw, 240px\" \/><\/figure>\n\n<\/div><\/div><\/div>\n\n<div class=\"gb-grid-column gb-grid-column-af5aaa2a\"><div class=\"gb-container gb-container-af5aaa2a\"><div class=\"gb-inside-container\">\n\n<p class=\"gb-headline gb-headline-ecf02f78 gb-headline-text\"><em>\u00abThe representative understood that I had difficulty with the technology&#8230; their high level of support, commonly unheard of in this age, convinced me that this was the solution I had been looking for.\u00bb<\/em><br><a href=\"https:\/\/gpsites.co\/realtor\/?preview_id=3575&amp;preview_nonce=4514a831c8&amp;preview=true#\"><\/a><\/p>\n\n\n\n<p class=\"gb-headline gb-headline-90a3d198 gb-headline-text\"><strong>&#8211; <em>Joe Treen, Safety Services Nova Scotia (SSNS)<\/em><\/strong><\/p>\n\n<\/div><\/div><\/div>\n<\/div>\n<\/div><\/div><\/div>\n\n<div class=\"gb-grid-column gb-grid-column-48e73e82\"><div class=\"gb-container gb-container-48e73e82\"><div class=\"gb-inside-container\">\n<div class=\"gb-grid-wrapper gb-grid-wrapper-ca3f666e\">\n<div class=\"gb-grid-column gb-grid-column-01ca08d3\"><div class=\"gb-container gb-container-01ca08d3\"><div class=\"gb-inside-container\">\n\n<figure class=\"gb-block-image gb-block-image-b381a8c6\"><img decoding=\"async\" width=\"346\" height=\"346\" class=\"gb-image gb-image-b381a8c6\" src=\"https:\/\/nimonik.com\/wp-content\/uploads\/image1-2.png\" alt=\"Carole St-Onge, Raglan Mine\" title=\"Carole St-Onge, Raglan Mine\" srcset=\"https:\/\/nimonik.com\/wp-content\/uploads\/image1-2.png 346w, https:\/\/nimonik.com\/wp-content\/uploads\/image1-2-300x300.png 300w, https:\/\/nimonik.com\/wp-content\/uploads\/image1-2-150x150.png 150w\" sizes=\"(max-width: 346px) 100vw, 346px\" \/><\/figure>\n\n<\/div><\/div><\/div>\n\n<div class=\"gb-grid-column gb-grid-column-1036cf15\"><div class=\"gb-container gb-container-1036cf15\"><div class=\"gb-inside-container\">\n\n<p class=\"gb-headline gb-headline-303699e1 gb-headline-text\"><em>\u00abWith Nimonik, we don\u2019t need an employee working full-time on monitoring regulatory change.\u00bb<\/em><br><a href=\"https:\/\/gpsites.co\/realtor\/?preview_id=3575&amp;preview_nonce=4514a831c8&amp;preview=true#\"><\/a><\/p>\n\n\n\n<p class=\"gb-headline gb-headline-7c981a0d gb-headline-text\"><strong>&#8211; <em>Carole St-Onge, Raglan Mine<\/em><\/strong><\/p>\n\n<\/div><\/div><\/div>\n<\/div>\n<\/div><\/div><\/div>\n\n<div class=\"gb-grid-column gb-grid-column-70130ed6\"><div class=\"gb-container gb-container-70130ed6\"><div class=\"gb-inside-container\">\n<div class=\"gb-grid-wrapper gb-grid-wrapper-e118db70\">\n<div class=\"gb-grid-column gb-grid-column-aad7d44f\"><div class=\"gb-container gb-container-aad7d44f\"><div class=\"gb-inside-container\">\n\n<figure class=\"gb-block-image gb-block-image-1d7a68f2\"><img decoding=\"async\" width=\"608\" height=\"608\" class=\"gb-image gb-image-1d7a68f2\" src=\"https:\/\/nimonik.com\/wp-content\/uploads\/image2-1.png\" alt=\"Vicki Boutilier, Petroleum Specialized Inspections Corp, Canada \" title=\"Vicki Boutilier, Petroleum Specialized Inspections Corp, Canada \" srcset=\"https:\/\/nimonik.com\/wp-content\/uploads\/image2-1.png 608w, https:\/\/nimonik.com\/wp-content\/uploads\/image2-1-300x300.png 300w, https:\/\/nimonik.com\/wp-content\/uploads\/image2-1-150x150.png 150w\" sizes=\"(max-width: 608px) 100vw, 608px\" \/><\/figure>\n\n<\/div><\/div><\/div>\n\n<div class=\"gb-grid-column gb-grid-column-a3beb816\"><div class=\"gb-container gb-container-a3beb816\"><div class=\"gb-inside-container\">\n\n<p class=\"gb-headline gb-headline-65132f15 gb-headline-text\"><em>\u00abCost is phenomenal and so worth it!\u00bb<\/em><br><a href=\"https:\/\/gpsites.co\/realtor\/?preview_id=3575&amp;preview_nonce=4514a831c8&amp;preview=true#\"><\/a><\/p>\n\n\n\n<p class=\"gb-headline gb-headline-307322a8 gb-headline-text\"><strong>&#8211; <em>Vicki Boutilier, Petroleum Specialized Inspections Corp, Canada<\/em><\/strong><\/p>\n\n<\/div><\/div><\/div>\n<\/div>\n<\/div><\/div><\/div>\n\n<div class=\"gb-grid-column gb-grid-column-7707bd64\"><div class=\"gb-container gb-container-7707bd64\"><div class=\"gb-inside-container\">\n<div class=\"gb-grid-wrapper gb-grid-wrapper-4d2af660\">\n<div class=\"gb-grid-column gb-grid-column-962fe188\"><div class=\"gb-container gb-container-962fe188\"><div class=\"gb-inside-container\">\n\n<figure class=\"gb-block-image gb-block-image-46d93ee5\"><img decoding=\"async\" width=\"800\" height=\"800\" class=\"gb-image gb-image-46d93ee5\" src=\"https:\/\/nimonik.com\/wp-content\/uploads\/image7-2.png\" alt=\"Angela Holzapfel, Brion Energy\" title=\"Angela Holzapfel, Brion Energy\" srcset=\"https:\/\/nimonik.com\/wp-content\/uploads\/image7-2.png 800w, https:\/\/nimonik.com\/wp-content\/uploads\/image7-2-300x300.png 300w, https:\/\/nimonik.com\/wp-content\/uploads\/image7-2-150x150.png 150w\" sizes=\"(max-width: 800px) 100vw, 800px\" \/><\/figure>\n\n<\/div><\/div><\/div>\n\n<div class=\"gb-grid-column gb-grid-column-c6db552d\"><div class=\"gb-container gb-container-c6db552d\"><div class=\"gb-inside-container\">\n\n<p class=\"gb-headline gb-headline-e90e082f gb-headline-text\"><em>\u00abBecause we are a new company, I wanted to do environmental compliance right from the start.\u00bb<\/em><br><a href=\"https:\/\/gpsites.co\/realtor\/?preview_id=3575&amp;preview_nonce=4514a831c8&amp;preview=true#\"><\/a><\/p>\n\n\n\n<p class=\"gb-headline gb-headline-f44cac7e gb-headline-text\"><strong>&#8211; <em>Angela Holzapfel, Brion Energy<\/em><\/strong><\/p>\n\n<\/div><\/div><\/div>\n<\/div>\n<\/div><\/div><\/div>\n\n<div class=\"gb-grid-column gb-grid-column-be95484c\"><div class=\"gb-container gb-container-be95484c\"><div class=\"gb-inside-container\">\n<div class=\"gb-grid-wrapper gb-grid-wrapper-4a295f70\">\n<div class=\"gb-grid-column gb-grid-column-a6194f6c\"><div class=\"gb-container gb-container-a6194f6c\"><div class=\"gb-inside-container\">\n\n<figure class=\"gb-block-image gb-block-image-e533d83d\"><img decoding=\"async\" width=\"202\" height=\"202\" class=\"gb-image gb-image-e533d83d\" src=\"https:\/\/nimonik.com\/wp-content\/uploads\/image4-2.jpg\" alt=\"Moe Maurice, Glencore Mining Sudbury Integrated Nickel Operations\" title=\"Moe Maurice, Glencore Mining Sudbury Integrated Nickel Operations\" srcset=\"https:\/\/nimonik.com\/wp-content\/uploads\/image4-2.jpg 202w, https:\/\/nimonik.com\/wp-content\/uploads\/image4-2-150x150.jpg 150w\" sizes=\"(max-width: 202px) 100vw, 202px\" \/><\/figure>\n\n<\/div><\/div><\/div>\n\n<div class=\"gb-grid-column gb-grid-column-e744f8d2\"><div class=\"gb-container gb-container-e744f8d2\"><div class=\"gb-inside-container\">\n\n<p class=\"gb-headline gb-headline-69b5c8f9 gb-headline-text\"><em>\u00ab<em>For 10 years, we have used Nimonik to track and manage compliance obligations documents for our operations at Sudbury Integrated Nickel Operations. Nimonik provides updates to regulations and standards so that we can issue action items and generate reports for management. The Nimonik team of compliance experts are responsive, helpful, and well informed. We strongly recommend Nimonik to any organization looking to manage compliance properly.<\/em>\u00bb<\/em><br><a href=\"https:\/\/gpsites.co\/realtor\/?preview_id=3575&amp;preview_nonce=4514a831c8&amp;preview=true#\"><\/a><\/p>\n\n\n\n<p class=\"gb-headline gb-headline-001e681e gb-headline-text\"><strong>&#8211; <em><strong><em>Moe Maurice, Glencore Mining Sudbury Integrated Nickel Operations<\/em><\/strong><\/em><\/strong><\/p>\n\n<\/div><\/div><\/div>\n<\/div>\n<\/div><\/div><\/div>\n\n<div class=\"gb-grid-column gb-grid-column-580b8e44\"><div class=\"gb-container gb-container-580b8e44\"><div class=\"gb-inside-container\">\n<div class=\"gb-grid-wrapper gb-grid-wrapper-fde27db5\">\n<div class=\"gb-grid-column gb-grid-column-9cf52789\"><div class=\"gb-container gb-container-9cf52789\"><div class=\"gb-inside-container\">\n\n<figure class=\"gb-block-image gb-block-image-40335987\"><img decoding=\"async\" width=\"161\" height=\"161\" class=\"gb-image gb-image-40335987\" src=\"https:\/\/nimonik.com\/wp-content\/uploads\/Currie-Russell-161x161-1.jpg\" alt=\"\" title=\"Currie-Russell-161x161-1\" srcset=\"https:\/\/nimonik.com\/wp-content\/uploads\/Currie-Russell-161x161-1.jpg 161w, https:\/\/nimonik.com\/wp-content\/uploads\/Currie-Russell-161x161-1-150x150.jpg 150w\" sizes=\"(max-width: 161px) 100vw, 161px\" \/><\/figure>\n\n<\/div><\/div><\/div>\n\n<div class=\"gb-grid-column gb-grid-column-bc044b10\"><div class=\"gb-container gb-container-bc044b10\"><div class=\"gb-inside-container\">\n\n<p class=\"gb-headline gb-headline-0aa7b27c gb-headline-text\"><em>\u00ab<em>We have freed up resources and time within the company thanks to Nimonik. We can spend more time improving environmental performance and less time researching our environmental obligations<\/em>.\u00bb<\/em><br><a href=\"https:\/\/gpsites.co\/realtor\/?preview_id=3575&amp;preview_nonce=4514a831c8&amp;preview=true#\"><\/a><\/p>\n\n\n\n<p class=\"gb-headline gb-headline-9605b01b gb-headline-text\"><strong>&#8211; <em><strong><em>Currie Russell, Region of Waterloo International Airport, Canada<\/em><\/strong><\/em><\/strong><\/p>\n\n<\/div><\/div><\/div>\n<\/div>\n<\/div><\/div><\/div>\n<\/div>\n\n\n<p>Votre confiance est primordiale pour nous, et nous restons engag\u00e9s \u00e0 fournir des normes de service et de support les plus \u00e9lev\u00e9es. D\u00e9couvrez nos histoires de succ\u00e8s et contactez-nous d\u00e8s aujourd&rsquo;hui pour entamer votre parcours vers une conformit\u00e9 fluide et un support in\u00e9gal\u00e9. Votre chemin vers l&rsquo;excellence commence par un seul pas \u2014 <a href=\"\/fr\/contact-us\/\">contactez-nous aujourd&rsquo;hui<\/a>!<br><\/p>\n\n<\/div><\/div><\/div>\n<\/div>\n<\/div><\/div>","protected":false},"excerpt":{"rendered":"","protected":false},"author":72,"featured_media":0,"parent":54886,"menu_order":0,"comment_status":"closed","ping_status":"closed","template":"","meta":{"_acf_changed":false,"footnotes":""},"class_list":{"0":"post-54940","1":"page","2":"type-page","3":"status-publish","5":"no-featured-image-padding"},"acf":[],"yoast_head":"<!-- This site is optimized with the Yoast SEO plugin v27.2 - https:\/\/yoast.com\/product\/yoast-seo-wordpress\/ -->\n<title>Meilleurs avis et t\u00e9moignages de Nimonik : D\u00e9couvrez la v\u00e9rit\u00e9 !<\/title>\n<meta name=\"description\" content=\"D\u00e9couvrez ce que les utilisateurs pensent vraiment de Nimonik ainsi que des t\u00e9moignages. Des avis honn\u00eates et des \u00e9valuations dans notre dernier r\u00e9sum\u00e9 de critiques.\" \/>\n<meta name=\"robots\" content=\"index, follow, max-snippet:-1, max-image-preview:large, max-video-preview:-1\" \/>\n<link rel=\"canonical\" href=\"https:\/\/nimonik.com\/fr\/avis\/temoignages\/\" \/>\n<meta property=\"og:locale\" content=\"fr_FR\" \/>\n<meta property=\"og:type\" content=\"article\" \/>\n<meta property=\"og:title\" content=\"Meilleurs avis et t\u00e9moignages de Nimonik : D\u00e9couvrez la v\u00e9rit\u00e9 !\" \/>\n<meta property=\"og:description\" content=\"D\u00e9couvrez ce que les utilisateurs pensent vraiment de Nimonik ainsi que des t\u00e9moignages. Des avis honn\u00eates et des \u00e9valuations dans notre dernier r\u00e9sum\u00e9 de critiques.\" \/>\n<meta property=\"og:url\" content=\"https:\/\/nimonik.com\/fr\/avis\/temoignages\/\" \/>\n<meta property=\"og:site_name\" content=\"Nimonik\" \/>\n<meta property=\"article:publisher\" content=\"https:\/\/www.facebook.com\/NimonikInc\" \/>\n<meta property=\"article:modified_time\" content=\"2025-03-25T13:36:44+00:00\" \/>\n<meta property=\"og:image\" content=\"https:\/\/nimonik.com\/wp-content\/uploads\/image6-1.png\" \/>\n<meta name=\"twitter:card\" content=\"summary_large_image\" \/>\n<meta name=\"twitter:site\" content=\"@Nimonik_Inc\" \/>\n<meta name=\"twitter:label1\" content=\"Dur\u00e9e de lecture estim\u00e9e\" \/>\n\t<meta name=\"twitter:data1\" content=\"3 minutes\" \/>\n<script type=\"application\/ld+json\" class=\"yoast-schema-graph\">{\"@context\":\"https:\/\/schema.org\",\"@graph\":[{\"@type\":\"WebPage\",\"@id\":\"https:\/\/nimonik.com\/fr\/avis\/temoignages\/\",\"url\":\"https:\/\/nimonik.com\/fr\/avis\/temoignages\/\",\"name\":\"Meilleurs avis et t\u00e9moignages de Nimonik : D\u00e9couvrez la v\u00e9rit\u00e9 !\",\"isPartOf\":{\"@id\":\"https:\/\/nimonik.com\/fr\/#website\"},\"primaryImageOfPage\":{\"@id\":\"https:\/\/nimonik.com\/fr\/avis\/temoignages\/#primaryimage\"},\"image\":{\"@id\":\"https:\/\/nimonik.com\/fr\/avis\/temoignages\/#primaryimage\"},\"thumbnailUrl\":\"https:\/\/nimonik.com\/wp-content\/uploads\/image6-1.png\",\"datePublished\":\"2024-07-11T11:28:23+00:00\",\"dateModified\":\"2025-03-25T13:36:44+00:00\",\"description\":\"D\u00e9couvrez ce que les utilisateurs pensent vraiment de Nimonik ainsi que des t\u00e9moignages. Des avis honn\u00eates et des \u00e9valuations dans notre dernier r\u00e9sum\u00e9 de critiques.\",\"breadcrumb\":{\"@id\":\"https:\/\/nimonik.com\/fr\/avis\/temoignages\/#breadcrumb\"},\"inLanguage\":\"fr-FR\",\"potentialAction\":[{\"@type\":\"ReadAction\",\"target\":[\"https:\/\/nimonik.com\/fr\/avis\/temoignages\/\"]}]},{\"@type\":\"ImageObject\",\"inLanguage\":\"fr-FR\",\"@id\":\"https:\/\/nimonik.com\/fr\/avis\/temoignages\/#primaryimage\",\"url\":\"https:\/\/nimonik.com\/wp-content\/uploads\/image6-1.png\",\"contentUrl\":\"https:\/\/nimonik.com\/wp-content\/uploads\/image6-1.png\"},{\"@type\":\"BreadcrumbList\",\"@id\":\"https:\/\/nimonik.com\/fr\/avis\/temoignages\/#breadcrumb\",\"itemListElement\":[{\"@type\":\"ListItem\",\"position\":1,\"name\":\"Accueil\",\"item\":\"https:\/\/nimonik.com\/fr\/\"},{\"@type\":\"ListItem\",\"position\":2,\"name\":\"satisfaction clients\",\"item\":\"https:\/\/nimonik.com\/fr\/avis\/\"},{\"@type\":\"ListItem\",\"position\":3,\"name\":\"T\u00c9MOIGNAGES\"}]},{\"@type\":\"WebSite\",\"@id\":\"https:\/\/nimonik.com\/fr\/#website\",\"url\":\"https:\/\/nimonik.com\/fr\/\",\"name\":\"Nimonik Inc.\",\"description\":\"Compliance Management System and Audit Software EHS EHSQ ESG\",\"publisher\":{\"@id\":\"https:\/\/nimonik.com\/fr\/#organization\"},\"alternateName\":\"Nimonik\",\"potentialAction\":[{\"@type\":\"SearchAction\",\"target\":{\"@type\":\"EntryPoint\",\"urlTemplate\":\"https:\/\/nimonik.com\/fr\/?s={search_term_string}\"},\"query-input\":{\"@type\":\"PropertyValueSpecification\",\"valueRequired\":true,\"valueName\":\"search_term_string\"}}],\"inLanguage\":\"fr-FR\"},{\"@type\":\"Organization\",\"@id\":\"https:\/\/nimonik.com\/fr\/#organization\",\"name\":\"Nimonik\",\"alternateName\":\"Nimonik inc.\",\"url\":\"https:\/\/nimonik.com\/fr\/\",\"logo\":{\"@type\":\"ImageObject\",\"inLanguage\":\"fr-FR\",\"@id\":\"https:\/\/nimonik.com\/fr\/#\/schema\/logo\/image\/\",\"url\":\"https:\/\/nimonik.com\/wp-content\/uploads\/Nimonik-Logo-Christmas.png\",\"contentUrl\":\"https:\/\/nimonik.com\/wp-content\/uploads\/Nimonik-Logo-Christmas.png\",\"width\":591,\"height\":198,\"caption\":\"Nimonik\"},\"image\":{\"@id\":\"https:\/\/nimonik.com\/fr\/#\/schema\/logo\/image\/\"},\"sameAs\":[\"https:\/\/www.facebook.com\/NimonikInc\",\"https:\/\/x.com\/Nimonik_Inc\",\"https:\/\/www.youtube.com\/c\/Nimonik_Compliance\",\"https:\/\/www.linkedin.com\/company\/nimonik\/\"]}]}<\/script>\n<!-- \/ Yoast SEO plugin. -->","yoast_head_json":{"title":"Meilleurs avis et t\u00e9moignages de Nimonik : D\u00e9couvrez la v\u00e9rit\u00e9 !","description":"D\u00e9couvrez ce que les utilisateurs pensent vraiment de Nimonik ainsi que des t\u00e9moignages. Des avis honn\u00eates et des \u00e9valuations dans notre dernier r\u00e9sum\u00e9 de critiques.","robots":{"index":"index","follow":"follow","max-snippet":"max-snippet:-1","max-image-preview":"max-image-preview:large","max-video-preview":"max-video-preview:-1"},"canonical":"https:\/\/nimonik.com\/fr\/avis\/temoignages\/","og_locale":"fr_FR","og_type":"article","og_title":"Meilleurs avis et t\u00e9moignages de Nimonik : D\u00e9couvrez la v\u00e9rit\u00e9 !","og_description":"D\u00e9couvrez ce que les utilisateurs pensent vraiment de Nimonik ainsi que des t\u00e9moignages. Des avis honn\u00eates et des \u00e9valuations dans notre dernier r\u00e9sum\u00e9 de critiques.","og_url":"https:\/\/nimonik.com\/fr\/avis\/temoignages\/","og_site_name":"Nimonik","article_publisher":"https:\/\/www.facebook.com\/NimonikInc","article_modified_time":"2025-03-25T13:36:44+00:00","og_image":[{"url":"https:\/\/nimonik.com\/wp-content\/uploads\/image6-1.png","type":"","width":"","height":""}],"twitter_card":"summary_large_image","twitter_site":"@Nimonik_Inc","twitter_misc":{"Dur\u00e9e de lecture estim\u00e9e":"3 minutes"},"schema":{"@context":"https:\/\/schema.org","@graph":[{"@type":"WebPage","@id":"https:\/\/nimonik.com\/fr\/avis\/temoignages\/","url":"https:\/\/nimonik.com\/fr\/avis\/temoignages\/","name":"Meilleurs avis et t\u00e9moignages de Nimonik : D\u00e9couvrez la v\u00e9rit\u00e9 !","isPartOf":{"@id":"https:\/\/nimonik.com\/fr\/#website"},"primaryImageOfPage":{"@id":"https:\/\/nimonik.com\/fr\/avis\/temoignages\/#primaryimage"},"image":{"@id":"https:\/\/nimonik.com\/fr\/avis\/temoignages\/#primaryimage"},"thumbnailUrl":"https:\/\/nimonik.com\/wp-content\/uploads\/image6-1.png","datePublished":"2024-07-11T11:28:23+00:00","dateModified":"2025-03-25T13:36:44+00:00","description":"D\u00e9couvrez ce que les utilisateurs pensent vraiment de Nimonik ainsi que des t\u00e9moignages. Des avis honn\u00eates et des \u00e9valuations dans notre dernier r\u00e9sum\u00e9 de critiques.","breadcrumb":{"@id":"https:\/\/nimonik.com\/fr\/avis\/temoignages\/#breadcrumb"},"inLanguage":"fr-FR","potentialAction":[{"@type":"ReadAction","target":["https:\/\/nimonik.com\/fr\/avis\/temoignages\/"]}]},{"@type":"ImageObject","inLanguage":"fr-FR","@id":"https:\/\/nimonik.com\/fr\/avis\/temoignages\/#primaryimage","url":"https:\/\/nimonik.com\/wp-content\/uploads\/image6-1.png","contentUrl":"https:\/\/nimonik.com\/wp-content\/uploads\/image6-1.png"},{"@type":"BreadcrumbList","@id":"https:\/\/nimonik.com\/fr\/avis\/temoignages\/#breadcrumb","itemListElement":[{"@type":"ListItem","position":1,"name":"Accueil","item":"https:\/\/nimonik.com\/fr\/"},{"@type":"ListItem","position":2,"name":"satisfaction clients","item":"https:\/\/nimonik.com\/fr\/avis\/"},{"@type":"ListItem","position":3,"name":"T\u00c9MOIGNAGES"}]},{"@type":"WebSite","@id":"https:\/\/nimonik.com\/fr\/#website","url":"https:\/\/nimonik.com\/fr\/","name":"Nimonik Inc.","description":"Compliance Management System and Audit Software EHS EHSQ ESG","publisher":{"@id":"https:\/\/nimonik.com\/fr\/#organization"},"alternateName":"Nimonik","potentialAction":[{"@type":"SearchAction","target":{"@type":"EntryPoint","urlTemplate":"https:\/\/nimonik.com\/fr\/?s={search_term_string}"},"query-input":{"@type":"PropertyValueSpecification","valueRequired":true,"valueName":"search_term_string"}}],"inLanguage":"fr-FR"},{"@type":"Organization","@id":"https:\/\/nimonik.com\/fr\/#organization","name":"Nimonik","alternateName":"Nimonik inc.","url":"https:\/\/nimonik.com\/fr\/","logo":{"@type":"ImageObject","inLanguage":"fr-FR","@id":"https:\/\/nimonik.com\/fr\/#\/schema\/logo\/image\/","url":"https:\/\/nimonik.com\/wp-content\/uploads\/Nimonik-Logo-Christmas.png","contentUrl":"https:\/\/nimonik.com\/wp-content\/uploads\/Nimonik-Logo-Christmas.png","width":591,"height":198,"caption":"Nimonik"},"image":{"@id":"https:\/\/nimonik.com\/fr\/#\/schema\/logo\/image\/"},"sameAs":["https:\/\/www.facebook.com\/NimonikInc","https:\/\/x.com\/Nimonik_Inc","https:\/\/www.youtube.com\/c\/Nimonik_Compliance","https:\/\/www.linkedin.com\/company\/nimonik\/"]}]}},"_links":{"self":[{"href":"https:\/\/nimonik.com\/fr\/wp-json\/wp\/v2\/pages\/54940","targetHints":{"allow":["GET"]}}],"collection":[{"href":"https:\/\/nimonik.com\/fr\/wp-json\/wp\/v2\/pages"}],"about":[{"href":"https:\/\/nimonik.com\/fr\/wp-json\/wp\/v2\/types\/page"}],"author":[{"embeddable":true,"href":"https:\/\/nimonik.com\/fr\/wp-json\/wp\/v2\/users\/72"}],"replies":[{"embeddable":true,"href":"https:\/\/nimonik.com\/fr\/wp-json\/wp\/v2\/comments?post=54940"}],"version-history":[{"count":1,"href":"https:\/\/nimonik.com\/fr\/wp-json\/wp\/v2\/pages\/54940\/revisions"}],"predecessor-version":[{"id":54942,"href":"https:\/\/nimonik.com\/fr\/wp-json\/wp\/v2\/pages\/54940\/revisions\/54942"}],"up":[{"embeddable":true,"href":"https:\/\/nimonik.com\/fr\/wp-json\/wp\/v2\/pages\/54886"}],"wp:attachment":[{"href":"https:\/\/nimonik.com\/fr\/wp-json\/wp\/v2\/media?parent=54940"}],"curies":[{"name":"wp","href":"https:\/\/api.w.org\/{rel}","templated":true}]}}