{"id":44868,"date":"2023-08-31T06:34:55","date_gmt":"2023-08-31T11:34:55","guid":{"rendered":"https:\/\/nimonik.com\/request-a-demo\/"},"modified":"2025-01-21T07:54:19","modified_gmt":"2025-01-21T12:54:19","slug":"request-a-demo","status":"publish","type":"page","link":"https:\/\/nimonik.com\/fr\/request-a-demo\/","title":{"rendered":"Planifier une d\u00e9monstration"},"content":{"rendered":"<div class=\"gb-container gb-container-3ebf944a\"><div class=\"gb-inside-container\">\n<div class=\"gb-grid-wrapper gb-grid-wrapper-0b65ff28\">\n<div class=\"gb-grid-column gb-grid-column-e3caf97f\"><div class=\"gb-container gb-container-e3caf97f\"><div class=\"gb-inside-container\">\n\n<h1 class=\"gb-headline gb-headline-3f2906de gb-headline-text\">Planifier une d\u00e9monstration<\/h1>\n\n<\/div><\/div><\/div>\n<\/div>\n\n\n<p class=\"has-accent-color has-text-color has-link-color wp-elements-4514f373ba4ffa427f8d396a272a2f50\" style=\"font-size:20px\">Parlez \u00e0 un expert de Nimonik pour identifier vos besoins en mati\u00e8re de normes, <br>d&rsquo;informations r\u00e9glementaires et de logiciels de gestion.<\/p>\n\n<\/div><div class=\"gb-shapes\"><div class=\"gb-shape gb-shape-1\"><svg xmlns=\"http:\/\/www.w3.org\/2000\/svg\" viewBox=\"0 0 1200 360\" preserveAspectRatio=\"none\"><path d=\"M1200 360H0V0l1200 348z\"\/><\/svg><\/div><\/div><\/div>\n\n<div class=\"gb-container gb-container-34bc0d13\"><div class=\"gb-inside-container\">\n<div class=\"gb-grid-wrapper gb-grid-wrapper-4af1892b\">\n<div class=\"gb-grid-column gb-grid-column-76c4b4ee\"><div class=\"gb-container gb-container-76c4b4ee\"><div class=\"gb-inside-container\">\n\n<p>D\u00e9couvrez comment Nimonik peut transformer la fa\u00e7on dont vous g\u00e9rez la conformit\u00e9. Notre \u00e9quipe d&rsquo;experts est impatiente de vous guider \u00e0 travers les puissantes fonctionnalit\u00e9s, adapt\u00e9es \u00e0 vos besoins et d\u00e9fis sp\u00e9cifiques.<\/p>\n\n\n\n<p><strong>Faites le premier pas vers une conformit\u00e9 compl\u00e8te en demandant une d\u00e9monstration personnalis\u00e9e.<\/strong><\/p>\n\n\n\n<figure class=\"wp-block-image size-large\"><img decoding=\"async\" width=\"1024\" height=\"576\" src=\"https:\/\/nimonik.com\/wp-content\/uploads\/\/Nimonik_ComprehensiveCompliance_French-1024x576.jpg\" alt=\"\" class=\"wp-image-44872\" srcset=\"https:\/\/nimonik.com\/wp-content\/uploads\/Nimonik_ComprehensiveCompliance_French-1024x576.jpg 1024w, https:\/\/nimonik.com\/wp-content\/uploads\/Nimonik_ComprehensiveCompliance_French-300x169.jpg 300w, https:\/\/nimonik.com\/wp-content\/uploads\/Nimonik_ComprehensiveCompliance_French-1536x864.jpg 1536w, https:\/\/nimonik.com\/wp-content\/uploads\/Nimonik_ComprehensiveCompliance_French.jpg 1920w\" sizes=\"(max-width: 1024px) 100vw, 1024px\" \/><\/figure>\n\n<\/div><\/div><\/div>\n\n<div class=\"gb-grid-column gb-grid-column-84f5b886\"><div class=\"gb-container gb-container-84f5b886\"><div class=\"gb-inside-container\">\n\n<div class=\"wpcf7 no-js\" id=\"wpcf7-f46584-o1\" lang=\"fr-FR\" dir=\"ltr\" data-wpcf7-id=\"46584\">\n<div class=\"screen-reader-response\"><p role=\"status\" aria-live=\"polite\" aria-atomic=\"true\"><\/p> <ul><\/ul><\/div>\n<form action=\"\/fr\/wp-json\/wp\/v2\/pages\/44868#wpcf7-f46584-o1\" method=\"post\" class=\"wpcf7-form init\" aria-label=\"Formulaire de contact\" novalidate=\"novalidate\" data-status=\"init\">\n<fieldset class=\"hidden-fields-container\"><input type=\"hidden\" name=\"_wpcf7\" value=\"46584\" \/><input type=\"hidden\" name=\"_wpcf7_version\" value=\"6.1.5\" \/><input type=\"hidden\" name=\"_wpcf7_locale\" value=\"fr_FR\" \/><input type=\"hidden\" name=\"_wpcf7_unit_tag\" value=\"wpcf7-f46584-o1\" \/><input type=\"hidden\" name=\"_wpcf7_container_post\" value=\"0\" \/><input type=\"hidden\" name=\"_wpcf7_posted_data_hash\" value=\"\" \/><input type=\"hidden\" name=\"_wpcf7_recaptcha_response\" value=\"\" \/>\n<\/fieldset>\n<div class=\"bjm-demo-form\">\n\t<div class=\"form-group\">\n\t\t<p><span class=\"wpcf7-form-control-wrap\"><span class=\"wpcf7-form-control-wrap\" data-name=\"usr_email\"><input size=\"40\" maxlength=\"400\" class=\"wpcf7-form-control wpcf7-email wpcf7-validates-as-required wpcf7-text wpcf7-validates-as-email\" aria-required=\"true\" aria-invalid=\"false\" placeholder=\"Courriel d&#039;affaire*\" value=\"\" type=\"email\" name=\"usr_email\" \/><\/span><\/span>\n\t\t<\/p>\n\t<\/div>\n\t<div class=\"form-group\">\n\t\t<p><span class=\"wpcf7-form-control-wrap\"><span class=\"wpcf7-form-control-wrap\" data-name=\"usr_name\"><input size=\"40\" maxlength=\"400\" class=\"wpcf7-form-control wpcf7-text wpcf7-validates-as-required\" aria-required=\"true\" aria-invalid=\"false\" placeholder=\"Nom complet*\" value=\"\" type=\"text\" name=\"usr_name\" \/><\/span><\/span>\n\t\t<\/p>\n\t<\/div>\n\t<div class=\"form-group checkbox-mod\">\n\t\t<p><span class=\"wpcf7-form-control-wrap\"><label for=\"check\"><span class=\"wpcf7-form-control-wrap\" data-name=\"usr_phone\"><input size=\"40\" maxlength=\"400\" class=\"wpcf7-form-control wpcf7-text wpcf7-validates-as-required\" aria-required=\"true\" aria-invalid=\"false\" placeholder=\"T\u00e9l\u00e9phone*\" value=\"\" type=\"text\" name=\"usr_phone\" \/><\/span><\/label><\/span>\n\t\t<\/p>\n\t<\/div>\n\t<div class=\"form-group\">\n\t\t<p><span class=\"wpcf7-form-control-wrap\"><span class=\"wpcf7-form-control-wrap\" data-name=\"usr_organization\"><input size=\"40\" maxlength=\"400\" class=\"wpcf7-form-control wpcf7-text wpcf7-validates-as-required\" aria-required=\"true\" aria-invalid=\"false\" placeholder=\"Organisation*\" value=\"\" type=\"text\" name=\"usr_organization\" \/><\/span><\/span>\n\t\t<\/p>\n\t<\/div>\n\t<div class=\"form-group\">\n\t\t<p><span class=\"wpcf7-form-control-wrap\"><span class=\"wpcf7-form-control-wrap\" data-name=\"usr_country\"><input size=\"40\" maxlength=\"400\" class=\"wpcf7-form-control wpcf7-text wpcf7-validates-as-required\" aria-required=\"true\" aria-invalid=\"false\" placeholder=\"Pays*\" value=\"\" type=\"text\" name=\"usr_country\" \/><\/span><\/span>\n\t\t<\/p>\n\t<\/div>\n\t<div class=\"form-group\">\n\t\t<p><span class=\"wpcf7-form-control-wrap\"><span class=\"wpcf7-form-control-wrap\" data-name=\"usr_industry\"><select class=\"wpcf7-form-control wpcf7-select wpcf7-validates-as-required\" aria-required=\"true\" aria-invalid=\"false\" name=\"usr_industry\"><option value=\"\">Industrie*<\/option><option value=\"Automobile\">Automobile<\/option><option value=\"Consultant\">Consultant<\/option><option value=\"Gestion des installations\">Gestion des installations<\/option><option value=\"Production alimentaire\">Production alimentaire<\/option><option value=\"Gouvernements et organismes publics\">Gouvernements et organismes publics<\/option><option value=\"Logistique\">Logistique<\/option><option value=\"Dispositifs m\u00e9dicaux\">Dispositifs m\u00e9dicaux<\/option><option value=\"Industrie mini\u00e8re\">Industrie mini\u00e8re<\/option><option value=\"P\u00e9trole et gaz naturel - en amount et en aval\">P\u00e9trole et gaz naturel - en amount et en aval<\/option><option value=\"Ol\u00e9oducs et gazoducs\">Ol\u00e9oducs et gazoducs<\/option><option value=\"Autre\">Autre<\/option><\/select><\/span><\/span>\n\t\t<\/p>\n\t<\/div>\n\t<div class=\"form-group\">\n\t\t<p><span class=\"wpcf7-form-control-wrap check_box_list\"><strong>Quels services vous int\u00e9ressent*<\/strong><br \/>\n<span class=\"wpcf7-form-control-wrap\" data-name=\"usr_services\"><span class=\"wpcf7-form-control wpcf7-checkbox wpcf7-validates-as-required\"><span class=\"wpcf7-list-item first\"><label><input type=\"checkbox\" name=\"usr_services[]\" value=\"Mises \u00e0 jour r\u00e9glementaires et registres juridiques\" \/><span class=\"wpcf7-list-item-label\">Mises \u00e0 jour r\u00e9glementaires et registres juridiques<\/span><\/label><\/span><span class=\"wpcf7-list-item\"><label><input type=\"checkbox\" name=\"usr_services[]\" value=\"Normes industrielles\" \/><span class=\"wpcf7-list-item-label\">Normes industrielles<\/span><\/label><\/span><span class=\"wpcf7-list-item\"><label><input type=\"checkbox\" name=\"usr_services[]\" value=\"Logiciel d\u2019audit\" \/><span class=\"wpcf7-list-item-label\">Logiciel d\u2019audit<\/span><\/label><\/span><span class=\"wpcf7-list-item last\"><label><input type=\"checkbox\" name=\"usr_services[]\" value=\"Autre\" \/><span class=\"wpcf7-list-item-label\">Autre<\/span><\/label><\/span><\/span><\/span><\/span>\n\t\t<\/p>\n\t<\/div>\n\t<div class=\"form-group\">\n\t\t<p><span class=\"wpcf7-form-control-wrap\"><span class=\"wpcf7-form-control-wrap\" data-name=\"usr_services_other\"><input size=\"40\" maxlength=\"400\" class=\"wpcf7-form-control wpcf7-text\" aria-invalid=\"false\" placeholder=\"Si autre, veuillez pr\u00e9ciser&hellip;\" value=\"\" type=\"text\" name=\"usr_services_other\" \/><\/span><\/span>\n\t\t<\/p>\n\t<\/div>\n\t<div class=\"form-group\" style=\"padding-right:18px\">\n\t\t<p><span class=\"wpcf7-form-control-wrap\" data-name=\"agree-contact\"><span class=\"wpcf7-form-control wpcf7-checkbox wpcf7-validates-as-required\"><span class=\"wpcf7-list-item first last\"><label><input type=\"checkbox\" name=\"agree-contact[]\" value=\"J&#039;accepte que Nimonik communique avec moi concernant cette pr\u00e9sente demande et pour promouvoir leurs produits et services. Je peux me d\u00e9sabonner \u00e0 tout temps.*\" \/><span class=\"wpcf7-list-item-label\">J&#039;accepte que Nimonik communique avec moi concernant cette pr\u00e9sente demande et pour promouvoir leurs produits et services. Je peux me d\u00e9sabonner \u00e0 tout temps.*<\/span><\/label><\/span><\/span><\/span>\n\t\t<input class=\"wpcf7-form-control wpcf7-hidden\" value=\"FR\" type=\"hidden\" name=\"Language\" \/><br \/>\n<input class=\"wpcf7-form-control wpcf7-submit has-spinner submit-class\" type=\"submit\" value=\"Envoyer\" \/>\n\t\t<\/p>\n\t<\/div>\n\t<div class=\"safe-info\">\n\t\t<p><span class=\"svg-wrap\"><svg xmlns=\"https:\/\/www.w3.org\/2000\/svg\" viewBox=\"0 0 819 1024\" with=\"20\" height=\"20\" fill=\"#ffffff\"><path d=\"M409.499 60.491c-98.429 0-195.125 84.821-199.136 210.004H83.069c-45.718 0-85.083 36.3-82.994 82.038l24.277 529.599c2.026 44.584 37.276 81.377 82.994 81.377h604.308c45.718 0 80.956-36.793 82.994-81.377l24.277-529.599c2.1-45.738-37.276-82.038-82.994-82.038H608.637C603.513 145.101 507.605 60.491 409.501 60.491zm0 21.001c85.808 0 173.075 74.288 178.136 189.004H231.363c4-114.368 92.002-189.004 178.136-189.004zM83.069 291.496H735.93c34.629 0 63.515 26.922 62.004 60.051l-24.287 529.599c-1.575 34.283-27.363 61.363-61.994 61.363H107.345c-34.629 0-60.439-27.09-62.004-61.363L21.064 351.558c-1.512-33.139 27.375-60.061 62.004-60.061z\"\/><\/svg><\/span><br \/>\n<span>Appelez-nous au bureau:<\/span>\n\t\t<\/p>\n\t<\/div>\n\t<ul class=\"info-list\">\n\t\t<li>\n\t\t\t<p><a href=\"tel:+18886087511\">+1 888-608-7511<\/a>\n\t\t\t<\/p>\n\t\t<\/li>\n\t<\/ul>\n<\/div>\n<input class=\"wpcf7-form-control wpcf7-hidden\" value=\"\" type=\"hidden\" name=\"utm_source\" \/>\n<input class=\"wpcf7-form-control wpcf7-hidden\" value=\"\" type=\"hidden\" name=\"utm_medium\" \/>\n<input class=\"wpcf7-form-control wpcf7-hidden\" value=\"\" type=\"hidden\" name=\"utm_campaign\" \/>\n<input class=\"wpcf7-form-control wpcf7-hidden\" value=\"\" type=\"hidden\" name=\"utm_keyword\" \/>\n<input class=\"wpcf7-form-control wpcf7-hidden\" value=\"\" type=\"hidden\" name=\"utm_content\" \/>\n<input class=\"wpcf7-form-control wpcf7-hidden\" value=\"\" type=\"hidden\" name=\"add_pipelinedeals_lead\" \/>\n<p><script>\ndocument.addEventListener( 'wpcf7mailsent', function( event ) {\n location = 'https:\/\/nimonik.com\/fr\/merci-pour-votre-requete\/';\n}, false );\n<\/script>\n<\/p><input type='hidden' class='wpcf7-pum' value='{\"closepopup\":false,\"closedelay\":0,\"openpopup\":false,\"openpopup_id\":0}' \/><div class=\"wpcf7-response-output\" aria-hidden=\"true\"><\/div>\n<\/form>\n<\/div>\n\n\n<\/div><\/div><\/div>\n<\/div>\n<\/div><\/div>","protected":false},"excerpt":{"rendered":"<p>Parlez \u00e0 un expert de Nimonik pour identifier vos besoins en mati\u00e8re de normes, d&rsquo;informations r\u00e9glementaires et de logiciels de gestion.<\/p>\n","protected":false},"author":72,"featured_media":0,"parent":0,"menu_order":0,"comment_status":"closed","ping_status":"closed","template":"","meta":{"_acf_changed":false,"footnotes":""},"class_list":{"0":"post-44868","1":"page","2":"type-page","3":"status-publish","5":"no-featured-image-padding"},"acf":[],"yoast_head":"<!-- This site is optimized with the Yoast SEO plugin v27.2 - https:\/\/yoast.com\/product\/yoast-seo-wordpress\/ -->\n<title>Planifier une d\u00e9monstration | Nimonik<\/title>\n<meta name=\"description\" content=\"Discover how Nimonik can transform the way you manage compliance. We&#039;ll guide you through the powerful features, tailored to meet your needs.\" \/>\n<meta name=\"robots\" content=\"index, follow, max-snippet:-1, max-image-preview:large, max-video-preview:-1\" \/>\n<link rel=\"canonical\" href=\"https:\/\/nimonik.com\/fr\/request-a-demo\/\" \/>\n<meta property=\"og:locale\" content=\"fr_FR\" \/>\n<meta property=\"og:type\" content=\"article\" \/>\n<meta property=\"og:title\" content=\"Planifier une d\u00e9monstration | Nimonik\" \/>\n<meta property=\"og:description\" content=\"Discover how Nimonik can transform the way you manage compliance. We&#039;ll guide you through the powerful features, tailored to meet your needs.\" \/>\n<meta property=\"og:url\" content=\"https:\/\/nimonik.com\/fr\/request-a-demo\/\" \/>\n<meta property=\"og:site_name\" content=\"Nimonik\" \/>\n<meta property=\"article:publisher\" content=\"https:\/\/www.facebook.com\/NimonikInc\" \/>\n<meta property=\"article:modified_time\" content=\"2025-01-21T12:54:19+00:00\" \/>\n<meta property=\"og:image\" content=\"https:\/\/nimonik.com\/wp-content\/uploads\/\/Nimonik_ComprehensiveCompliance_French-1024x576.jpg\" \/>\n<meta name=\"twitter:card\" content=\"summary_large_image\" \/>\n<meta name=\"twitter:site\" content=\"@Nimonik_Inc\" \/>\n<meta name=\"twitter:label1\" content=\"Dur\u00e9e de lecture estim\u00e9e\" \/>\n\t<meta name=\"twitter:data1\" content=\"1 minute\" \/>\n<script type=\"application\/ld+json\" class=\"yoast-schema-graph\">{\"@context\":\"https:\/\/schema.org\",\"@graph\":[{\"@type\":\"WebPage\",\"@id\":\"https:\/\/nimonik.com\/fr\/request-a-demo\/\",\"url\":\"https:\/\/nimonik.com\/fr\/request-a-demo\/\",\"name\":\"Planifier une d\u00e9monstration | Nimonik\",\"isPartOf\":{\"@id\":\"https:\/\/nimonik.com\/fr\/#website\"},\"primaryImageOfPage\":{\"@id\":\"https:\/\/nimonik.com\/fr\/request-a-demo\/#primaryimage\"},\"image\":{\"@id\":\"https:\/\/nimonik.com\/fr\/request-a-demo\/#primaryimage\"},\"thumbnailUrl\":\"https:\/\/nimonik.com\/wp-content\/uploads\/\/Nimonik_ComprehensiveCompliance_French-1024x576.jpg\",\"datePublished\":\"2023-08-31T11:34:55+00:00\",\"dateModified\":\"2025-01-21T12:54:19+00:00\",\"description\":\"Discover how Nimonik can transform the way you manage compliance. We'll guide you through the powerful features, tailored to meet your needs.\",\"breadcrumb\":{\"@id\":\"https:\/\/nimonik.com\/fr\/request-a-demo\/#breadcrumb\"},\"inLanguage\":\"fr-FR\",\"potentialAction\":[{\"@type\":\"ReadAction\",\"target\":[\"https:\/\/nimonik.com\/fr\/request-a-demo\/\"]}]},{\"@type\":\"ImageObject\",\"inLanguage\":\"fr-FR\",\"@id\":\"https:\/\/nimonik.com\/fr\/request-a-demo\/#primaryimage\",\"url\":\"https:\/\/nimonik.com\/wp-content\/uploads\/\/Nimonik_ComprehensiveCompliance_French-1024x576.jpg\",\"contentUrl\":\"https:\/\/nimonik.com\/wp-content\/uploads\/\/Nimonik_ComprehensiveCompliance_French-1024x576.jpg\"},{\"@type\":\"BreadcrumbList\",\"@id\":\"https:\/\/nimonik.com\/fr\/request-a-demo\/#breadcrumb\",\"itemListElement\":[{\"@type\":\"ListItem\",\"position\":1,\"name\":\"Accueil\",\"item\":\"https:\/\/nimonik.com\/fr\/\"},{\"@type\":\"ListItem\",\"position\":2,\"name\":\"Planifier une d\u00e9monstration\"}]},{\"@type\":\"WebSite\",\"@id\":\"https:\/\/nimonik.com\/fr\/#website\",\"url\":\"https:\/\/nimonik.com\/fr\/\",\"name\":\"Nimonik Inc.\",\"description\":\"Compliance Management System and Audit Software EHS EHSQ ESG\",\"publisher\":{\"@id\":\"https:\/\/nimonik.com\/fr\/#organization\"},\"alternateName\":\"Nimonik\",\"potentialAction\":[{\"@type\":\"SearchAction\",\"target\":{\"@type\":\"EntryPoint\",\"urlTemplate\":\"https:\/\/nimonik.com\/fr\/?s={search_term_string}\"},\"query-input\":{\"@type\":\"PropertyValueSpecification\",\"valueRequired\":true,\"valueName\":\"search_term_string\"}}],\"inLanguage\":\"fr-FR\"},{\"@type\":\"Organization\",\"@id\":\"https:\/\/nimonik.com\/fr\/#organization\",\"name\":\"Nimonik\",\"alternateName\":\"Nimonik inc.\",\"url\":\"https:\/\/nimonik.com\/fr\/\",\"logo\":{\"@type\":\"ImageObject\",\"inLanguage\":\"fr-FR\",\"@id\":\"https:\/\/nimonik.com\/fr\/#\/schema\/logo\/image\/\",\"url\":\"https:\/\/nimonik.com\/wp-content\/uploads\/Nimonik-Logo-Christmas.png\",\"contentUrl\":\"https:\/\/nimonik.com\/wp-content\/uploads\/Nimonik-Logo-Christmas.png\",\"width\":591,\"height\":198,\"caption\":\"Nimonik\"},\"image\":{\"@id\":\"https:\/\/nimonik.com\/fr\/#\/schema\/logo\/image\/\"},\"sameAs\":[\"https:\/\/www.facebook.com\/NimonikInc\",\"https:\/\/x.com\/Nimonik_Inc\",\"https:\/\/www.youtube.com\/c\/Nimonik_Compliance\",\"https:\/\/www.linkedin.com\/company\/nimonik\/\"]}]}<\/script>\n<!-- \/ Yoast SEO plugin. -->","yoast_head_json":{"title":"Planifier une d\u00e9monstration | Nimonik","description":"Discover how Nimonik can transform the way you manage compliance. We'll guide you through the powerful features, tailored to meet your needs.","robots":{"index":"index","follow":"follow","max-snippet":"max-snippet:-1","max-image-preview":"max-image-preview:large","max-video-preview":"max-video-preview:-1"},"canonical":"https:\/\/nimonik.com\/fr\/request-a-demo\/","og_locale":"fr_FR","og_type":"article","og_title":"Planifier une d\u00e9monstration | Nimonik","og_description":"Discover how Nimonik can transform the way you manage compliance. We'll guide you through the powerful features, tailored to meet your needs.","og_url":"https:\/\/nimonik.com\/fr\/request-a-demo\/","og_site_name":"Nimonik","article_publisher":"https:\/\/www.facebook.com\/NimonikInc","article_modified_time":"2025-01-21T12:54:19+00:00","og_image":[{"url":"https:\/\/nimonik.com\/wp-content\/uploads\/\/Nimonik_ComprehensiveCompliance_French-1024x576.jpg","type":"","width":"","height":""}],"twitter_card":"summary_large_image","twitter_site":"@Nimonik_Inc","twitter_misc":{"Dur\u00e9e de lecture estim\u00e9e":"1 minute"},"schema":{"@context":"https:\/\/schema.org","@graph":[{"@type":"WebPage","@id":"https:\/\/nimonik.com\/fr\/request-a-demo\/","url":"https:\/\/nimonik.com\/fr\/request-a-demo\/","name":"Planifier une d\u00e9monstration | Nimonik","isPartOf":{"@id":"https:\/\/nimonik.com\/fr\/#website"},"primaryImageOfPage":{"@id":"https:\/\/nimonik.com\/fr\/request-a-demo\/#primaryimage"},"image":{"@id":"https:\/\/nimonik.com\/fr\/request-a-demo\/#primaryimage"},"thumbnailUrl":"https:\/\/nimonik.com\/wp-content\/uploads\/\/Nimonik_ComprehensiveCompliance_French-1024x576.jpg","datePublished":"2023-08-31T11:34:55+00:00","dateModified":"2025-01-21T12:54:19+00:00","description":"Discover how Nimonik can transform the way you manage compliance. We'll guide you through the powerful features, tailored to meet your needs.","breadcrumb":{"@id":"https:\/\/nimonik.com\/fr\/request-a-demo\/#breadcrumb"},"inLanguage":"fr-FR","potentialAction":[{"@type":"ReadAction","target":["https:\/\/nimonik.com\/fr\/request-a-demo\/"]}]},{"@type":"ImageObject","inLanguage":"fr-FR","@id":"https:\/\/nimonik.com\/fr\/request-a-demo\/#primaryimage","url":"https:\/\/nimonik.com\/wp-content\/uploads\/\/Nimonik_ComprehensiveCompliance_French-1024x576.jpg","contentUrl":"https:\/\/nimonik.com\/wp-content\/uploads\/\/Nimonik_ComprehensiveCompliance_French-1024x576.jpg"},{"@type":"BreadcrumbList","@id":"https:\/\/nimonik.com\/fr\/request-a-demo\/#breadcrumb","itemListElement":[{"@type":"ListItem","position":1,"name":"Accueil","item":"https:\/\/nimonik.com\/fr\/"},{"@type":"ListItem","position":2,"name":"Planifier une d\u00e9monstration"}]},{"@type":"WebSite","@id":"https:\/\/nimonik.com\/fr\/#website","url":"https:\/\/nimonik.com\/fr\/","name":"Nimonik Inc.","description":"Compliance Management System and Audit Software EHS EHSQ ESG","publisher":{"@id":"https:\/\/nimonik.com\/fr\/#organization"},"alternateName":"Nimonik","potentialAction":[{"@type":"SearchAction","target":{"@type":"EntryPoint","urlTemplate":"https:\/\/nimonik.com\/fr\/?s={search_term_string}"},"query-input":{"@type":"PropertyValueSpecification","valueRequired":true,"valueName":"search_term_string"}}],"inLanguage":"fr-FR"},{"@type":"Organization","@id":"https:\/\/nimonik.com\/fr\/#organization","name":"Nimonik","alternateName":"Nimonik inc.","url":"https:\/\/nimonik.com\/fr\/","logo":{"@type":"ImageObject","inLanguage":"fr-FR","@id":"https:\/\/nimonik.com\/fr\/#\/schema\/logo\/image\/","url":"https:\/\/nimonik.com\/wp-content\/uploads\/Nimonik-Logo-Christmas.png","contentUrl":"https:\/\/nimonik.com\/wp-content\/uploads\/Nimonik-Logo-Christmas.png","width":591,"height":198,"caption":"Nimonik"},"image":{"@id":"https:\/\/nimonik.com\/fr\/#\/schema\/logo\/image\/"},"sameAs":["https:\/\/www.facebook.com\/NimonikInc","https:\/\/x.com\/Nimonik_Inc","https:\/\/www.youtube.com\/c\/Nimonik_Compliance","https:\/\/www.linkedin.com\/company\/nimonik\/"]}]}},"_links":{"self":[{"href":"https:\/\/nimonik.com\/fr\/wp-json\/wp\/v2\/pages\/44868","targetHints":{"allow":["GET"]}}],"collection":[{"href":"https:\/\/nimonik.com\/fr\/wp-json\/wp\/v2\/pages"}],"about":[{"href":"https:\/\/nimonik.com\/fr\/wp-json\/wp\/v2\/types\/page"}],"author":[{"embeddable":true,"href":"https:\/\/nimonik.com\/fr\/wp-json\/wp\/v2\/users\/72"}],"replies":[{"embeddable":true,"href":"https:\/\/nimonik.com\/fr\/wp-json\/wp\/v2\/comments?post=44868"}],"version-history":[{"count":9,"href":"https:\/\/nimonik.com\/fr\/wp-json\/wp\/v2\/pages\/44868\/revisions"}],"predecessor-version":[{"id":54913,"href":"https:\/\/nimonik.com\/fr\/wp-json\/wp\/v2\/pages\/44868\/revisions\/54913"}],"wp:attachment":[{"href":"https:\/\/nimonik.com\/fr\/wp-json\/wp\/v2\/media?parent=44868"}],"curies":[{"name":"wp","href":"https:\/\/api.w.org\/{rel}","templated":true}]}}