{"id":39890,"date":"2022-12-07T12:52:34","date_gmt":"2022-12-07T17:52:34","guid":{"rendered":"https:\/\/nimonik.com\/conferences\/"},"modified":"2026-02-10T14:50:30","modified_gmt":"2026-02-10T19:50:30","slug":"evenements","status":"publish","type":"page","link":"https:\/\/nimonik.com\/fr\/evenements\/","title":{"rendered":"\u00c9v\u00e9nements"},"content":{"rendered":"<div class=\"gb-container gb-container-3ebf944a\"><div class=\"gb-inside-container\">\n<div class=\"gb-grid-wrapper gb-grid-wrapper-0b65ff28\">\n<div class=\"gb-grid-column gb-grid-column-e3caf97f\"><div class=\"gb-container gb-container-e3caf97f\"><div class=\"gb-inside-container\">\n\n<h1 class=\"gb-headline gb-headline-3f2906de gb-headline-text\">\u00c9v\u00e9nements<\/h1>\n\n<\/div><\/div><\/div>\n<\/div>\n<\/div><div class=\"gb-shapes\"><div class=\"gb-shape gb-shape-1\"><svg xmlns=\"http:\/\/www.w3.org\/2000\/svg\" viewBox=\"0 0 1200 360\" preserveAspectRatio=\"none\"><path d=\"M1200 360H0V0l1200 348z\"\/><\/svg><\/div><\/div><\/div>\n\n<div class=\"gb-container gb-container-34bc0d13\"><div class=\"gb-inside-container\">\n\n<h2 class=\"wp-block-heading\">\u00c9v\u00e9nements ant\u00e9rieures<\/h2>\n\n\n\n<ul class=\"wp-block-list\">\n<li><a href=\"https:\/\/nimonik.com\/blog\/calgary-regulatory-and-standards-cocktail-event-february-13\/\">Nimonik Cocktail Event on Standards and Regulations in the Oil &amp; Gas Sector \u2013 Calgary, AB, Canada : February 13th, 2025<\/a><\/li>\n\n\n\n<li><a href=\"https:\/\/ecoimpact.ca\/?utm_source=google&amp;utm_medium=cpc&amp;utm_campaign=22039137002&amp;utm_term=environmental%20events&amp;utm_content=725938248173&amp;gad_source=1&amp;gclid=CjwKCAiAnKi8BhB0EiwA58DA4eQKGsf5w6le2OKAB-Jv9NMIKoyixCaNLqhBVfCmsr22knO7KF1HURoCkfIQAvD_BwE\">ECO Canada Impact Awards \u2013 Calgary, AB, Canada Feb 12-13, 2025<\/a>&nbsp;(Nimonik spoke about AI and Compliance Tools)<\/li>\n\n\n\n<li><a href=\"https:\/\/www.ses-standards.org\/BlankCustom.asp?page=SES-2025-Conference\">SES Annual Conference in New Orleans, LA, United States<\/a> March 19-21, 2024 (Nimonik spoke about AI and Compliance Tools)<\/li>\n\n\n\n<li><a href=\"https:\/\/canect.net\/\">CANECT 2025 &#8211; Vaughn, ON, Canada<\/a><\/li>\n\n\n\n<li><a href=\"https:\/\/nimonik.com\/2023\/11\/canect-fall-2023-summary\/\">CANECT 2024 &#8211; Toronto, ON, Canada<\/a><\/li>\n\n\n\n<li><a href=\"https:\/\/nimonik.com\/2023\/11\/canect-fall-2023-summary\/\">CANECT Fall 2023 <\/a><a href=\"https:\/\/nimonik.com\/2023\/11\/canect-fall-2023-summary\/\">&#8211; Toronto, ON, Canada<\/a><\/li>\n\n\n\n<li><a href=\"https:\/\/nimonik.com\/2023\/08\/discussion-with-the-cer-about-onshore-pipeline-regulations-2023\/\">Discussion with the CER about Onshore Pipeline Regulations &#8211; Calgary, AB, Canada<\/a><\/li>\n\n\n\n<li><a href=\"https:\/\/nimonik.com\/2023\/08\/ai-and-llm-impacts-on-regulatory-analysis\/\">AI and LLM Impact on Regulatory Analysis<\/a><\/li>\n\n\n\n<li><a href=\"https:\/\/nimonik.com\/2023\/02\/calgary-oil-gas-regulatory-and-standards-compliance-day-2\/\">Calgary Oil &amp; Gas Regulatory and Standards Compliance Day &#8211; Calgary, January 18th, 2022<\/a><\/li>\n<\/ul>\n\n<\/div><\/div>","protected":false},"excerpt":{"rendered":"<p>\u00c9v\u00e9nements ant\u00e9rieures<\/p>\n","protected":false},"author":66,"featured_media":0,"parent":0,"menu_order":0,"comment_status":"closed","ping_status":"closed","template":"","meta":{"_acf_changed":false,"footnotes":""},"class_list":{"0":"post-39890","1":"page","2":"type-page","3":"status-publish","5":"no-featured-image-padding"},"acf":[],"yoast_head":"<!-- This site is optimized with the Yoast SEO plugin v27.2 - https:\/\/yoast.com\/product\/yoast-seo-wordpress\/ -->\n<title>\u00c9v\u00e9nements | Nimonik<\/title>\n<meta name=\"description\" content=\"D\u00e9couvrez les \u00e9v\u00e9nements auxquels Nimonik participera prochainement, ainsi que les \u00e9v\u00e9nements m\u00e9morables que nous avons organis\u00e9s ou parrain\u00e9s.\" \/>\n<meta name=\"robots\" content=\"index, follow, max-snippet:-1, max-image-preview:large, max-video-preview:-1\" \/>\n<link rel=\"canonical\" href=\"https:\/\/nimonik.com\/fr\/evenements\/\" \/>\n<meta property=\"og:locale\" content=\"fr_FR\" \/>\n<meta property=\"og:type\" content=\"article\" \/>\n<meta property=\"og:title\" content=\"\u00c9v\u00e9nements | Nimonik\" \/>\n<meta property=\"og:description\" content=\"D\u00e9couvrez les \u00e9v\u00e9nements auxquels Nimonik participera prochainement, ainsi que les \u00e9v\u00e9nements m\u00e9morables que nous avons organis\u00e9s ou parrain\u00e9s.\" \/>\n<meta property=\"og:url\" content=\"https:\/\/nimonik.com\/fr\/evenements\/\" \/>\n<meta property=\"og:site_name\" content=\"Nimonik\" \/>\n<meta property=\"article:publisher\" content=\"https:\/\/www.facebook.com\/NimonikInc\" \/>\n<meta property=\"article:modified_time\" content=\"2026-02-10T19:50:30+00:00\" \/>\n<meta name=\"twitter:card\" content=\"summary_large_image\" \/>\n<meta name=\"twitter:site\" content=\"@Nimonik_Inc\" \/>\n<meta name=\"twitter:label1\" content=\"Dur\u00e9e de lecture estim\u00e9e\" \/>\n\t<meta name=\"twitter:data1\" content=\"1 minute\" \/>\n<script type=\"application\/ld+json\" class=\"yoast-schema-graph\">{\"@context\":\"https:\/\/schema.org\",\"@graph\":[{\"@type\":\"WebPage\",\"@id\":\"https:\/\/nimonik.com\/fr\/evenements\/\",\"url\":\"https:\/\/nimonik.com\/fr\/evenements\/\",\"name\":\"\u00c9v\u00e9nements | Nimonik\",\"isPartOf\":{\"@id\":\"https:\/\/nimonik.com\/fr\/#website\"},\"datePublished\":\"2022-12-07T17:52:34+00:00\",\"dateModified\":\"2026-02-10T19:50:30+00:00\",\"description\":\"D\u00e9couvrez les \u00e9v\u00e9nements auxquels Nimonik participera prochainement, ainsi que les \u00e9v\u00e9nements m\u00e9morables que nous avons organis\u00e9s ou parrain\u00e9s.\",\"breadcrumb\":{\"@id\":\"https:\/\/nimonik.com\/fr\/evenements\/#breadcrumb\"},\"inLanguage\":\"fr-FR\",\"potentialAction\":[{\"@type\":\"ReadAction\",\"target\":[\"https:\/\/nimonik.com\/fr\/evenements\/\"]}]},{\"@type\":\"BreadcrumbList\",\"@id\":\"https:\/\/nimonik.com\/fr\/evenements\/#breadcrumb\",\"itemListElement\":[{\"@type\":\"ListItem\",\"position\":1,\"name\":\"Accueil\",\"item\":\"https:\/\/nimonik.com\/fr\/\"},{\"@type\":\"ListItem\",\"position\":2,\"name\":\"\u00c9v\u00e9nements\"}]},{\"@type\":\"WebSite\",\"@id\":\"https:\/\/nimonik.com\/fr\/#website\",\"url\":\"https:\/\/nimonik.com\/fr\/\",\"name\":\"Nimonik Inc.\",\"description\":\"Compliance Management System and Audit Software EHS EHSQ ESG\",\"publisher\":{\"@id\":\"https:\/\/nimonik.com\/fr\/#organization\"},\"alternateName\":\"Nimonik\",\"potentialAction\":[{\"@type\":\"SearchAction\",\"target\":{\"@type\":\"EntryPoint\",\"urlTemplate\":\"https:\/\/nimonik.com\/fr\/?s={search_term_string}\"},\"query-input\":{\"@type\":\"PropertyValueSpecification\",\"valueRequired\":true,\"valueName\":\"search_term_string\"}}],\"inLanguage\":\"fr-FR\"},{\"@type\":\"Organization\",\"@id\":\"https:\/\/nimonik.com\/fr\/#organization\",\"name\":\"Nimonik\",\"alternateName\":\"Nimonik inc.\",\"url\":\"https:\/\/nimonik.com\/fr\/\",\"logo\":{\"@type\":\"ImageObject\",\"inLanguage\":\"fr-FR\",\"@id\":\"https:\/\/nimonik.com\/fr\/#\/schema\/logo\/image\/\",\"url\":\"https:\/\/nimonik.com\/wp-content\/uploads\/Nimonik-Logo-Christmas.png\",\"contentUrl\":\"https:\/\/nimonik.com\/wp-content\/uploads\/Nimonik-Logo-Christmas.png\",\"width\":591,\"height\":198,\"caption\":\"Nimonik\"},\"image\":{\"@id\":\"https:\/\/nimonik.com\/fr\/#\/schema\/logo\/image\/\"},\"sameAs\":[\"https:\/\/www.facebook.com\/NimonikInc\",\"https:\/\/x.com\/Nimonik_Inc\",\"https:\/\/www.youtube.com\/c\/Nimonik_Compliance\",\"https:\/\/www.linkedin.com\/company\/nimonik\/\"]}]}<\/script>\n<!-- \/ Yoast SEO plugin. -->","yoast_head_json":{"title":"\u00c9v\u00e9nements | Nimonik","description":"D\u00e9couvrez les \u00e9v\u00e9nements auxquels Nimonik participera prochainement, ainsi que les \u00e9v\u00e9nements m\u00e9morables que nous avons organis\u00e9s ou parrain\u00e9s.","robots":{"index":"index","follow":"follow","max-snippet":"max-snippet:-1","max-image-preview":"max-image-preview:large","max-video-preview":"max-video-preview:-1"},"canonical":"https:\/\/nimonik.com\/fr\/evenements\/","og_locale":"fr_FR","og_type":"article","og_title":"\u00c9v\u00e9nements | Nimonik","og_description":"D\u00e9couvrez les \u00e9v\u00e9nements auxquels Nimonik participera prochainement, ainsi que les \u00e9v\u00e9nements m\u00e9morables que nous avons organis\u00e9s ou parrain\u00e9s.","og_url":"https:\/\/nimonik.com\/fr\/evenements\/","og_site_name":"Nimonik","article_publisher":"https:\/\/www.facebook.com\/NimonikInc","article_modified_time":"2026-02-10T19:50:30+00:00","twitter_card":"summary_large_image","twitter_site":"@Nimonik_Inc","twitter_misc":{"Dur\u00e9e de lecture estim\u00e9e":"1 minute"},"schema":{"@context":"https:\/\/schema.org","@graph":[{"@type":"WebPage","@id":"https:\/\/nimonik.com\/fr\/evenements\/","url":"https:\/\/nimonik.com\/fr\/evenements\/","name":"\u00c9v\u00e9nements | Nimonik","isPartOf":{"@id":"https:\/\/nimonik.com\/fr\/#website"},"datePublished":"2022-12-07T17:52:34+00:00","dateModified":"2026-02-10T19:50:30+00:00","description":"D\u00e9couvrez les \u00e9v\u00e9nements auxquels Nimonik participera prochainement, ainsi que les \u00e9v\u00e9nements m\u00e9morables que nous avons organis\u00e9s ou parrain\u00e9s.","breadcrumb":{"@id":"https:\/\/nimonik.com\/fr\/evenements\/#breadcrumb"},"inLanguage":"fr-FR","potentialAction":[{"@type":"ReadAction","target":["https:\/\/nimonik.com\/fr\/evenements\/"]}]},{"@type":"BreadcrumbList","@id":"https:\/\/nimonik.com\/fr\/evenements\/#breadcrumb","itemListElement":[{"@type":"ListItem","position":1,"name":"Accueil","item":"https:\/\/nimonik.com\/fr\/"},{"@type":"ListItem","position":2,"name":"\u00c9v\u00e9nements"}]},{"@type":"WebSite","@id":"https:\/\/nimonik.com\/fr\/#website","url":"https:\/\/nimonik.com\/fr\/","name":"Nimonik Inc.","description":"Compliance Management System and Audit Software EHS EHSQ ESG","publisher":{"@id":"https:\/\/nimonik.com\/fr\/#organization"},"alternateName":"Nimonik","potentialAction":[{"@type":"SearchAction","target":{"@type":"EntryPoint","urlTemplate":"https:\/\/nimonik.com\/fr\/?s={search_term_string}"},"query-input":{"@type":"PropertyValueSpecification","valueRequired":true,"valueName":"search_term_string"}}],"inLanguage":"fr-FR"},{"@type":"Organization","@id":"https:\/\/nimonik.com\/fr\/#organization","name":"Nimonik","alternateName":"Nimonik inc.","url":"https:\/\/nimonik.com\/fr\/","logo":{"@type":"ImageObject","inLanguage":"fr-FR","@id":"https:\/\/nimonik.com\/fr\/#\/schema\/logo\/image\/","url":"https:\/\/nimonik.com\/wp-content\/uploads\/Nimonik-Logo-Christmas.png","contentUrl":"https:\/\/nimonik.com\/wp-content\/uploads\/Nimonik-Logo-Christmas.png","width":591,"height":198,"caption":"Nimonik"},"image":{"@id":"https:\/\/nimonik.com\/fr\/#\/schema\/logo\/image\/"},"sameAs":["https:\/\/www.facebook.com\/NimonikInc","https:\/\/x.com\/Nimonik_Inc","https:\/\/www.youtube.com\/c\/Nimonik_Compliance","https:\/\/www.linkedin.com\/company\/nimonik\/"]}]}},"_links":{"self":[{"href":"https:\/\/nimonik.com\/fr\/wp-json\/wp\/v2\/pages\/39890","targetHints":{"allow":["GET"]}}],"collection":[{"href":"https:\/\/nimonik.com\/fr\/wp-json\/wp\/v2\/pages"}],"about":[{"href":"https:\/\/nimonik.com\/fr\/wp-json\/wp\/v2\/types\/page"}],"author":[{"embeddable":true,"href":"https:\/\/nimonik.com\/fr\/wp-json\/wp\/v2\/users\/66"}],"replies":[{"embeddable":true,"href":"https:\/\/nimonik.com\/fr\/wp-json\/wp\/v2\/comments?post=39890"}],"version-history":[{"count":7,"href":"https:\/\/nimonik.com\/fr\/wp-json\/wp\/v2\/pages\/39890\/revisions"}],"predecessor-version":[{"id":59574,"href":"https:\/\/nimonik.com\/fr\/wp-json\/wp\/v2\/pages\/39890\/revisions\/59574"}],"wp:attachment":[{"href":"https:\/\/nimonik.com\/fr\/wp-json\/wp\/v2\/media?parent=39890"}],"curies":[{"name":"wp","href":"https:\/\/api.w.org\/{rel}","templated":true}]}}