{"id":37711,"date":"2022-09-21T17:54:23","date_gmt":"2022-09-21T17:54:23","guid":{"rendered":"https:\/\/nimonik.com\/industries\/governments-and-public-bodies\/"},"modified":"2025-02-04T14:11:46","modified_gmt":"2025-02-04T19:11:46","slug":"governments-and-public-bodies","status":"publish","type":"page","link":"https:\/\/nimonik.com\/fr\/industries-2\/governments-and-public-bodies\/","title":{"rendered":"Gouvernements et organismes publics"},"content":{"rendered":"<div class=\"gb-container gb-container-3ebf944a\"><div class=\"gb-inside-container\">\n<div class=\"gb-grid-wrapper gb-grid-wrapper-0b65ff28\">\n<div class=\"gb-grid-column gb-grid-column-e3caf97f\"><div class=\"gb-container gb-container-e3caf97f\"><div class=\"gb-inside-container\">\n\n<div class=\"gb-headline gb-headline-3f2906de gb-headline-text\">Industries<\/div>\n\n\n\n<h1 class=\"gb-headline gb-headline-69385dc7 gb-headline-text\">Gouvernements et organismes publics<\/h1>\n\n\n\n<p class=\"gb-headline gb-headline-4642df67 gb-headline-text\">Les&nbsp;gouvernements et agences gouvernementales sont souvent les chefs de file en mati\u00e8re de gestion ESS. Nimonik les aide \u00e0 rationaliser leurs proc\u00e9d\u00e9s afin d\u2019assurer leur conformit\u00e9 \u00e0 travers toute la gamme de leurs activit\u00e9s.<\/p>\n\n<\/div><\/div><\/div>\n<\/div>\n<\/div><div class=\"gb-shapes\"><div class=\"gb-shape gb-shape-1\"><svg xmlns=\"http:\/\/www.w3.org\/2000\/svg\" viewBox=\"0 0 1200 360\" preserveAspectRatio=\"none\"><path d=\"M1200 360H0V0l1200 348z\"\/><\/svg><\/div><\/div><\/div>\n\n<div class=\"gb-container gb-container-743bbb84\"><div class=\"gb-inside-container\">\n<div class=\"gb-grid-wrapper gb-grid-wrapper-54741513\">\n<div class=\"gb-grid-column gb-grid-column-d72e19a1\"><div class=\"gb-container gb-container-d72e19a1\"><div class=\"gb-inside-container\">\n\n<h3 class=\"gb-headline gb-headline-720ca91f gb-headline-text\">Les gouvernements comme chefs de file<\/h3>\n\n\n\n<p>Les organismes gouvernementaux sont responsables d&rsquo;activit\u00e9s vastes et complexes. Assurer la conformit\u00e9 pour toutes leurs activit\u00e9s est loin d&rsquo;\u00eatre une t\u00e2che facile.<\/p>\n\n\n\n<p>De plus, les gouvernements se doivent de donner l&rsquo;exemple en mati\u00e8re de performance environnementale et de s\u00e9curit\u00e9. Ils placent la barre pour les autres acteurs du secteur priv\u00e9.<\/p>\n\n\n\n<p>Nimonik travaille donc en \u00e9troite collaboration avec ses clients du secteur public afin de faire en sorte que les mises \u00e0 jour r\u00e9glementaires soient envoy\u00e9es aux personnes concern\u00e9es et que les mesures de conformit\u00e9 soient clairement document\u00e9es pour les auditeurs externes.<\/p>\n\n<\/div><\/div><\/div>\n\n<div class=\"gb-grid-column gb-grid-column-f8cc1f4a\"><div class=\"gb-container gb-container-f8cc1f4a\"><div class=\"gb-inside-container\">\n\n<figure class=\"gb-block-image gb-block-image-5ed63898\"><img decoding=\"async\" width=\"497\" height=\"292\" class=\"gb-image gb-image-5ed63898\" src=\"https:\/\/nimonik.com\/wp-content\/uploads\/Untitled-design-4-497x292-1.png\" alt=\"\" title=\"Untitled-design-4-497x292-1\" srcset=\"https:\/\/nimonik.com\/wp-content\/uploads\/Untitled-design-4-497x292-1.png 497w, https:\/\/nimonik.com\/wp-content\/uploads\/Untitled-design-4-497x292-1-300x176.png 300w\" sizes=\"(max-width: 497px) 100vw, 497px\" \/><\/figure>\n\n<\/div><\/div><\/div>\n<\/div>\n\n\n<div style=\"height:100px\" aria-hidden=\"true\" class=\"wp-block-spacer\"><\/div>\n\n\n<div class=\"gb-grid-wrapper gb-grid-wrapper-fa0bf2a6\">\n<div class=\"gb-grid-column gb-grid-column-ea71fc67\"><div class=\"gb-container gb-container-ea71fc67\"><div class=\"gb-inside-container\">\n\n<figure class=\"gb-block-image gb-block-image-120488d4\"><img decoding=\"async\" width=\"497\" height=\"292\" class=\"gb-image gb-image-120488d4\" src=\"https:\/\/nimonik.com\/wp-content\/uploads\/pumps-497x292-1.jpeg\" alt=\"\" title=\"pumps-497x292\" srcset=\"https:\/\/nimonik.com\/wp-content\/uploads\/pumps-497x292-1.jpeg 497w, https:\/\/nimonik.com\/wp-content\/uploads\/pumps-497x292-1-300x176.jpeg 300w\" sizes=\"(max-width: 497px) 100vw, 497px\" \/><\/figure>\n\n<\/div><\/div><\/div>\n\n<div class=\"gb-grid-column gb-grid-column-8f34168a\"><div class=\"gb-container gb-container-8f34168a\"><div class=\"gb-inside-container\">\n\n<h3 class=\"gb-headline gb-headline-28b0fa6d gb-headline-text\">Les gouvernements \u00e0 travers l&rsquo;Am\u00e9rique du Nord travaillent avec Nimonik<\/h3>\n\n\n\n<p>Nimonik travaille avec de nombreuses agences gouvernementales afin de les aider \u00e0 s&rsquo;acquitter de leurs obligations r\u00e9glementaires en mati\u00e8re d&rsquo;environnement et de sant\u00e9 et s\u00e9curit\u00e9, incluant la conformit\u00e9 avec les normes ISO 14001, OHSAS 18001 et plusieurs autres.<\/p>\n\n\n\n<p>Travaillant avec des organismes municipaux, provinciaux et f\u00e9d\u00e9raux, Nimonik connait la complexit\u00e9 des activit\u00e9s gouvernementales, telles que le traitement des eaux, la gestion des d\u00e9chets, des immeubles de bureaux et de l&rsquo;alimentation \u00e9lectrique. Les activit\u00e9s du secteur public sont essentielles \u00e0 tous les aspects de l&rsquo;\u00e9conomie et Nimonik est l\u00e0 pour contribuer \u00e0 leur bon fonctionnement dans la conformit\u00e9.<\/p>\n\n\n\n<p><\/p>\n\n<\/div><\/div><\/div>\n<\/div>\n<\/div><\/div>","protected":false},"excerpt":{"rendered":"","protected":false},"author":66,"featured_media":0,"parent":37545,"menu_order":0,"comment_status":"closed","ping_status":"closed","template":"","meta":{"_acf_changed":false,"footnotes":""},"class_list":{"0":"post-37711","1":"page","2":"type-page","3":"status-publish","5":"no-featured-image-padding"},"acf":[],"yoast_head":"<!-- This site is optimized with the Yoast SEO plugin v27.2 - https:\/\/yoast.com\/product\/yoast-seo-wordpress\/ -->\n<title>Gouvernements et organismes publics | Nimonik Inc.<\/title>\n<meta name=\"description\" content=\"Les gouvernements et les organismes publics sont souvent des chefs de file en mati\u00e8re de performance environnementale et de s\u00e9curit\u00e9. Les logiciels de Nimonik garantissent leur conformit\u00e9 \u00e0 l\u2019ensemble de leurs op\u00e9rations.\" \/>\n<meta name=\"robots\" content=\"index, follow, max-snippet:-1, max-image-preview:large, max-video-preview:-1\" \/>\n<link rel=\"canonical\" href=\"https:\/\/nimonik.com\/fr\/industries-2\/governments-and-public-bodies\/\" \/>\n<meta property=\"og:locale\" content=\"fr_FR\" \/>\n<meta property=\"og:type\" content=\"article\" \/>\n<meta property=\"og:title\" content=\"Gouvernements et organismes publics | Nimonik Inc.\" \/>\n<meta property=\"og:description\" content=\"Les gouvernements et les organismes publics sont souvent des chefs de file en mati\u00e8re de performance environnementale et de s\u00e9curit\u00e9. Les logiciels de Nimonik garantissent leur conformit\u00e9 \u00e0 l\u2019ensemble de leurs op\u00e9rations.\" \/>\n<meta property=\"og:url\" content=\"https:\/\/nimonik.com\/fr\/industries-2\/governments-and-public-bodies\/\" \/>\n<meta property=\"og:site_name\" content=\"Nimonik\" \/>\n<meta property=\"article:publisher\" content=\"https:\/\/www.facebook.com\/NimonikInc\" \/>\n<meta property=\"article:modified_time\" content=\"2025-02-04T19:11:46+00:00\" \/>\n<meta property=\"og:image\" content=\"https:\/\/nimonik.com\/wp-content\/uploads\/Untitled-design-4-497x292-1.png\" \/>\n<meta name=\"twitter:card\" content=\"summary_large_image\" \/>\n<meta name=\"twitter:site\" content=\"@Nimonik_Inc\" \/>\n<meta name=\"twitter:label1\" content=\"Dur\u00e9e de lecture estim\u00e9e\" \/>\n\t<meta name=\"twitter:data1\" content=\"2 minutes\" \/>\n<script type=\"application\/ld+json\" class=\"yoast-schema-graph\">{\"@context\":\"https:\/\/schema.org\",\"@graph\":[{\"@type\":\"WebPage\",\"@id\":\"https:\/\/nimonik.com\/fr\/industries-2\/governments-and-public-bodies\/\",\"url\":\"https:\/\/nimonik.com\/fr\/industries-2\/governments-and-public-bodies\/\",\"name\":\"Gouvernements et organismes publics | Nimonik Inc.\",\"isPartOf\":{\"@id\":\"https:\/\/nimonik.com\/fr\/#website\"},\"primaryImageOfPage\":{\"@id\":\"https:\/\/nimonik.com\/fr\/industries-2\/governments-and-public-bodies\/#primaryimage\"},\"image\":{\"@id\":\"https:\/\/nimonik.com\/fr\/industries-2\/governments-and-public-bodies\/#primaryimage\"},\"thumbnailUrl\":\"https:\/\/nimonik.com\/wp-content\/uploads\/Untitled-design-4-497x292-1.png\",\"datePublished\":\"2022-09-21T17:54:23+00:00\",\"dateModified\":\"2025-02-04T19:11:46+00:00\",\"description\":\"Les gouvernements et les organismes publics sont souvent des chefs de file en mati\u00e8re de performance environnementale et de s\u00e9curit\u00e9. Les logiciels de Nimonik garantissent leur conformit\u00e9 \u00e0 l\u2019ensemble de leurs op\u00e9rations.\",\"breadcrumb\":{\"@id\":\"https:\/\/nimonik.com\/fr\/industries-2\/governments-and-public-bodies\/#breadcrumb\"},\"inLanguage\":\"fr-FR\",\"potentialAction\":[{\"@type\":\"ReadAction\",\"target\":[\"https:\/\/nimonik.com\/fr\/industries-2\/governments-and-public-bodies\/\"]}]},{\"@type\":\"ImageObject\",\"inLanguage\":\"fr-FR\",\"@id\":\"https:\/\/nimonik.com\/fr\/industries-2\/governments-and-public-bodies\/#primaryimage\",\"url\":\"https:\/\/nimonik.com\/wp-content\/uploads\/Untitled-design-4-497x292-1.png\",\"contentUrl\":\"https:\/\/nimonik.com\/wp-content\/uploads\/Untitled-design-4-497x292-1.png\"},{\"@type\":\"BreadcrumbList\",\"@id\":\"https:\/\/nimonik.com\/fr\/industries-2\/governments-and-public-bodies\/#breadcrumb\",\"itemListElement\":[{\"@type\":\"ListItem\",\"position\":1,\"name\":\"Accueil\",\"item\":\"https:\/\/nimonik.com\/fr\/\"},{\"@type\":\"ListItem\",\"position\":2,\"name\":\"INDUSTRIES\",\"item\":\"https:\/\/nimonik.com\/fr\/industries-2\/\"},{\"@type\":\"ListItem\",\"position\":3,\"name\":\"Gouvernements et organismes publics\"}]},{\"@type\":\"WebSite\",\"@id\":\"https:\/\/nimonik.com\/fr\/#website\",\"url\":\"https:\/\/nimonik.com\/fr\/\",\"name\":\"Nimonik Inc.\",\"description\":\"Compliance Management System and Audit Software EHS EHSQ ESG\",\"publisher\":{\"@id\":\"https:\/\/nimonik.com\/fr\/#organization\"},\"alternateName\":\"Nimonik\",\"potentialAction\":[{\"@type\":\"SearchAction\",\"target\":{\"@type\":\"EntryPoint\",\"urlTemplate\":\"https:\/\/nimonik.com\/fr\/?s={search_term_string}\"},\"query-input\":{\"@type\":\"PropertyValueSpecification\",\"valueRequired\":true,\"valueName\":\"search_term_string\"}}],\"inLanguage\":\"fr-FR\"},{\"@type\":\"Organization\",\"@id\":\"https:\/\/nimonik.com\/fr\/#organization\",\"name\":\"Nimonik\",\"alternateName\":\"Nimonik inc.\",\"url\":\"https:\/\/nimonik.com\/fr\/\",\"logo\":{\"@type\":\"ImageObject\",\"inLanguage\":\"fr-FR\",\"@id\":\"https:\/\/nimonik.com\/fr\/#\/schema\/logo\/image\/\",\"url\":\"https:\/\/nimonik.com\/wp-content\/uploads\/Nimonik-Logo-Christmas.png\",\"contentUrl\":\"https:\/\/nimonik.com\/wp-content\/uploads\/Nimonik-Logo-Christmas.png\",\"width\":591,\"height\":198,\"caption\":\"Nimonik\"},\"image\":{\"@id\":\"https:\/\/nimonik.com\/fr\/#\/schema\/logo\/image\/\"},\"sameAs\":[\"https:\/\/www.facebook.com\/NimonikInc\",\"https:\/\/x.com\/Nimonik_Inc\",\"https:\/\/www.youtube.com\/c\/Nimonik_Compliance\",\"https:\/\/www.linkedin.com\/company\/nimonik\/\"]}]}<\/script>\n<!-- \/ Yoast SEO plugin. -->","yoast_head_json":{"title":"Gouvernements et organismes publics | Nimonik Inc.","description":"Les gouvernements et les organismes publics sont souvent des chefs de file en mati\u00e8re de performance environnementale et de s\u00e9curit\u00e9. Les logiciels de Nimonik garantissent leur conformit\u00e9 \u00e0 l\u2019ensemble de leurs op\u00e9rations.","robots":{"index":"index","follow":"follow","max-snippet":"max-snippet:-1","max-image-preview":"max-image-preview:large","max-video-preview":"max-video-preview:-1"},"canonical":"https:\/\/nimonik.com\/fr\/industries-2\/governments-and-public-bodies\/","og_locale":"fr_FR","og_type":"article","og_title":"Gouvernements et organismes publics | Nimonik Inc.","og_description":"Les gouvernements et les organismes publics sont souvent des chefs de file en mati\u00e8re de performance environnementale et de s\u00e9curit\u00e9. Les logiciels de Nimonik garantissent leur conformit\u00e9 \u00e0 l\u2019ensemble de leurs op\u00e9rations.","og_url":"https:\/\/nimonik.com\/fr\/industries-2\/governments-and-public-bodies\/","og_site_name":"Nimonik","article_publisher":"https:\/\/www.facebook.com\/NimonikInc","article_modified_time":"2025-02-04T19:11:46+00:00","og_image":[{"url":"https:\/\/nimonik.com\/wp-content\/uploads\/Untitled-design-4-497x292-1.png","type":"","width":"","height":""}],"twitter_card":"summary_large_image","twitter_site":"@Nimonik_Inc","twitter_misc":{"Dur\u00e9e de lecture estim\u00e9e":"2 minutes"},"schema":{"@context":"https:\/\/schema.org","@graph":[{"@type":"WebPage","@id":"https:\/\/nimonik.com\/fr\/industries-2\/governments-and-public-bodies\/","url":"https:\/\/nimonik.com\/fr\/industries-2\/governments-and-public-bodies\/","name":"Gouvernements et organismes publics | Nimonik Inc.","isPartOf":{"@id":"https:\/\/nimonik.com\/fr\/#website"},"primaryImageOfPage":{"@id":"https:\/\/nimonik.com\/fr\/industries-2\/governments-and-public-bodies\/#primaryimage"},"image":{"@id":"https:\/\/nimonik.com\/fr\/industries-2\/governments-and-public-bodies\/#primaryimage"},"thumbnailUrl":"https:\/\/nimonik.com\/wp-content\/uploads\/Untitled-design-4-497x292-1.png","datePublished":"2022-09-21T17:54:23+00:00","dateModified":"2025-02-04T19:11:46+00:00","description":"Les gouvernements et les organismes publics sont souvent des chefs de file en mati\u00e8re de performance environnementale et de s\u00e9curit\u00e9. Les logiciels de Nimonik garantissent leur conformit\u00e9 \u00e0 l\u2019ensemble de leurs op\u00e9rations.","breadcrumb":{"@id":"https:\/\/nimonik.com\/fr\/industries-2\/governments-and-public-bodies\/#breadcrumb"},"inLanguage":"fr-FR","potentialAction":[{"@type":"ReadAction","target":["https:\/\/nimonik.com\/fr\/industries-2\/governments-and-public-bodies\/"]}]},{"@type":"ImageObject","inLanguage":"fr-FR","@id":"https:\/\/nimonik.com\/fr\/industries-2\/governments-and-public-bodies\/#primaryimage","url":"https:\/\/nimonik.com\/wp-content\/uploads\/Untitled-design-4-497x292-1.png","contentUrl":"https:\/\/nimonik.com\/wp-content\/uploads\/Untitled-design-4-497x292-1.png"},{"@type":"BreadcrumbList","@id":"https:\/\/nimonik.com\/fr\/industries-2\/governments-and-public-bodies\/#breadcrumb","itemListElement":[{"@type":"ListItem","position":1,"name":"Accueil","item":"https:\/\/nimonik.com\/fr\/"},{"@type":"ListItem","position":2,"name":"INDUSTRIES","item":"https:\/\/nimonik.com\/fr\/industries-2\/"},{"@type":"ListItem","position":3,"name":"Gouvernements et organismes publics"}]},{"@type":"WebSite","@id":"https:\/\/nimonik.com\/fr\/#website","url":"https:\/\/nimonik.com\/fr\/","name":"Nimonik Inc.","description":"Compliance Management System and Audit Software EHS EHSQ ESG","publisher":{"@id":"https:\/\/nimonik.com\/fr\/#organization"},"alternateName":"Nimonik","potentialAction":[{"@type":"SearchAction","target":{"@type":"EntryPoint","urlTemplate":"https:\/\/nimonik.com\/fr\/?s={search_term_string}"},"query-input":{"@type":"PropertyValueSpecification","valueRequired":true,"valueName":"search_term_string"}}],"inLanguage":"fr-FR"},{"@type":"Organization","@id":"https:\/\/nimonik.com\/fr\/#organization","name":"Nimonik","alternateName":"Nimonik inc.","url":"https:\/\/nimonik.com\/fr\/","logo":{"@type":"ImageObject","inLanguage":"fr-FR","@id":"https:\/\/nimonik.com\/fr\/#\/schema\/logo\/image\/","url":"https:\/\/nimonik.com\/wp-content\/uploads\/Nimonik-Logo-Christmas.png","contentUrl":"https:\/\/nimonik.com\/wp-content\/uploads\/Nimonik-Logo-Christmas.png","width":591,"height":198,"caption":"Nimonik"},"image":{"@id":"https:\/\/nimonik.com\/fr\/#\/schema\/logo\/image\/"},"sameAs":["https:\/\/www.facebook.com\/NimonikInc","https:\/\/x.com\/Nimonik_Inc","https:\/\/www.youtube.com\/c\/Nimonik_Compliance","https:\/\/www.linkedin.com\/company\/nimonik\/"]}]}},"_links":{"self":[{"href":"https:\/\/nimonik.com\/fr\/wp-json\/wp\/v2\/pages\/37711","targetHints":{"allow":["GET"]}}],"collection":[{"href":"https:\/\/nimonik.com\/fr\/wp-json\/wp\/v2\/pages"}],"about":[{"href":"https:\/\/nimonik.com\/fr\/wp-json\/wp\/v2\/types\/page"}],"author":[{"embeddable":true,"href":"https:\/\/nimonik.com\/fr\/wp-json\/wp\/v2\/users\/66"}],"replies":[{"embeddable":true,"href":"https:\/\/nimonik.com\/fr\/wp-json\/wp\/v2\/comments?post=37711"}],"version-history":[{"count":8,"href":"https:\/\/nimonik.com\/fr\/wp-json\/wp\/v2\/pages\/37711\/revisions"}],"predecessor-version":[{"id":55281,"href":"https:\/\/nimonik.com\/fr\/wp-json\/wp\/v2\/pages\/37711\/revisions\/55281"}],"up":[{"embeddable":true,"href":"https:\/\/nimonik.com\/fr\/wp-json\/wp\/v2\/pages\/37545"}],"wp:attachment":[{"href":"https:\/\/nimonik.com\/fr\/wp-json\/wp\/v2\/media?parent=37711"}],"curies":[{"name":"wp","href":"https:\/\/api.w.org\/{rel}","templated":true}]}}