{"id":37703,"date":"2022-09-21T17:26:25","date_gmt":"2022-09-21T17:26:25","guid":{"rendered":"https:\/\/nimonik.com\/industries\/facilities-management\/"},"modified":"2025-01-17T07:14:23","modified_gmt":"2025-01-17T12:14:23","slug":"facilities-management","status":"publish","type":"page","link":"https:\/\/nimonik.com\/fr\/industries-2\/facilities-management\/","title":{"rendered":"Gestion des installations"},"content":{"rendered":"<div class=\"gb-container gb-container-3ebf944a\"><div class=\"gb-inside-container\">\n<div class=\"gb-grid-wrapper gb-grid-wrapper-0b65ff28\">\n<div class=\"gb-grid-column gb-grid-column-e3caf97f\"><div class=\"gb-container gb-container-e3caf97f\"><div class=\"gb-inside-container\">\n\n<div class=\"gb-headline gb-headline-3f2906de gb-headline-text\">Industries<\/div>\n\n\n\n<h1 class=\"gb-headline gb-headline-69385dc7 gb-headline-text\">Gestion des installations<\/h1>\n\n\n\n<p class=\"gb-headline gb-headline-4642df67 gb-headline-text\">Assurez-vous que vos installations et leurs gestionnaires soient conscients des normes en mati\u00e8re de s\u00e9curit\u00e9 et en mati\u00e8re environnementale. Donnez-leur les moyens d\u2019inspecter et de v\u00e9rifier leurs installations de mani\u00e8re plus efficace.<\/p>\n\n<\/div><\/div><\/div>\n<\/div>\n<\/div><div class=\"gb-shapes\"><div class=\"gb-shape gb-shape-1\"><svg xmlns=\"http:\/\/www.w3.org\/2000\/svg\" viewBox=\"0 0 1200 360\" preserveAspectRatio=\"none\"><path d=\"M1200 360H0V0l1200 348z\"\/><\/svg><\/div><\/div><\/div>\n\n<div class=\"gb-container gb-container-34bc0d13\"><div class=\"gb-inside-container\">\n<div class=\"gb-grid-wrapper gb-grid-wrapper-4af1892b\">\n<div class=\"gb-grid-column gb-grid-column-76c4b4ee\"><div class=\"gb-container gb-container-76c4b4ee\"><div class=\"gb-inside-container\">\n\n<h2 class=\"gb-headline gb-headline-c6ad2351 gb-headline-text\">Listes d&rsquo;audit gratuites<\/h2>\n\n\n\n<p><\/p>\n\n<\/div><\/div><\/div>\n<\/div>\n\n<div class=\"gb-grid-wrapper gb-grid-wrapper-2040a011\">\n<div class=\"gb-grid-column gb-grid-column-fb6bd5c5\"><div class=\"gb-container gb-container-fb6bd5c5\"><div class=\"gb-inside-container\">\n\n<p class=\"bjm-biglink\"><a href=\"https:\/\/nimonikapp.com\/public_templates\/3554-complete-facilities-checklist?_ga=2.119232000.889138215.1665884021-170129453.1651843257\" target=\"_blank\" rel=\"noopener\">Liste de contr\u00f4le compl\u00e8te des installations<\/a><\/p>\n\n\n\n<p class=\"bjm-biglink\"><a href=\"https:\/\/nimonikapp.com\/public_templates\/20-iso-14001-free-checklist-environmental-management-system?_ga=2.216225183.889138215.1665884021-170129453.1651843257\" target=\"_blank\" rel=\"noopener\">Syst\u00e8me de gestion de l&rsquo;environnement de la liste de v\u00e9rification gratuite ISO 14001<\/a><\/p>\n\n\n\n<p class=\"bjm-biglink\"><a href=\"https:\/\/nimonikapp.com\/public_templates\/2278-inspection-checklists-for-manufacturing-facilities?_ga=2.216225183.889138215.1665884021-170129453.1651843257\" target=\"_blank\" rel=\"noopener\">Listes de contr\u00f4le d&rsquo;inspection pour les installations de fabrication<\/a><\/p>\n\n\n\n<p><\/p>\n\n<\/div><\/div><\/div>\n\n<div class=\"gb-grid-column gb-grid-column-a79fa176\"><div class=\"gb-container gb-container-a79fa176\"><div class=\"gb-inside-container\">\n\n<p class=\"bjm-biglink\"><a href=\"https:\/\/nimonikapp.com\/public_templates\/5361-canadian-centre-for-occupational-health-and-safety-manufacturing-facilities\" target=\"_blank\" rel=\"noreferrer noopener\">Centre canadien d&rsquo;hygi\u00e8ne et de s\u00e9curit\u00e9 au travail, Installations de fabrication<\/a><\/p>\n\n\n\n<p class=\"bjm-biglink\"><a href=\"https:\/\/nimonikapp.com\/public_templates\/20765-osha-checklist-for-the-construction-industry\" target=\"_blank\" rel=\"noreferrer noopener\">Liste de contr\u00f4le OSHA pour l&rsquo;industrie de la construction<\/a><\/p>\n\n\n\n<p class=\"bjm-biglink\"><a href=\"https:\/\/nimonikapp.com\/public_templates\/22451-construction-site-safety-checklist\" target=\"_blank\" rel=\"noreferrer noopener\">Liste de contr\u00f4le de s\u00e9curit\u00e9 pour les chantiers de construction<\/a><\/p>\n\n<\/div><\/div><\/div>\n<\/div>\n<\/div><\/div>\n\n<div class=\"gb-container gb-container-743bbb84\"><div class=\"gb-inside-container\">\n<div class=\"gb-grid-wrapper gb-grid-wrapper-a8762456\">\n<div class=\"gb-grid-column gb-grid-column-0957e609\"><div class=\"gb-container gb-container-0957e609\"><div class=\"gb-inside-container\">\n\n<p><\/p>\n\n<\/div><\/div><\/div>\n<\/div>\n\n<div class=\"gb-grid-wrapper gb-grid-wrapper-54741513\">\n<div class=\"gb-grid-column gb-grid-column-d72e19a1\"><div class=\"gb-container gb-container-d72e19a1\"><div class=\"gb-inside-container\">\n\n<h3 class=\"gb-headline gb-headline-720ca91f gb-headline-text\">Les gestionnaires d&rsquo;immeubles du monde entier utilisent Nimonik<\/h3>\n\n\n\n<p>Les gestionnaires d&rsquo;immeubles ont un d\u00e9fi de taille. Se tenir au courant des normes environnementales, de s\u00e9curit\u00e9 et de contr\u00f4le de la qualit\u00e9 de diff\u00e9rents gouvernements et de diff\u00e9rents clients n&rsquo;est pas une t\u00e2che facile. Pourtant, il est essentiel en tant que fournisseur de services que vous fournissiez un b\u00e2timent \u00e0 la fois excellent sur le plan op\u00e9rationnel et conforme aux exigences applicables.<\/p>\n\n\n\n<p><\/p>\n\n<\/div><\/div><\/div>\n\n<div class=\"gb-grid-column gb-grid-column-f8cc1f4a\"><div class=\"gb-container gb-container-f8cc1f4a\"><div class=\"gb-inside-container\">\n\n<figure class=\"gb-block-image gb-block-image-5ed63898\"><img decoding=\"async\" width=\"497\" height=\"250\" class=\"gb-image gb-image-5ed63898\" src=\"https:\/\/nimonik.com\/wp-content\/uploads\/Untitled-design-1-1-497x250-1.png\" alt=\"\" title=\"Untitled-design-1-1-497x250\" srcset=\"https:\/\/nimonik.com\/wp-content\/uploads\/Untitled-design-1-1-497x250-1.png 497w, https:\/\/nimonik.com\/wp-content\/uploads\/Untitled-design-1-1-497x250-1-300x151.png 300w\" sizes=\"(max-width: 497px) 100vw, 497px\" \/><\/figure>\n\n<\/div><\/div><\/div>\n<\/div>\n\n\n<div style=\"height:100px\" aria-hidden=\"true\" class=\"wp-block-spacer\"><\/div>\n\n\n<div class=\"gb-grid-wrapper gb-grid-wrapper-fa0bf2a6\">\n<div class=\"gb-grid-column gb-grid-column-ea71fc67\"><div class=\"gb-container gb-container-ea71fc67\"><div class=\"gb-inside-container\">\n\n<figure class=\"gb-block-image gb-block-image-120488d4\"><img decoding=\"async\" width=\"497\" height=\"292\" class=\"gb-image gb-image-120488d4\" src=\"https:\/\/nimonik.com\/wp-content\/uploads\/AdobeStock_52365423-497x292-1.jpeg\" alt=\"\" title=\"AdobeStock_52365423-497x292-1\" srcset=\"https:\/\/nimonik.com\/wp-content\/uploads\/AdobeStock_52365423-497x292-1.jpeg 497w, https:\/\/nimonik.com\/wp-content\/uploads\/AdobeStock_52365423-497x292-1-300x176.jpeg 300w\" sizes=\"(max-width: 497px) 100vw, 497px\" \/><\/figure>\n\n<\/div><\/div><\/div>\n\n<div class=\"gb-grid-column gb-grid-column-8f34168a\"><div class=\"gb-container gb-container-8f34168a\"><div class=\"gb-inside-container\">\n\n<h3 class=\"gb-headline gb-headline-28b0fa6d gb-headline-text\">Inspectez et acc\u00e9dez aux donn\u00e9es en d\u00e9placement<\/h3>\n\n\n\n<p>Lors de la visite de vos b\u00e2timents, vous devriez \u00eatre en mesure d&rsquo;acc\u00e9der rapidement aux exigences du b\u00e2timent, aux plans et documents pertinents et \u00e0 d&rsquo;autres informations pertinentes. Avec la solution mobile Nimonik, vous pouvez savoir quel b\u00e2timent est soumis \u00e0 quelles exigences, puis effectuer un audit ou une inspection de la structure, des \u00e9quipements et des personnes.<\/p>\n\n\n\n<p><\/p>\n\n<\/div><\/div><\/div>\n<\/div>\n\n\n<div style=\"height:100px\" aria-hidden=\"true\" class=\"wp-block-spacer\"><\/div>\n\n\n<div class=\"gb-grid-wrapper gb-grid-wrapper-72fd8de8\">\n<div class=\"gb-grid-column gb-grid-column-b19a58b9\"><div class=\"gb-container gb-container-b19a58b9\"><div class=\"gb-inside-container\">\n\n<h3 class=\"gb-headline gb-headline-ae080a03 gb-headline-text\">Obtenez une vue d&rsquo;ensemble des b\u00e2timents clients<\/h3>\n\n\n\n<p>Faire rapport \u00e0 votre direction ou \u00e0 vos clients est essentiel. Nimonik centralise vos donn\u00e9es &#8211; les donn\u00e9es du site Web et les audits mobiles sont int\u00e9gr\u00e9s de mani\u00e8re transparente pour vous fournir une image claire de la conformit\u00e9 et des performances de vos b\u00e2timents. G\u00e9n\u00e9rez des rapports par client, par emplacement ou par exigence et identifiez les b\u00e2timents qui n\u00e9cessitent plus d&rsquo;attention. Nimonik a pour objectif de vous faire gagner du temps et d&rsquo;\u00e9viter tout oubli.<\/p>\n\n\n\n<p><\/p>\n\n<\/div><\/div><\/div>\n\n<div class=\"gb-grid-column gb-grid-column-8d846a23\"><div class=\"gb-container gb-container-8d846a23\"><div class=\"gb-inside-container\">\n\n<figure class=\"gb-block-image gb-block-image-c4e243a9\"><img decoding=\"async\" width=\"497\" height=\"331\" class=\"gb-image gb-image-c4e243a9\" src=\"https:\/\/nimonik.com\/wp-content\/uploads\/Untitled-6.png\" alt=\"\" title=\"Untitled-6\" srcset=\"https:\/\/nimonik.com\/wp-content\/uploads\/Untitled-6.png 497w, https:\/\/nimonik.com\/wp-content\/uploads\/Untitled-6-300x200.png 300w\" sizes=\"(max-width: 497px) 100vw, 497px\" \/><\/figure>\n\n<\/div><\/div><\/div>\n<\/div>\n<\/div><\/div>","protected":false},"excerpt":{"rendered":"","protected":false},"author":66,"featured_media":0,"parent":37545,"menu_order":0,"comment_status":"closed","ping_status":"closed","template":"","meta":{"_acf_changed":false,"footnotes":""},"class_list":{"0":"post-37703","1":"page","2":"type-page","3":"status-publish","5":"no-featured-image-padding"},"acf":[],"yoast_head":"<!-- This site is optimized with the Yoast SEO plugin v27.2 - https:\/\/yoast.com\/product\/yoast-seo-wordpress\/ -->\n<title>Gestion des installations | Nimonik Inc.<\/title>\n<meta name=\"description\" content=\"Assurez-vous que vos gestionnaires d\u2019immeubles connaissent les r\u00e9glementations en mati\u00e8re de s\u00e9curit\u00e9 et d\u2019environnement. Donnez-leur les moyens d\u2019auditer leurs installations avec la solution facile \u00e0 utiliser de Nimonik.\" \/>\n<meta name=\"robots\" content=\"index, follow, max-snippet:-1, max-image-preview:large, max-video-preview:-1\" \/>\n<link rel=\"canonical\" href=\"https:\/\/nimonik.com\/fr\/industries-2\/facilities-management\/\" \/>\n<meta property=\"og:locale\" content=\"fr_FR\" \/>\n<meta property=\"og:type\" content=\"article\" \/>\n<meta property=\"og:title\" content=\"Gestion des installations | Nimonik Inc.\" \/>\n<meta property=\"og:description\" content=\"Assurez-vous que vos gestionnaires d\u2019immeubles connaissent les r\u00e9glementations en mati\u00e8re de s\u00e9curit\u00e9 et d\u2019environnement. Donnez-leur les moyens d\u2019auditer leurs installations avec la solution facile \u00e0 utiliser de Nimonik.\" \/>\n<meta property=\"og:url\" content=\"https:\/\/nimonik.com\/fr\/industries-2\/facilities-management\/\" \/>\n<meta property=\"og:site_name\" content=\"Nimonik\" \/>\n<meta property=\"article:publisher\" content=\"https:\/\/www.facebook.com\/NimonikInc\" \/>\n<meta property=\"article:modified_time\" content=\"2025-01-17T12:14:23+00:00\" \/>\n<meta property=\"og:image\" content=\"https:\/\/nimonik.com\/wp-content\/uploads\/Untitled-design-1-1-497x250-1.png\" \/>\n<meta name=\"twitter:card\" content=\"summary_large_image\" \/>\n<meta name=\"twitter:site\" content=\"@Nimonik_Inc\" \/>\n<meta name=\"twitter:label1\" content=\"Dur\u00e9e de lecture estim\u00e9e\" \/>\n\t<meta name=\"twitter:data1\" content=\"2 minutes\" \/>\n<script type=\"application\/ld+json\" class=\"yoast-schema-graph\">{\"@context\":\"https:\/\/schema.org\",\"@graph\":[{\"@type\":\"WebPage\",\"@id\":\"https:\/\/nimonik.com\/fr\/industries-2\/facilities-management\/\",\"url\":\"https:\/\/nimonik.com\/fr\/industries-2\/facilities-management\/\",\"name\":\"Gestion des installations | Nimonik Inc.\",\"isPartOf\":{\"@id\":\"https:\/\/nimonik.com\/fr\/#website\"},\"primaryImageOfPage\":{\"@id\":\"https:\/\/nimonik.com\/fr\/industries-2\/facilities-management\/#primaryimage\"},\"image\":{\"@id\":\"https:\/\/nimonik.com\/fr\/industries-2\/facilities-management\/#primaryimage\"},\"thumbnailUrl\":\"https:\/\/nimonik.com\/wp-content\/uploads\/Untitled-design-1-1-497x250-1.png\",\"datePublished\":\"2022-09-21T17:26:25+00:00\",\"dateModified\":\"2025-01-17T12:14:23+00:00\",\"description\":\"Assurez-vous que vos gestionnaires d\u2019immeubles connaissent les r\u00e9glementations en mati\u00e8re de s\u00e9curit\u00e9 et d\u2019environnement. Donnez-leur les moyens d\u2019auditer leurs installations avec la solution facile \u00e0 utiliser de Nimonik.\",\"breadcrumb\":{\"@id\":\"https:\/\/nimonik.com\/fr\/industries-2\/facilities-management\/#breadcrumb\"},\"inLanguage\":\"fr-FR\",\"potentialAction\":[{\"@type\":\"ReadAction\",\"target\":[\"https:\/\/nimonik.com\/fr\/industries-2\/facilities-management\/\"]}]},{\"@type\":\"ImageObject\",\"inLanguage\":\"fr-FR\",\"@id\":\"https:\/\/nimonik.com\/fr\/industries-2\/facilities-management\/#primaryimage\",\"url\":\"https:\/\/nimonik.com\/wp-content\/uploads\/Untitled-design-1-1-497x250-1.png\",\"contentUrl\":\"https:\/\/nimonik.com\/wp-content\/uploads\/Untitled-design-1-1-497x250-1.png\"},{\"@type\":\"BreadcrumbList\",\"@id\":\"https:\/\/nimonik.com\/fr\/industries-2\/facilities-management\/#breadcrumb\",\"itemListElement\":[{\"@type\":\"ListItem\",\"position\":1,\"name\":\"Accueil\",\"item\":\"https:\/\/nimonik.com\/fr\/\"},{\"@type\":\"ListItem\",\"position\":2,\"name\":\"INDUSTRIES\",\"item\":\"https:\/\/nimonik.com\/fr\/industries-2\/\"},{\"@type\":\"ListItem\",\"position\":3,\"name\":\"Gestion des installations\"}]},{\"@type\":\"WebSite\",\"@id\":\"https:\/\/nimonik.com\/fr\/#website\",\"url\":\"https:\/\/nimonik.com\/fr\/\",\"name\":\"Nimonik Inc.\",\"description\":\"Compliance Management System and Audit Software EHS EHSQ ESG\",\"publisher\":{\"@id\":\"https:\/\/nimonik.com\/fr\/#organization\"},\"alternateName\":\"Nimonik\",\"potentialAction\":[{\"@type\":\"SearchAction\",\"target\":{\"@type\":\"EntryPoint\",\"urlTemplate\":\"https:\/\/nimonik.com\/fr\/?s={search_term_string}\"},\"query-input\":{\"@type\":\"PropertyValueSpecification\",\"valueRequired\":true,\"valueName\":\"search_term_string\"}}],\"inLanguage\":\"fr-FR\"},{\"@type\":\"Organization\",\"@id\":\"https:\/\/nimonik.com\/fr\/#organization\",\"name\":\"Nimonik\",\"alternateName\":\"Nimonik inc.\",\"url\":\"https:\/\/nimonik.com\/fr\/\",\"logo\":{\"@type\":\"ImageObject\",\"inLanguage\":\"fr-FR\",\"@id\":\"https:\/\/nimonik.com\/fr\/#\/schema\/logo\/image\/\",\"url\":\"https:\/\/nimonik.com\/wp-content\/uploads\/Nimonik-Logo-Christmas.png\",\"contentUrl\":\"https:\/\/nimonik.com\/wp-content\/uploads\/Nimonik-Logo-Christmas.png\",\"width\":591,\"height\":198,\"caption\":\"Nimonik\"},\"image\":{\"@id\":\"https:\/\/nimonik.com\/fr\/#\/schema\/logo\/image\/\"},\"sameAs\":[\"https:\/\/www.facebook.com\/NimonikInc\",\"https:\/\/x.com\/Nimonik_Inc\",\"https:\/\/www.youtube.com\/c\/Nimonik_Compliance\",\"https:\/\/www.linkedin.com\/company\/nimonik\/\"]}]}<\/script>\n<!-- \/ Yoast SEO plugin. -->","yoast_head_json":{"title":"Gestion des installations | Nimonik Inc.","description":"Assurez-vous que vos gestionnaires d\u2019immeubles connaissent les r\u00e9glementations en mati\u00e8re de s\u00e9curit\u00e9 et d\u2019environnement. Donnez-leur les moyens d\u2019auditer leurs installations avec la solution facile \u00e0 utiliser de Nimonik.","robots":{"index":"index","follow":"follow","max-snippet":"max-snippet:-1","max-image-preview":"max-image-preview:large","max-video-preview":"max-video-preview:-1"},"canonical":"https:\/\/nimonik.com\/fr\/industries-2\/facilities-management\/","og_locale":"fr_FR","og_type":"article","og_title":"Gestion des installations | Nimonik Inc.","og_description":"Assurez-vous que vos gestionnaires d\u2019immeubles connaissent les r\u00e9glementations en mati\u00e8re de s\u00e9curit\u00e9 et d\u2019environnement. Donnez-leur les moyens d\u2019auditer leurs installations avec la solution facile \u00e0 utiliser de Nimonik.","og_url":"https:\/\/nimonik.com\/fr\/industries-2\/facilities-management\/","og_site_name":"Nimonik","article_publisher":"https:\/\/www.facebook.com\/NimonikInc","article_modified_time":"2025-01-17T12:14:23+00:00","og_image":[{"url":"https:\/\/nimonik.com\/wp-content\/uploads\/Untitled-design-1-1-497x250-1.png","type":"","width":"","height":""}],"twitter_card":"summary_large_image","twitter_site":"@Nimonik_Inc","twitter_misc":{"Dur\u00e9e de lecture estim\u00e9e":"2 minutes"},"schema":{"@context":"https:\/\/schema.org","@graph":[{"@type":"WebPage","@id":"https:\/\/nimonik.com\/fr\/industries-2\/facilities-management\/","url":"https:\/\/nimonik.com\/fr\/industries-2\/facilities-management\/","name":"Gestion des installations | Nimonik Inc.","isPartOf":{"@id":"https:\/\/nimonik.com\/fr\/#website"},"primaryImageOfPage":{"@id":"https:\/\/nimonik.com\/fr\/industries-2\/facilities-management\/#primaryimage"},"image":{"@id":"https:\/\/nimonik.com\/fr\/industries-2\/facilities-management\/#primaryimage"},"thumbnailUrl":"https:\/\/nimonik.com\/wp-content\/uploads\/Untitled-design-1-1-497x250-1.png","datePublished":"2022-09-21T17:26:25+00:00","dateModified":"2025-01-17T12:14:23+00:00","description":"Assurez-vous que vos gestionnaires d\u2019immeubles connaissent les r\u00e9glementations en mati\u00e8re de s\u00e9curit\u00e9 et d\u2019environnement. Donnez-leur les moyens d\u2019auditer leurs installations avec la solution facile \u00e0 utiliser de Nimonik.","breadcrumb":{"@id":"https:\/\/nimonik.com\/fr\/industries-2\/facilities-management\/#breadcrumb"},"inLanguage":"fr-FR","potentialAction":[{"@type":"ReadAction","target":["https:\/\/nimonik.com\/fr\/industries-2\/facilities-management\/"]}]},{"@type":"ImageObject","inLanguage":"fr-FR","@id":"https:\/\/nimonik.com\/fr\/industries-2\/facilities-management\/#primaryimage","url":"https:\/\/nimonik.com\/wp-content\/uploads\/Untitled-design-1-1-497x250-1.png","contentUrl":"https:\/\/nimonik.com\/wp-content\/uploads\/Untitled-design-1-1-497x250-1.png"},{"@type":"BreadcrumbList","@id":"https:\/\/nimonik.com\/fr\/industries-2\/facilities-management\/#breadcrumb","itemListElement":[{"@type":"ListItem","position":1,"name":"Accueil","item":"https:\/\/nimonik.com\/fr\/"},{"@type":"ListItem","position":2,"name":"INDUSTRIES","item":"https:\/\/nimonik.com\/fr\/industries-2\/"},{"@type":"ListItem","position":3,"name":"Gestion des installations"}]},{"@type":"WebSite","@id":"https:\/\/nimonik.com\/fr\/#website","url":"https:\/\/nimonik.com\/fr\/","name":"Nimonik Inc.","description":"Compliance Management System and Audit Software EHS EHSQ ESG","publisher":{"@id":"https:\/\/nimonik.com\/fr\/#organization"},"alternateName":"Nimonik","potentialAction":[{"@type":"SearchAction","target":{"@type":"EntryPoint","urlTemplate":"https:\/\/nimonik.com\/fr\/?s={search_term_string}"},"query-input":{"@type":"PropertyValueSpecification","valueRequired":true,"valueName":"search_term_string"}}],"inLanguage":"fr-FR"},{"@type":"Organization","@id":"https:\/\/nimonik.com\/fr\/#organization","name":"Nimonik","alternateName":"Nimonik inc.","url":"https:\/\/nimonik.com\/fr\/","logo":{"@type":"ImageObject","inLanguage":"fr-FR","@id":"https:\/\/nimonik.com\/fr\/#\/schema\/logo\/image\/","url":"https:\/\/nimonik.com\/wp-content\/uploads\/Nimonik-Logo-Christmas.png","contentUrl":"https:\/\/nimonik.com\/wp-content\/uploads\/Nimonik-Logo-Christmas.png","width":591,"height":198,"caption":"Nimonik"},"image":{"@id":"https:\/\/nimonik.com\/fr\/#\/schema\/logo\/image\/"},"sameAs":["https:\/\/www.facebook.com\/NimonikInc","https:\/\/x.com\/Nimonik_Inc","https:\/\/www.youtube.com\/c\/Nimonik_Compliance","https:\/\/www.linkedin.com\/company\/nimonik\/"]}]}},"_links":{"self":[{"href":"https:\/\/nimonik.com\/fr\/wp-json\/wp\/v2\/pages\/37703","targetHints":{"allow":["GET"]}}],"collection":[{"href":"https:\/\/nimonik.com\/fr\/wp-json\/wp\/v2\/pages"}],"about":[{"href":"https:\/\/nimonik.com\/fr\/wp-json\/wp\/v2\/types\/page"}],"author":[{"embeddable":true,"href":"https:\/\/nimonik.com\/fr\/wp-json\/wp\/v2\/users\/66"}],"replies":[{"embeddable":true,"href":"https:\/\/nimonik.com\/fr\/wp-json\/wp\/v2\/comments?post=37703"}],"version-history":[{"count":5,"href":"https:\/\/nimonik.com\/fr\/wp-json\/wp\/v2\/pages\/37703\/revisions"}],"predecessor-version":[{"id":54899,"href":"https:\/\/nimonik.com\/fr\/wp-json\/wp\/v2\/pages\/37703\/revisions\/54899"}],"up":[{"embeddable":true,"href":"https:\/\/nimonik.com\/fr\/wp-json\/wp\/v2\/pages\/37545"}],"wp:attachment":[{"href":"https:\/\/nimonik.com\/fr\/wp-json\/wp\/v2\/media?parent=37703"}],"curies":[{"name":"wp","href":"https:\/\/api.w.org\/{rel}","templated":true}]}}