{"id":37536,"date":"2022-09-08T18:44:05","date_gmt":"2022-09-08T18:44:05","guid":{"rendered":"https:\/\/nimonik.com\/jobs\/"},"modified":"2025-10-21T06:57:03","modified_gmt":"2025-10-21T11:57:03","slug":"jobs","status":"publish","type":"page","link":"https:\/\/nimonik.com\/fr\/jobs\/","title":{"rendered":"Carri\u00e8res"},"content":{"rendered":"<div class=\"gb-container gb-container-3ebf944a\"><div class=\"gb-inside-container\">\n<div class=\"gb-grid-wrapper gb-grid-wrapper-0b65ff28\">\n<div class=\"gb-grid-column gb-grid-column-e3caf97f\"><div class=\"gb-container gb-container-e3caf97f\"><div class=\"gb-inside-container\">\n\n<h1 class=\"gb-headline gb-headline-3f2906de gb-headline-text\">Carri\u00e8res<\/h1>\n\n\n\n<p class=\"gb-headline gb-headline-4642df67 gb-headline-text\">Nous sommes toujours \u00e0 la recherche de personnes talentueuses qui partagent nos valeurs pour se joindre \u00e0 notre \u00e9quipe<\/p>\n\n\n<div class=\"gb-button-wrapper gb-button-wrapper-6ed71d4a\">\n\n<a class=\"gb-button gb-button-bc98bef8 gb-button-text smooth-scroll\" href=\"https:\/\/nimonik.bamboohr.com\/jobs\/\" target=\"_blank\" rel=\"noopener noreferrer\">VOIR LES POSTES DISPONIBLES<\/a>\n\n<\/div>\n<\/div><\/div><\/div>\n<\/div>\n<\/div><div class=\"gb-shapes\"><div class=\"gb-shape gb-shape-1\"><svg xmlns=\"http:\/\/www.w3.org\/2000\/svg\" viewBox=\"0 0 1200 360\" preserveAspectRatio=\"none\"><path d=\"M1200 360H0V0l1200 348z\"\/><\/svg><\/div><\/div><\/div>\n\n<div class=\"gb-container gb-container-34bc0d13\"><div class=\"gb-inside-container\">\n<div class=\"gb-grid-wrapper gb-grid-wrapper-4af1892b\">\n<div class=\"gb-grid-column gb-grid-column-76c4b4ee\"><div class=\"gb-container gb-container-76c4b4ee\"><div class=\"gb-inside-container\">\n\n<h2 class=\"gb-headline gb-headline-c6ad2351 gb-headline-text\">Nimonik est en pleine croissance et a besoin de personnes talentueuses qui aiment les gens, la technologie et la gestion des donn\u00e9es<\/h2>\n\n\n\n<p>Venez travailler avec une \u00e9quipe internationale d&rsquo;experts construisant le meilleur outil au monde pour g\u00e9rer les obligations environnementales, de s\u00e9curit\u00e9 et de qualit\u00e9, \u00e9mettre des actions et mener des audits. Nous aidons les entreprises \u00e0 am\u00e9liorer leurs op\u00e9rations pour assurer la s\u00e9curit\u00e9 des travailleurs et la protection de l&rsquo;environnement.<\/p>\n\n\n\n<p>Vous \u00eates int\u00e9ress\u00e9 \u00e0 vous joindre \u00e0 notre \u00e9quipe ou vous connaissez le candidat id\u00e9al? Recevez 1000 $ si nous embauchons quelqu&rsquo;un que vous recommandez.<\/p>\n\n<\/div><\/div><\/div>\n<\/div>\n<\/div><\/div>\n\n<div class=\"gb-container gb-container-f642de2b\" id=\"listings\"><div class=\"gb-inside-container\">\n<div class=\"gb-grid-wrapper gb-grid-wrapper-5e220f2d\">\n<div class=\"gb-grid-column gb-grid-column-647c8575\"><div class=\"gb-container gb-container-647c8575\"><div class=\"gb-inside-container\">\n\n<h3 class=\"gb-headline gb-headline-f2a2a107 gb-headline-text\">\u00c0 propos de Nimonik<\/h3>\n\n\n\n<p class=\"has-white-color has-text-color\" style=\"font-size:15px\">Depuis 2008, Nimonik aide les organisations \u00e0 centraliser et \u00e0 rationaliser leurs programmes de conformit\u00e9. Avec un si\u00e8ge social bas\u00e9 \u00e0 Montr\u00e9al, au Canada, et des bureaux \u00e0 Calgary et Shanghai, ainsi que des partenaires en Europe et aux \u00c9tats-Unis, Nimonik est l&rsquo;une des principales entreprises de logiciels EHSQ dans le monde. Notre \u00e9quipe de professionnels dans les domaines du droit, de l&rsquo;environnement, de la s\u00e9curit\u00e9 et de la qualit\u00e9 vous aidera \u00e0 am\u00e9liorer les programmes de conformit\u00e9 de votre organisation.<\/p>\n\n<\/div><\/div><\/div>\n\n<div class=\"gb-grid-column gb-grid-column-ca2b9b84\"><div class=\"gb-container gb-container-ca2b9b84\"><div class=\"gb-inside-container\">\n\n<h3 class=\"gb-headline gb-headline-4bc01111 gb-headline-text\">Nos valeurs<\/h3>\n\n\n\n<p class=\"has-white-color has-text-color\" style=\"font-size:15px\">Nos valeurs sont le fondement de nos d\u00e9cisions et de nos priorit\u00e9s. Chez Nimonik Inc. nous visons:<\/p>\n\n\n\n<p class=\"has-white-color has-text-color\">&gt; Rigueur dans le travail<br>&gt; Vision \u00e0 long terme<br>&gt; Persistance dans la recherche d&rsquo;une solution<br>&gt; Int\u00e9grit\u00e9 \u00e0 tout moment<\/p>\n\n<\/div><\/div><\/div>\n<\/div>\n<\/div><div class=\"gb-shapes\"><div class=\"gb-shape gb-shape-1\"><svg xmlns=\"http:\/\/www.w3.org\/2000\/svg\" viewBox=\"0 0 1200 360\" preserveAspectRatio=\"none\"><path d=\"M1200 360H0V0l1200 348z\"\/><\/svg><\/div><div class=\"gb-shape gb-shape-2\"><svg xmlns=\"http:\/\/www.w3.org\/2000\/svg\" viewBox=\"0 0 1200 360\" preserveAspectRatio=\"none\"><path d=\"M1200 360H0V0l1200 348z\"\/><\/svg><\/div><\/div><\/div>","protected":false},"excerpt":{"rendered":"","protected":false},"author":66,"featured_media":0,"parent":0,"menu_order":0,"comment_status":"closed","ping_status":"closed","template":"","meta":{"_acf_changed":false,"footnotes":""},"class_list":{"0":"post-37536","1":"page","2":"type-page","3":"status-publish","5":"no-featured-image-padding"},"acf":[],"yoast_head":"<!-- This site is optimized with the Yoast SEO plugin v27.2 - https:\/\/yoast.com\/product\/yoast-seo-wordpress\/ -->\n<title>Carri\u00e8res | Nimonik Inc.<\/title>\n<meta name=\"description\" content=\"Nous sommes toujours \u00e0 la recherche de personnes talentueuses qui partagent nos valeurs pour nous joindre \u00e0 notre \u00e9quipe. Voir les postes vacants chez Nimonik ici.\" \/>\n<meta name=\"robots\" content=\"index, follow, max-snippet:-1, max-image-preview:large, max-video-preview:-1\" \/>\n<link rel=\"canonical\" href=\"https:\/\/nimonik.com\/fr\/jobs\/\" \/>\n<meta property=\"og:locale\" content=\"fr_FR\" \/>\n<meta property=\"og:type\" content=\"article\" \/>\n<meta property=\"og:title\" content=\"Carri\u00e8res | Nimonik Inc.\" \/>\n<meta property=\"og:description\" content=\"Nous sommes toujours \u00e0 la recherche de personnes talentueuses qui partagent nos valeurs pour nous joindre \u00e0 notre \u00e9quipe. Voir les postes vacants chez Nimonik ici.\" \/>\n<meta property=\"og:url\" content=\"https:\/\/nimonik.com\/fr\/jobs\/\" \/>\n<meta property=\"og:site_name\" content=\"Nimonik\" \/>\n<meta property=\"article:publisher\" content=\"https:\/\/www.facebook.com\/NimonikInc\" \/>\n<meta property=\"article:modified_time\" content=\"2025-10-21T11:57:03+00:00\" \/>\n<meta name=\"twitter:card\" content=\"summary_large_image\" \/>\n<meta name=\"twitter:site\" content=\"@Nimonik_Inc\" \/>\n<meta name=\"twitter:label1\" content=\"Dur\u00e9e de lecture estim\u00e9e\" \/>\n\t<meta name=\"twitter:data1\" content=\"2 minutes\" \/>\n<script type=\"application\/ld+json\" class=\"yoast-schema-graph\">{\"@context\":\"https:\/\/schema.org\",\"@graph\":[{\"@type\":\"WebPage\",\"@id\":\"https:\/\/nimonik.com\/fr\/jobs\/\",\"url\":\"https:\/\/nimonik.com\/fr\/jobs\/\",\"name\":\"Carri\u00e8res | Nimonik Inc.\",\"isPartOf\":{\"@id\":\"https:\/\/nimonik.com\/fr\/#website\"},\"datePublished\":\"2022-09-08T18:44:05+00:00\",\"dateModified\":\"2025-10-21T11:57:03+00:00\",\"description\":\"Nous sommes toujours \u00e0 la recherche de personnes talentueuses qui partagent nos valeurs pour nous joindre \u00e0 notre \u00e9quipe. Voir les postes vacants chez Nimonik ici.\",\"breadcrumb\":{\"@id\":\"https:\/\/nimonik.com\/fr\/jobs\/#breadcrumb\"},\"inLanguage\":\"fr-FR\",\"potentialAction\":[{\"@type\":\"ReadAction\",\"target\":[\"https:\/\/nimonik.com\/fr\/jobs\/\"]}]},{\"@type\":\"BreadcrumbList\",\"@id\":\"https:\/\/nimonik.com\/fr\/jobs\/#breadcrumb\",\"itemListElement\":[{\"@type\":\"ListItem\",\"position\":1,\"name\":\"Accueil\",\"item\":\"https:\/\/nimonik.com\/fr\/\"},{\"@type\":\"ListItem\",\"position\":2,\"name\":\"Carri\u00e8res\"}]},{\"@type\":\"WebSite\",\"@id\":\"https:\/\/nimonik.com\/fr\/#website\",\"url\":\"https:\/\/nimonik.com\/fr\/\",\"name\":\"Nimonik Inc.\",\"description\":\"Compliance Management System and Audit Software EHS EHSQ ESG\",\"publisher\":{\"@id\":\"https:\/\/nimonik.com\/fr\/#organization\"},\"alternateName\":\"Nimonik\",\"potentialAction\":[{\"@type\":\"SearchAction\",\"target\":{\"@type\":\"EntryPoint\",\"urlTemplate\":\"https:\/\/nimonik.com\/fr\/?s={search_term_string}\"},\"query-input\":{\"@type\":\"PropertyValueSpecification\",\"valueRequired\":true,\"valueName\":\"search_term_string\"}}],\"inLanguage\":\"fr-FR\"},{\"@type\":\"Organization\",\"@id\":\"https:\/\/nimonik.com\/fr\/#organization\",\"name\":\"Nimonik\",\"alternateName\":\"Nimonik inc.\",\"url\":\"https:\/\/nimonik.com\/fr\/\",\"logo\":{\"@type\":\"ImageObject\",\"inLanguage\":\"fr-FR\",\"@id\":\"https:\/\/nimonik.com\/fr\/#\/schema\/logo\/image\/\",\"url\":\"https:\/\/nimonik.com\/wp-content\/uploads\/Nimonik-Logo-Christmas.png\",\"contentUrl\":\"https:\/\/nimonik.com\/wp-content\/uploads\/Nimonik-Logo-Christmas.png\",\"width\":591,\"height\":198,\"caption\":\"Nimonik\"},\"image\":{\"@id\":\"https:\/\/nimonik.com\/fr\/#\/schema\/logo\/image\/\"},\"sameAs\":[\"https:\/\/www.facebook.com\/NimonikInc\",\"https:\/\/x.com\/Nimonik_Inc\",\"https:\/\/www.youtube.com\/c\/Nimonik_Compliance\",\"https:\/\/www.linkedin.com\/company\/nimonik\/\"]}]}<\/script>\n<!-- \/ Yoast SEO plugin. -->","yoast_head_json":{"title":"Carri\u00e8res | Nimonik Inc.","description":"Nous sommes toujours \u00e0 la recherche de personnes talentueuses qui partagent nos valeurs pour nous joindre \u00e0 notre \u00e9quipe. Voir les postes vacants chez Nimonik ici.","robots":{"index":"index","follow":"follow","max-snippet":"max-snippet:-1","max-image-preview":"max-image-preview:large","max-video-preview":"max-video-preview:-1"},"canonical":"https:\/\/nimonik.com\/fr\/jobs\/","og_locale":"fr_FR","og_type":"article","og_title":"Carri\u00e8res | Nimonik Inc.","og_description":"Nous sommes toujours \u00e0 la recherche de personnes talentueuses qui partagent nos valeurs pour nous joindre \u00e0 notre \u00e9quipe. Voir les postes vacants chez Nimonik ici.","og_url":"https:\/\/nimonik.com\/fr\/jobs\/","og_site_name":"Nimonik","article_publisher":"https:\/\/www.facebook.com\/NimonikInc","article_modified_time":"2025-10-21T11:57:03+00:00","twitter_card":"summary_large_image","twitter_site":"@Nimonik_Inc","twitter_misc":{"Dur\u00e9e de lecture estim\u00e9e":"2 minutes"},"schema":{"@context":"https:\/\/schema.org","@graph":[{"@type":"WebPage","@id":"https:\/\/nimonik.com\/fr\/jobs\/","url":"https:\/\/nimonik.com\/fr\/jobs\/","name":"Carri\u00e8res | Nimonik Inc.","isPartOf":{"@id":"https:\/\/nimonik.com\/fr\/#website"},"datePublished":"2022-09-08T18:44:05+00:00","dateModified":"2025-10-21T11:57:03+00:00","description":"Nous sommes toujours \u00e0 la recherche de personnes talentueuses qui partagent nos valeurs pour nous joindre \u00e0 notre \u00e9quipe. Voir les postes vacants chez Nimonik ici.","breadcrumb":{"@id":"https:\/\/nimonik.com\/fr\/jobs\/#breadcrumb"},"inLanguage":"fr-FR","potentialAction":[{"@type":"ReadAction","target":["https:\/\/nimonik.com\/fr\/jobs\/"]}]},{"@type":"BreadcrumbList","@id":"https:\/\/nimonik.com\/fr\/jobs\/#breadcrumb","itemListElement":[{"@type":"ListItem","position":1,"name":"Accueil","item":"https:\/\/nimonik.com\/fr\/"},{"@type":"ListItem","position":2,"name":"Carri\u00e8res"}]},{"@type":"WebSite","@id":"https:\/\/nimonik.com\/fr\/#website","url":"https:\/\/nimonik.com\/fr\/","name":"Nimonik Inc.","description":"Compliance Management System and Audit Software EHS EHSQ ESG","publisher":{"@id":"https:\/\/nimonik.com\/fr\/#organization"},"alternateName":"Nimonik","potentialAction":[{"@type":"SearchAction","target":{"@type":"EntryPoint","urlTemplate":"https:\/\/nimonik.com\/fr\/?s={search_term_string}"},"query-input":{"@type":"PropertyValueSpecification","valueRequired":true,"valueName":"search_term_string"}}],"inLanguage":"fr-FR"},{"@type":"Organization","@id":"https:\/\/nimonik.com\/fr\/#organization","name":"Nimonik","alternateName":"Nimonik inc.","url":"https:\/\/nimonik.com\/fr\/","logo":{"@type":"ImageObject","inLanguage":"fr-FR","@id":"https:\/\/nimonik.com\/fr\/#\/schema\/logo\/image\/","url":"https:\/\/nimonik.com\/wp-content\/uploads\/Nimonik-Logo-Christmas.png","contentUrl":"https:\/\/nimonik.com\/wp-content\/uploads\/Nimonik-Logo-Christmas.png","width":591,"height":198,"caption":"Nimonik"},"image":{"@id":"https:\/\/nimonik.com\/fr\/#\/schema\/logo\/image\/"},"sameAs":["https:\/\/www.facebook.com\/NimonikInc","https:\/\/x.com\/Nimonik_Inc","https:\/\/www.youtube.com\/c\/Nimonik_Compliance","https:\/\/www.linkedin.com\/company\/nimonik\/"]}]}},"_links":{"self":[{"href":"https:\/\/nimonik.com\/fr\/wp-json\/wp\/v2\/pages\/37536","targetHints":{"allow":["GET"]}}],"collection":[{"href":"https:\/\/nimonik.com\/fr\/wp-json\/wp\/v2\/pages"}],"about":[{"href":"https:\/\/nimonik.com\/fr\/wp-json\/wp\/v2\/types\/page"}],"author":[{"embeddable":true,"href":"https:\/\/nimonik.com\/fr\/wp-json\/wp\/v2\/users\/66"}],"replies":[{"embeddable":true,"href":"https:\/\/nimonik.com\/fr\/wp-json\/wp\/v2\/comments?post=37536"}],"version-history":[{"count":4,"href":"https:\/\/nimonik.com\/fr\/wp-json\/wp\/v2\/pages\/37536\/revisions"}],"predecessor-version":[{"id":58635,"href":"https:\/\/nimonik.com\/fr\/wp-json\/wp\/v2\/pages\/37536\/revisions\/58635"}],"wp:attachment":[{"href":"https:\/\/nimonik.com\/fr\/wp-json\/wp\/v2\/media?parent=37536"}],"curies":[{"name":"wp","href":"https:\/\/api.w.org\/{rel}","templated":true}]}}