{"id":30852,"date":"2022-02-01T21:05:06","date_gmt":"2022-02-01T21:05:06","guid":{"rendered":"https:\/\/nimonik.com\/?page_id=30852"},"modified":"2025-02-04T15:02:26","modified_gmt":"2025-02-04T20:02:26","slug":"information-security-management-system-isms","status":"publish","type":"page","link":"https:\/\/nimonik.com\/fr\/information-security-management-system-isms\/","title":{"rendered":"Gestion de la s\u00e9curit\u00e9 de l\u2019information ISO 27001 (ISMS) \u2013 certification Nimonik"},"content":{"rendered":"<p><span style=\"font-weight: 400;\">Depuis 2017, Nimonik exploite un syst\u00e8me de gestion de la s\u00e9curit\u00e9 de l\u2019information (ISMS) bas\u00e9 sur la norme ISO 27001 et a \u00e9t\u00e9 certifi\u00e9 conforme \u00e0 la norme ISO 27001 par BSI Group en 2024.<\/span><\/p>\n<p><a href=\"https:\/\/nimonik.com\/wp-content\/uploads\/Nimonik-inc.-ISO-27001-Certificate-2024.pdf\"><span style=\"font-weight: 400;\">Certificat ISO 27001 de Nimonik inc. 2024<\/span><\/a><\/p>\n<p><span style=\"font-weight: 400;\">Pour demander des documents relatifs \u00e0 notre ISMS, veuillez nous contacter \u00e0 <\/span><a href=\"mailto:info@nimonik.com\"><span style=\"font-weight: 400;\">info@nimonik.com<\/span><\/a><span style=\"font-weight: 400;\">.<\/span><\/p>\n<p><span style=\"font-weight: 400;\">Nimonik effectue \u00e9galement des tests de p\u00e9n\u00e9tration externes tous les deux ans sur l\u2019ensemble de ses syst\u00e8mes, notamment : NimonikApp, NimonikApp China, Nimonik Audit pour iOS, Nimonik Audit pour Android. Les r\u00e9sultats et les plans d\u2019action sont fournis aux clients sur demande.<\/span><\/p>\n<p><span style=\"font-weight: 400;\">Nimonik h\u00e9berge ses services sur Amazon AWS, qui dispose de diverses certifications industrielles. <\/span><a href=\"https:\/\/aws.amazon.com\/compliance\/programs\/\"><span style=\"font-weight: 400;\">En savoir plus sur la s\u00e9curit\u00e9 d\u2019Amazon AWS ici<\/span><\/a><span style=\"font-weight: 400;\">.<\/span><\/p>\n<p><span style=\"font-weight: 400;\">Nimonik h\u00e9berge la plupart de ses communications internes sur Google Workspace, qui dispose \u00e9galement de plusieurs certifications industrielles. <\/span><a href=\"https:\/\/workspace.google.com\/learn-more\/security\/security-whitepaper\/page-5.html\"><span style=\"font-weight: 400;\">En savoir plus sur la s\u00e9curit\u00e9 de Google Workspace ici<\/span><\/a><span style=\"font-weight: 400;\">.<\/span><\/p>\n<p><span style=\"font-weight: 400;\">Tous les syst\u00e8mes et fournisseurs de Nimonik sont class\u00e9s par niveau de risque, et des contr\u00f4les sont en place pour r\u00e9duire les risques li\u00e9s \u00e0 la s\u00e9curit\u00e9 de l\u2019information. Pour plus d\u2019informations, veuillez nous contacter.<\/span><\/p>\n<p><b>Documents<\/b><\/p>\n<ul>\n<li style=\"font-weight: 400;\" aria-level=\"1\"><a href=\"https:\/\/nimonik.com\/wp-content\/uploads\/999-A-006-Nimonik-ISMS-Policy-Public.pdf\"><span style=\"font-weight: 400;\">999-A-006 Politique ISMS de Nimonik (Public) (2024)<\/span><\/a><\/li>\n<li style=\"font-weight: 400;\" aria-level=\"1\"><a href=\"https:\/\/nimonik.com\/wp-content\/uploads\/999-F-1011_-Nimonik-Business-CIP-Process-Internal-Security-Policies-Summary-Public-1.pdf\"><span style=\"font-weight: 400;\">999-F-1011 Processus CIP de l\u2019entreprise Nimonik et r\u00e9sum\u00e9 des politiques de s\u00e9curit\u00e9 interne (Public) (2024)<\/span><\/a><\/li>\n<\/ul>\n","protected":false},"excerpt":{"rendered":"<p>Depuis 2017, Nimonik exploite un syst\u00e8me de gestion de la s\u00e9curit\u00e9 de l\u2019information (ISMS) bas\u00e9 sur la norme ISO 27001 et a \u00e9t\u00e9 certifi\u00e9 conforme \u00e0 la norme ISO 27001 par BSI Group en 2024. Certificat ISO 27001 de Nimonik inc. 2024 Pour demander des documents relatifs \u00e0 notre ISMS, veuillez nous contacter \u00e0 info@nimonik.com. &#8230; <a title=\"Gestion de la s\u00e9curit\u00e9 de l\u2019information ISO 27001 (ISMS) \u2013 certification Nimonik\" class=\"read-more\" href=\"https:\/\/nimonik.com\/fr\/information-security-management-system-isms\/\" aria-label=\"En savoir plus sur Gestion de la s\u00e9curit\u00e9 de l\u2019information ISO 27001 (ISMS) \u2013 certification Nimonik\">Lire plus<\/a><\/p>\n","protected":false},"author":1,"featured_media":0,"parent":0,"menu_order":0,"comment_status":"closed","ping_status":"closed","template":"","meta":{"_acf_changed":false,"footnotes":""},"class_list":{"0":"post-30852","1":"page","2":"type-page","3":"status-publish","5":"no-featured-image-padding"},"acf":[],"yoast_head":"<!-- This site is optimized with the Yoast SEO plugin v27.5 - https:\/\/yoast.com\/product\/yoast-seo-wordpress\/ -->\n<title>Gestion de la s\u00e9curit\u00e9 de l\u2019information ISO 27001 (ISMS) \u2013 certification Nimonik | Nimonik Inc.<\/title>\n<meta name=\"description\" content=\"Depuis 2017, Nimonik exploite un syst\u00e8me de gestion de la s\u00e9curit\u00e9 de l\u2019information (ISMS) bas\u00e9 sur la norme ISO 27001 et a \u00e9t\u00e9 certifi\u00e9 conforme \u00e0 la\" \/>\n<meta name=\"robots\" content=\"index, follow, max-snippet:-1, max-image-preview:large, max-video-preview:-1\" \/>\n<link rel=\"canonical\" href=\"https:\/\/nimonik.com\/fr\/information-security-management-system-isms\/\" \/>\n<meta property=\"og:locale\" content=\"fr_FR\" \/>\n<meta property=\"og:type\" content=\"article\" \/>\n<meta property=\"og:title\" content=\"Gestion de la s\u00e9curit\u00e9 de l\u2019information ISO 27001 (ISMS) \u2013 certification Nimonik | Nimonik Inc.\" \/>\n<meta property=\"og:description\" content=\"Depuis 2017, Nimonik exploite un syst\u00e8me de gestion de la s\u00e9curit\u00e9 de l\u2019information (ISMS) bas\u00e9 sur la norme ISO 27001 et a \u00e9t\u00e9 certifi\u00e9 conforme \u00e0 la\" \/>\n<meta property=\"og:url\" content=\"https:\/\/nimonik.com\/fr\/information-security-management-system-isms\/\" \/>\n<meta property=\"og:site_name\" content=\"Nimonik\" \/>\n<meta property=\"article:publisher\" content=\"https:\/\/www.facebook.com\/NimonikInc\" \/>\n<meta property=\"article:modified_time\" content=\"2025-02-04T20:02:26+00:00\" \/>\n<meta name=\"twitter:card\" content=\"summary_large_image\" \/>\n<meta name=\"twitter:site\" content=\"@Nimonik_Inc\" \/>\n<meta name=\"twitter:label1\" content=\"Dur\u00e9e de lecture estim\u00e9e\" \/>\n\t<meta name=\"twitter:data1\" content=\"1 minute\" \/>\n<script type=\"application\/ld+json\" class=\"yoast-schema-graph\">{\"@context\":\"https:\\\/\\\/schema.org\",\"@graph\":[{\"@type\":\"WebPage\",\"@id\":\"https:\\\/\\\/nimonik.com\\\/fr\\\/information-security-management-system-isms\\\/\",\"url\":\"https:\\\/\\\/nimonik.com\\\/fr\\\/information-security-management-system-isms\\\/\",\"name\":\"Gestion de la s\u00e9curit\u00e9 de l\u2019information ISO 27001 (ISMS) \u2013 certification Nimonik | Nimonik Inc.\",\"isPartOf\":{\"@id\":\"https:\\\/\\\/nimonik.com\\\/fr\\\/#website\"},\"datePublished\":\"2022-02-01T21:05:06+00:00\",\"dateModified\":\"2025-02-04T20:02:26+00:00\",\"description\":\"Depuis 2017, Nimonik exploite un syst\u00e8me de gestion de la s\u00e9curit\u00e9 de l\u2019information (ISMS) bas\u00e9 sur la norme ISO 27001 et a \u00e9t\u00e9 certifi\u00e9 conforme \u00e0 la\",\"breadcrumb\":{\"@id\":\"https:\\\/\\\/nimonik.com\\\/fr\\\/information-security-management-system-isms\\\/#breadcrumb\"},\"inLanguage\":\"fr-FR\",\"potentialAction\":[{\"@type\":\"ReadAction\",\"target\":[\"https:\\\/\\\/nimonik.com\\\/fr\\\/information-security-management-system-isms\\\/\"]}]},{\"@type\":\"BreadcrumbList\",\"@id\":\"https:\\\/\\\/nimonik.com\\\/fr\\\/information-security-management-system-isms\\\/#breadcrumb\",\"itemListElement\":[{\"@type\":\"ListItem\",\"position\":1,\"name\":\"Accueil\",\"item\":\"https:\\\/\\\/nimonik.com\\\/fr\\\/\"},{\"@type\":\"ListItem\",\"position\":2,\"name\":\"Gestion de la s\u00e9curit\u00e9 de l\u2019information ISO 27001 (ISMS) \u2013 certification Nimonik\"}]},{\"@type\":\"WebSite\",\"@id\":\"https:\\\/\\\/nimonik.com\\\/fr\\\/#website\",\"url\":\"https:\\\/\\\/nimonik.com\\\/fr\\\/\",\"name\":\"Nimonik Inc.\",\"description\":\"Compliance Management System and Audit Software EHS EHSQ ESG\",\"publisher\":{\"@id\":\"https:\\\/\\\/nimonik.com\\\/fr\\\/#organization\"},\"alternateName\":\"Nimonik\",\"potentialAction\":[{\"@type\":\"SearchAction\",\"target\":{\"@type\":\"EntryPoint\",\"urlTemplate\":\"https:\\\/\\\/nimonik.com\\\/fr\\\/?s={search_term_string}\"},\"query-input\":{\"@type\":\"PropertyValueSpecification\",\"valueRequired\":true,\"valueName\":\"search_term_string\"}}],\"inLanguage\":\"fr-FR\"},{\"@type\":\"Organization\",\"@id\":\"https:\\\/\\\/nimonik.com\\\/fr\\\/#organization\",\"name\":\"Nimonik\",\"alternateName\":\"Nimonik inc.\",\"url\":\"https:\\\/\\\/nimonik.com\\\/fr\\\/\",\"logo\":{\"@type\":\"ImageObject\",\"inLanguage\":\"fr-FR\",\"@id\":\"https:\\\/\\\/nimonik.com\\\/fr\\\/#\\\/schema\\\/logo\\\/image\\\/\",\"url\":\"https:\\\/\\\/nimonik.com\\\/wp-content\\\/uploads\\\/Nimonik-Logo-Christmas.png\",\"contentUrl\":\"https:\\\/\\\/nimonik.com\\\/wp-content\\\/uploads\\\/Nimonik-Logo-Christmas.png\",\"width\":591,\"height\":198,\"caption\":\"Nimonik\"},\"image\":{\"@id\":\"https:\\\/\\\/nimonik.com\\\/fr\\\/#\\\/schema\\\/logo\\\/image\\\/\"},\"sameAs\":[\"https:\\\/\\\/www.facebook.com\\\/NimonikInc\",\"https:\\\/\\\/x.com\\\/Nimonik_Inc\",\"https:\\\/\\\/www.youtube.com\\\/c\\\/Nimonik_Compliance\",\"https:\\\/\\\/www.linkedin.com\\\/company\\\/nimonik\\\/\"]}]}<\/script>\n<!-- \/ Yoast SEO plugin. -->","yoast_head_json":{"title":"Gestion de la s\u00e9curit\u00e9 de l\u2019information ISO 27001 (ISMS) \u2013 certification Nimonik | Nimonik Inc.","description":"Depuis 2017, Nimonik exploite un syst\u00e8me de gestion de la s\u00e9curit\u00e9 de l\u2019information (ISMS) bas\u00e9 sur la norme ISO 27001 et a \u00e9t\u00e9 certifi\u00e9 conforme \u00e0 la","robots":{"index":"index","follow":"follow","max-snippet":"max-snippet:-1","max-image-preview":"max-image-preview:large","max-video-preview":"max-video-preview:-1"},"canonical":"https:\/\/nimonik.com\/fr\/information-security-management-system-isms\/","og_locale":"fr_FR","og_type":"article","og_title":"Gestion de la s\u00e9curit\u00e9 de l\u2019information ISO 27001 (ISMS) \u2013 certification Nimonik | Nimonik Inc.","og_description":"Depuis 2017, Nimonik exploite un syst\u00e8me de gestion de la s\u00e9curit\u00e9 de l\u2019information (ISMS) bas\u00e9 sur la norme ISO 27001 et a \u00e9t\u00e9 certifi\u00e9 conforme \u00e0 la","og_url":"https:\/\/nimonik.com\/fr\/information-security-management-system-isms\/","og_site_name":"Nimonik","article_publisher":"https:\/\/www.facebook.com\/NimonikInc","article_modified_time":"2025-02-04T20:02:26+00:00","twitter_card":"summary_large_image","twitter_site":"@Nimonik_Inc","twitter_misc":{"Dur\u00e9e de lecture estim\u00e9e":"1 minute"},"schema":{"@context":"https:\/\/schema.org","@graph":[{"@type":"WebPage","@id":"https:\/\/nimonik.com\/fr\/information-security-management-system-isms\/","url":"https:\/\/nimonik.com\/fr\/information-security-management-system-isms\/","name":"Gestion de la s\u00e9curit\u00e9 de l\u2019information ISO 27001 (ISMS) \u2013 certification Nimonik | Nimonik Inc.","isPartOf":{"@id":"https:\/\/nimonik.com\/fr\/#website"},"datePublished":"2022-02-01T21:05:06+00:00","dateModified":"2025-02-04T20:02:26+00:00","description":"Depuis 2017, Nimonik exploite un syst\u00e8me de gestion de la s\u00e9curit\u00e9 de l\u2019information (ISMS) bas\u00e9 sur la norme ISO 27001 et a \u00e9t\u00e9 certifi\u00e9 conforme \u00e0 la","breadcrumb":{"@id":"https:\/\/nimonik.com\/fr\/information-security-management-system-isms\/#breadcrumb"},"inLanguage":"fr-FR","potentialAction":[{"@type":"ReadAction","target":["https:\/\/nimonik.com\/fr\/information-security-management-system-isms\/"]}]},{"@type":"BreadcrumbList","@id":"https:\/\/nimonik.com\/fr\/information-security-management-system-isms\/#breadcrumb","itemListElement":[{"@type":"ListItem","position":1,"name":"Accueil","item":"https:\/\/nimonik.com\/fr\/"},{"@type":"ListItem","position":2,"name":"Gestion de la s\u00e9curit\u00e9 de l\u2019information ISO 27001 (ISMS) \u2013 certification Nimonik"}]},{"@type":"WebSite","@id":"https:\/\/nimonik.com\/fr\/#website","url":"https:\/\/nimonik.com\/fr\/","name":"Nimonik Inc.","description":"Compliance Management System and Audit Software EHS EHSQ ESG","publisher":{"@id":"https:\/\/nimonik.com\/fr\/#organization"},"alternateName":"Nimonik","potentialAction":[{"@type":"SearchAction","target":{"@type":"EntryPoint","urlTemplate":"https:\/\/nimonik.com\/fr\/?s={search_term_string}"},"query-input":{"@type":"PropertyValueSpecification","valueRequired":true,"valueName":"search_term_string"}}],"inLanguage":"fr-FR"},{"@type":"Organization","@id":"https:\/\/nimonik.com\/fr\/#organization","name":"Nimonik","alternateName":"Nimonik inc.","url":"https:\/\/nimonik.com\/fr\/","logo":{"@type":"ImageObject","inLanguage":"fr-FR","@id":"https:\/\/nimonik.com\/fr\/#\/schema\/logo\/image\/","url":"https:\/\/nimonik.com\/wp-content\/uploads\/Nimonik-Logo-Christmas.png","contentUrl":"https:\/\/nimonik.com\/wp-content\/uploads\/Nimonik-Logo-Christmas.png","width":591,"height":198,"caption":"Nimonik"},"image":{"@id":"https:\/\/nimonik.com\/fr\/#\/schema\/logo\/image\/"},"sameAs":["https:\/\/www.facebook.com\/NimonikInc","https:\/\/x.com\/Nimonik_Inc","https:\/\/www.youtube.com\/c\/Nimonik_Compliance","https:\/\/www.linkedin.com\/company\/nimonik\/"]}]}},"_links":{"self":[{"href":"https:\/\/nimonik.com\/fr\/wp-json\/wp\/v2\/pages\/30852","targetHints":{"allow":["GET"]}}],"collection":[{"href":"https:\/\/nimonik.com\/fr\/wp-json\/wp\/v2\/pages"}],"about":[{"href":"https:\/\/nimonik.com\/fr\/wp-json\/wp\/v2\/types\/page"}],"author":[{"embeddable":true,"href":"https:\/\/nimonik.com\/fr\/wp-json\/wp\/v2\/users\/1"}],"replies":[{"embeddable":true,"href":"https:\/\/nimonik.com\/fr\/wp-json\/wp\/v2\/comments?post=30852"}],"version-history":[{"count":5,"href":"https:\/\/nimonik.com\/fr\/wp-json\/wp\/v2\/pages\/30852\/revisions"}],"predecessor-version":[{"id":55340,"href":"https:\/\/nimonik.com\/fr\/wp-json\/wp\/v2\/pages\/30852\/revisions\/55340"}],"wp:attachment":[{"href":"https:\/\/nimonik.com\/fr\/wp-json\/wp\/v2\/media?parent=30852"}],"curies":[{"name":"wp","href":"https:\/\/api.w.org\/{rel}","templated":true}]}}