{"id":29494,"date":"2018-04-12T17:40:20","date_gmt":"2018-04-12T17:40:20","guid":{"rendered":"https:\/\/nimonik.com\/cookie-policy\/"},"modified":"2025-02-04T15:05:08","modified_gmt":"2025-02-04T20:05:08","slug":"cookie-policy","status":"publish","type":"page","link":"https:\/\/nimonik.com\/fr\/cookie-policy\/","title":{"rendered":"Politique en mati\u00e8re de cookies"},"content":{"rendered":"\n<p>Derni\u00e8re mise \u00e0 jour : avril 2018<\/p>\n\n\n\n<p>Le site web de Nimonik place des cookies sur votre ordinateur ou appareil mobile. Il s\u2019agit d\u2019une pratique standard pour la plupart des sites web afin de vous aider \u00e0 charger les pages et \u00e0 utiliser certaines fonctionnalit\u00e9s facilement et efficacement.<\/p>\n\n\n\n<p>En utilisant et en naviguant sur le site web de Nimonik, vous consentez \u00e0 l\u2019utilisation des cookies conform\u00e9ment \u00e0 notre politique. Veuillez lire notre Politique de confidentialit\u00e9 pour comprendre comment nous prot\u00e9geons vos informations.<\/p>\n\n\n\n<p>Ci-dessous, nous expliquons ce que sont les cookies, comment nous les utilisons, comment les tiers avec lesquels nous collaborons peuvent les utiliser, et vos choix en mati\u00e8re de cookies.<\/p>\n\n\n\n<h3 class=\"wp-block-heading\">Que sont les cookies<\/h3>\n\n\n\n<p>Les cookies sont de petits fichiers texte stock\u00e9s sur votre appareil lorsque vous visitez un site web.<\/p>\n\n\n\n<p>Les cookies peuvent \u00eatre persistants ou de session. Les cookies persistants ne sont pas supprim\u00e9s lorsque vous quittez le navigateur, tandis que les cookies de session le sont.<\/p>\n\n\n\n<h3 class=\"wp-block-heading\">Comment Nimonik utilise les cookies<\/h3>\n\n\n\n<p>Lorsque vous naviguez sur notre site, nous pla\u00e7ons plusieurs fichiers cookies dans votre navigateur web pour :<\/p>\n\n\n\n<ul class=\"wp-block-list\">\n<li>vous aider \u00e0 utiliser certaines fonctionnalit\u00e9s du site,<\/li>\n\n\n\n<li>collecter des donn\u00e9es analytiques,<\/li>\n\n\n\n<li>enregistrer vos pr\u00e9f\u00e9rences.<\/li>\n<\/ul>\n\n\n\n<h3 class=\"wp-block-heading\">Nous utilisons des cookies de session et persistants.<\/h3>\n\n\n\n<p>Les cookies nous aident \u00e0 g\u00e9rer le processus d\u2019inscription lorsque vous cr\u00e9ez un compte avec nous. Ils vous permettent de naviguer efficacement sur le site sans avoir \u00e0 vous connecter \u00e0 chaque fois que vous acc\u00e9dez \u00e0 une nouvelle page.<\/p>\n\n\n\n<h3 class=\"wp-block-heading\">Cookies tiers<\/h3>\n\n\n\n<p>En plus de nos propres cookies, nous utilisons \u00e9galement des cookies tiers pour collecter des statistiques d\u2019utilisation et diffuser des publicit\u00e9s.<\/p>\n\n\n\n<p>Nous utilisons Google Analytics, l\u2019une des solutions d\u2019analyse les plus fiables sur le web. Les cookies de Google Analytics suivent des m\u00e9triques comme le temps pass\u00e9 sur le site et les pages visit\u00e9es. Ces m\u00e9triques nous aident \u00e0 cr\u00e9er du contenu engageant et pertinent. Pour en savoir plus sur les cookies de Google Analytics, <a href=\"https:\/\/policies.google.com\/technologies\/cookies\">cliquez ici<\/a>.<\/p>\n\n\n\n<p>Nous collaborons avec quelques agences pour diffuser des publicit\u00e9s en notre nom. Les cookies d\u2019affiliation nous permettent de v\u00e9rifier si nos clients ont acc\u00e9d\u00e9 au site via l\u2019un de nos partenaires afin de les cr\u00e9diter de mani\u00e8re appropri\u00e9e.<\/p>\n\n\n\n<p>Nous utilisons des boutons et\/ou des plugins de r\u00e9seaux sociaux sur ce site qui vous aident \u00e0 vous connecter avec vos r\u00e9seaux sociaux de diff\u00e9rentes mani\u00e8res. Facebook et LinkedIn, par exemple, d\u00e9finissent des cookies via notre site, qui peuvent contribuer aux donn\u00e9es qu\u2019ils d\u00e9tiennent \u00e0 des fins sp\u00e9cifiques d\u00e9crites dans leurs politiques de confidentialit\u00e9 respectives.<\/p>\n\n\n\n<h3 class=\"wp-block-heading\">Vos choix en mati\u00e8re de cookies<\/h3>\n\n\n\n<p>Vous pouvez emp\u00eacher le stockage des cookies en ajustant les param\u00e8tres de votre navigateur (voir la section Aide de votre navigateur). La d\u00e9sactivation des cookies affectera la fonctionnalit\u00e9 de ce site et de nombreux autres sites que vous visitez.<\/p>\n\n\n\n<h3 class=\"wp-block-heading\">Plus d\u2019informations<\/h3>\n\n\n\n<p>Pour plus d\u2019informations, vous pouvez nous contacter par email \u00e0 <a href=\"mailto:info@nimonik.com\">info@nimonik.com<\/a> ou par t\u00e9l\u00e9phone au <a href=\"tel:+18886087511\">+1 888-608-7511<\/a>.<\/p>\n","protected":false},"excerpt":{"rendered":"<p>Derni\u00e8re mise \u00e0 jour : avril 2018 Le site web de Nimonik place des cookies sur votre ordinateur ou appareil mobile. Il s\u2019agit d\u2019une pratique standard pour la plupart des sites web afin de vous aider \u00e0 charger les pages et \u00e0 utiliser certaines fonctionnalit\u00e9s facilement et efficacement. En utilisant et en naviguant sur le &#8230; <a title=\"Politique en mati\u00e8re de cookies\" class=\"read-more\" href=\"https:\/\/nimonik.com\/fr\/cookie-policy\/\" aria-label=\"En savoir plus sur Politique en mati\u00e8re de cookies\">Lire plus<\/a><\/p>\n","protected":false},"author":1,"featured_media":0,"parent":0,"menu_order":0,"comment_status":"closed","ping_status":"closed","template":"","meta":{"_acf_changed":false,"footnotes":""},"class_list":{"0":"post-29494","1":"page","2":"type-page","3":"status-publish","5":"no-featured-image-padding"},"acf":[],"yoast_head":"<!-- This site is optimized with the Yoast SEO plugin v27.2 - https:\/\/yoast.com\/product\/yoast-seo-wordpress\/ -->\n<title>Politique en mati\u00e8re de cookies | Nimonik Inc.<\/title>\n<meta name=\"description\" content=\"Derni\u00e8re mise \u00e0 jour : avril 2018 Le site web de Nimonik place des cookies sur votre ordinateur ou appareil mobile. Il s\u2019agit d\u2019une pratique standard pour\" \/>\n<meta name=\"robots\" content=\"index, follow, max-snippet:-1, max-image-preview:large, max-video-preview:-1\" \/>\n<link rel=\"canonical\" href=\"https:\/\/nimonik.com\/fr\/cookie-policy\/\" \/>\n<meta property=\"og:locale\" content=\"fr_FR\" \/>\n<meta property=\"og:type\" content=\"article\" \/>\n<meta property=\"og:title\" content=\"Politique en mati\u00e8re de cookies | Nimonik Inc.\" \/>\n<meta property=\"og:description\" content=\"Derni\u00e8re mise \u00e0 jour : avril 2018 Le site web de Nimonik place des cookies sur votre ordinateur ou appareil mobile. Il s\u2019agit d\u2019une pratique standard pour\" \/>\n<meta property=\"og:url\" content=\"https:\/\/nimonik.com\/fr\/cookie-policy\/\" \/>\n<meta property=\"og:site_name\" content=\"Nimonik\" \/>\n<meta property=\"article:publisher\" content=\"https:\/\/www.facebook.com\/NimonikInc\" \/>\n<meta property=\"article:modified_time\" content=\"2025-02-04T20:05:08+00:00\" \/>\n<meta name=\"twitter:card\" content=\"summary_large_image\" \/>\n<meta name=\"twitter:site\" content=\"@Nimonik_Inc\" \/>\n<meta name=\"twitter:label1\" content=\"Dur\u00e9e de lecture estim\u00e9e\" \/>\n\t<meta name=\"twitter:data1\" content=\"3 minutes\" \/>\n<script type=\"application\/ld+json\" class=\"yoast-schema-graph\">{\"@context\":\"https:\/\/schema.org\",\"@graph\":[{\"@type\":\"WebPage\",\"@id\":\"https:\/\/nimonik.com\/fr\/cookie-policy\/\",\"url\":\"https:\/\/nimonik.com\/fr\/cookie-policy\/\",\"name\":\"Politique en mati\u00e8re de cookies | Nimonik Inc.\",\"isPartOf\":{\"@id\":\"https:\/\/nimonik.com\/fr\/#website\"},\"datePublished\":\"2018-04-12T17:40:20+00:00\",\"dateModified\":\"2025-02-04T20:05:08+00:00\",\"description\":\"Derni\u00e8re mise \u00e0 jour : avril 2018 Le site web de Nimonik place des cookies sur votre ordinateur ou appareil mobile. Il s\u2019agit d\u2019une pratique standard pour\",\"breadcrumb\":{\"@id\":\"https:\/\/nimonik.com\/fr\/cookie-policy\/#breadcrumb\"},\"inLanguage\":\"fr-FR\",\"potentialAction\":[{\"@type\":\"ReadAction\",\"target\":[\"https:\/\/nimonik.com\/fr\/cookie-policy\/\"]}]},{\"@type\":\"BreadcrumbList\",\"@id\":\"https:\/\/nimonik.com\/fr\/cookie-policy\/#breadcrumb\",\"itemListElement\":[{\"@type\":\"ListItem\",\"position\":1,\"name\":\"Accueil\",\"item\":\"https:\/\/nimonik.com\/fr\/\"},{\"@type\":\"ListItem\",\"position\":2,\"name\":\"Politique en mati\u00e8re de cookies\"}]},{\"@type\":\"WebSite\",\"@id\":\"https:\/\/nimonik.com\/fr\/#website\",\"url\":\"https:\/\/nimonik.com\/fr\/\",\"name\":\"Nimonik Inc.\",\"description\":\"Compliance Management System and Audit Software EHS EHSQ ESG\",\"publisher\":{\"@id\":\"https:\/\/nimonik.com\/fr\/#organization\"},\"alternateName\":\"Nimonik\",\"potentialAction\":[{\"@type\":\"SearchAction\",\"target\":{\"@type\":\"EntryPoint\",\"urlTemplate\":\"https:\/\/nimonik.com\/fr\/?s={search_term_string}\"},\"query-input\":{\"@type\":\"PropertyValueSpecification\",\"valueRequired\":true,\"valueName\":\"search_term_string\"}}],\"inLanguage\":\"fr-FR\"},{\"@type\":\"Organization\",\"@id\":\"https:\/\/nimonik.com\/fr\/#organization\",\"name\":\"Nimonik\",\"alternateName\":\"Nimonik inc.\",\"url\":\"https:\/\/nimonik.com\/fr\/\",\"logo\":{\"@type\":\"ImageObject\",\"inLanguage\":\"fr-FR\",\"@id\":\"https:\/\/nimonik.com\/fr\/#\/schema\/logo\/image\/\",\"url\":\"https:\/\/nimonik.com\/wp-content\/uploads\/Nimonik-Logo-Christmas.png\",\"contentUrl\":\"https:\/\/nimonik.com\/wp-content\/uploads\/Nimonik-Logo-Christmas.png\",\"width\":591,\"height\":198,\"caption\":\"Nimonik\"},\"image\":{\"@id\":\"https:\/\/nimonik.com\/fr\/#\/schema\/logo\/image\/\"},\"sameAs\":[\"https:\/\/www.facebook.com\/NimonikInc\",\"https:\/\/x.com\/Nimonik_Inc\",\"https:\/\/www.youtube.com\/c\/Nimonik_Compliance\",\"https:\/\/www.linkedin.com\/company\/nimonik\/\"]}]}<\/script>\n<!-- \/ Yoast SEO plugin. -->","yoast_head_json":{"title":"Politique en mati\u00e8re de cookies | Nimonik Inc.","description":"Derni\u00e8re mise \u00e0 jour : avril 2018 Le site web de Nimonik place des cookies sur votre ordinateur ou appareil mobile. Il s\u2019agit d\u2019une pratique standard pour","robots":{"index":"index","follow":"follow","max-snippet":"max-snippet:-1","max-image-preview":"max-image-preview:large","max-video-preview":"max-video-preview:-1"},"canonical":"https:\/\/nimonik.com\/fr\/cookie-policy\/","og_locale":"fr_FR","og_type":"article","og_title":"Politique en mati\u00e8re de cookies | Nimonik Inc.","og_description":"Derni\u00e8re mise \u00e0 jour : avril 2018 Le site web de Nimonik place des cookies sur votre ordinateur ou appareil mobile. Il s\u2019agit d\u2019une pratique standard pour","og_url":"https:\/\/nimonik.com\/fr\/cookie-policy\/","og_site_name":"Nimonik","article_publisher":"https:\/\/www.facebook.com\/NimonikInc","article_modified_time":"2025-02-04T20:05:08+00:00","twitter_card":"summary_large_image","twitter_site":"@Nimonik_Inc","twitter_misc":{"Dur\u00e9e de lecture estim\u00e9e":"3 minutes"},"schema":{"@context":"https:\/\/schema.org","@graph":[{"@type":"WebPage","@id":"https:\/\/nimonik.com\/fr\/cookie-policy\/","url":"https:\/\/nimonik.com\/fr\/cookie-policy\/","name":"Politique en mati\u00e8re de cookies | Nimonik Inc.","isPartOf":{"@id":"https:\/\/nimonik.com\/fr\/#website"},"datePublished":"2018-04-12T17:40:20+00:00","dateModified":"2025-02-04T20:05:08+00:00","description":"Derni\u00e8re mise \u00e0 jour : avril 2018 Le site web de Nimonik place des cookies sur votre ordinateur ou appareil mobile. Il s\u2019agit d\u2019une pratique standard pour","breadcrumb":{"@id":"https:\/\/nimonik.com\/fr\/cookie-policy\/#breadcrumb"},"inLanguage":"fr-FR","potentialAction":[{"@type":"ReadAction","target":["https:\/\/nimonik.com\/fr\/cookie-policy\/"]}]},{"@type":"BreadcrumbList","@id":"https:\/\/nimonik.com\/fr\/cookie-policy\/#breadcrumb","itemListElement":[{"@type":"ListItem","position":1,"name":"Accueil","item":"https:\/\/nimonik.com\/fr\/"},{"@type":"ListItem","position":2,"name":"Politique en mati\u00e8re de cookies"}]},{"@type":"WebSite","@id":"https:\/\/nimonik.com\/fr\/#website","url":"https:\/\/nimonik.com\/fr\/","name":"Nimonik Inc.","description":"Compliance Management System and Audit Software EHS EHSQ ESG","publisher":{"@id":"https:\/\/nimonik.com\/fr\/#organization"},"alternateName":"Nimonik","potentialAction":[{"@type":"SearchAction","target":{"@type":"EntryPoint","urlTemplate":"https:\/\/nimonik.com\/fr\/?s={search_term_string}"},"query-input":{"@type":"PropertyValueSpecification","valueRequired":true,"valueName":"search_term_string"}}],"inLanguage":"fr-FR"},{"@type":"Organization","@id":"https:\/\/nimonik.com\/fr\/#organization","name":"Nimonik","alternateName":"Nimonik inc.","url":"https:\/\/nimonik.com\/fr\/","logo":{"@type":"ImageObject","inLanguage":"fr-FR","@id":"https:\/\/nimonik.com\/fr\/#\/schema\/logo\/image\/","url":"https:\/\/nimonik.com\/wp-content\/uploads\/Nimonik-Logo-Christmas.png","contentUrl":"https:\/\/nimonik.com\/wp-content\/uploads\/Nimonik-Logo-Christmas.png","width":591,"height":198,"caption":"Nimonik"},"image":{"@id":"https:\/\/nimonik.com\/fr\/#\/schema\/logo\/image\/"},"sameAs":["https:\/\/www.facebook.com\/NimonikInc","https:\/\/x.com\/Nimonik_Inc","https:\/\/www.youtube.com\/c\/Nimonik_Compliance","https:\/\/www.linkedin.com\/company\/nimonik\/"]}]}},"_links":{"self":[{"href":"https:\/\/nimonik.com\/fr\/wp-json\/wp\/v2\/pages\/29494","targetHints":{"allow":["GET"]}}],"collection":[{"href":"https:\/\/nimonik.com\/fr\/wp-json\/wp\/v2\/pages"}],"about":[{"href":"https:\/\/nimonik.com\/fr\/wp-json\/wp\/v2\/types\/page"}],"author":[{"embeddable":true,"href":"https:\/\/nimonik.com\/fr\/wp-json\/wp\/v2\/users\/1"}],"replies":[{"embeddable":true,"href":"https:\/\/nimonik.com\/fr\/wp-json\/wp\/v2\/comments?post=29494"}],"version-history":[{"count":4,"href":"https:\/\/nimonik.com\/fr\/wp-json\/wp\/v2\/pages\/29494\/revisions"}],"predecessor-version":[{"id":55343,"href":"https:\/\/nimonik.com\/fr\/wp-json\/wp\/v2\/pages\/29494\/revisions\/55343"}],"wp:attachment":[{"href":"https:\/\/nimonik.com\/fr\/wp-json\/wp\/v2\/media?parent=29494"}],"curies":[{"name":"wp","href":"https:\/\/api.w.org\/{rel}","templated":true}]}}