{"id":28686,"date":"2015-06-04T21:07:39","date_gmt":"2015-06-04T21:07:39","guid":{"rendered":"https:\/\/nimonik.com\/privacy-policy\/"},"modified":"2025-02-19T10:56:42","modified_gmt":"2025-02-19T15:56:42","slug":"privacy-policy","status":"publish","type":"page","link":"https:\/\/nimonik.com\/fr\/privacy-policy\/","title":{"rendered":"Politique de confidentialit\u00e9"},"content":{"rendered":"\n<p><strong>Responsabilit\u00e9<\/strong><\/p>\n\n\n\n<p>Chez Nimonik, le Pr\u00e9sident-Directeur G\u00e9n\u00e9ral (PDG), Jonathan Brun, d\u00e9tient l\u2019autorit\u00e9 la plus \u00e9lev\u00e9e au sein de l\u2019organisation et est responsable de garantir la conformit\u00e9 et la mise en \u0153uvre des lois et r\u00e8glements applicables en mati\u00e8re de protection des donn\u00e9es et des informations personnelles. Jonathan Brun, en tant que Pr\u00e9sident-Directeur G\u00e9n\u00e9ral, est charg\u00e9 de la protection des informations personnelles. Cependant, Jonathan Brun d\u00e9l\u00e8gue \u00e9galement cette responsabilit\u00e9, en tout ou en partie, \u00e0 d\u2019autres membres de l\u2019organisation, tels que le Responsable des Op\u00e9rations ou le Responsable des Risques, afin d\u2019assurer une gestion et une conformit\u00e9 efficaces.<\/p>\n\n\n\n<p><strong>Confidentialit\u00e9<\/strong><\/p>\n\n\n\n<p>Nous respectons votre vie priv\u00e9e. Nous ne ferons pas un mauvais usage, ne vendrons pas et n\u2019exploiterons pas les informations que vous nous fournissez. Toutes les informations que vous nous fournissez sont utilis\u00e9es exclusivement \u00e0 des fins de facturation ou pour la prestation des services de Nimonik. En fournissant ces informations, nous conserverons uniquement les donn\u00e9es n\u00e9cessaires pour vous offrir un acc\u00e8s aux informations pertinentes dans votre secteur industriel, votre juridiction l\u00e9gale et vos domaines d\u2019int\u00e9r\u00eat. Nous pouvons \u00e9galement collecter des informations li\u00e9es \u00e0 la facturation et au paiement. Toutes les informations fournies ne seront partag\u00e9es avec aucune autre entreprise ou tierce partie.<\/p>\n\n\n\n<p>Le personnel et les sous-traitants de Nimonik n\u2019acc\u00e9deront pas \u00e0 vos informations d\u2019entreprise, sauf autorisation explicite d\u2019une personne habilit\u00e9e au sein de votre organisation. Cette autorisation peut \u00eatre accord\u00e9e pour aider \u00e0 la formation ou au d\u00e9pannage de votre compte. L\u2019acc\u00e8s que vous accordez \u00e0 Nimonik peut \u00eatre r\u00e9voqu\u00e9 \u00e0 tout moment.<\/p>\n\n\n\n<p>Nous prot\u00e9geons la s\u00e9curit\u00e9 de vos informations personnelles lors de leur transmission en utilisant le logiciel Secure Sockets Layer (SSL), qui crypte les informations que vous transmettez.<\/p>\n\n\n\n<p><strong>Conformit\u00e9 au RGPD de l\u2019Union Europ\u00e9enne<\/strong><\/p>\n\n\n\n<p>Notre politique de confidentialit\u00e9 est con\u00e7ue pour \u00eatre conforme au R\u00e8glement G\u00e9n\u00e9ral sur la Protection des Donn\u00e9es (RGPD) de l\u2019UE 2016\/679.<\/p>\n\n\n\n<p><strong>Protection des donn\u00e9es \u2013 Les lois sur la protection des donn\u00e9es d\u00e9signent les lois de l\u2019UE relatives \u00e0 la protection des donn\u00e9es ainsi que les lois d\u2019autres \u00c9tats et territoires qui cr\u00e9ent et r\u00e9gulent des concepts et principes juridiques sensiblement similaires \u00e0 ceux contenus dans les lois europ\u00e9ennes sur la protection des donn\u00e9es en ce qui concerne le traitement des donn\u00e9es personnelles et des donn\u00e9es personnelles sensibles.<\/strong><\/p>\n\n\n\n<p>Les lois de protection des donn\u00e9es de l\u2019UE d\u00e9signent, jusqu\u2019au 24 mai 2018 inclus, toute l\u00e9gislation en vigueur mettant en \u0153uvre la directive 95\/46\/CE de l\u2019UE et ses mises en \u0153uvre nationales correspondantes. \u00c0 compter du 25 mai 2018, elles d\u00e9signent le RGPD et ses mises en \u0153uvre nationales correspondantes.<\/p>\n\n\n\n<p>Les termes donn\u00e9es personnelles, donn\u00e9es personnelles sensibles, consentement, responsable de traitement, sous-traitant, personne concern\u00e9e et traitement se r\u00e9f\u00e8rent aux concepts, r\u00f4les et activit\u00e9s d\u00e9finis dans les lois applicables sur la protection des donn\u00e9es de l\u2019UE. \u00c0 partir du 25 mai 2018, les donn\u00e9es personnelles sensibles d\u00e9signent les cat\u00e9gories de donn\u00e9es personnelles d\u00e9crites dans l\u2019article 9 du R\u00e8glement G\u00e9n\u00e9ral sur la Protection des Donn\u00e9es de l\u2019Union Europ\u00e9enne 2016\/679, ou, le cas \u00e9ch\u00e9ant, les concepts, r\u00f4les et activit\u00e9s \u00e9quivalents d\u00e9crits dans d\u2019autres lois sur la protection des donn\u00e9es.<\/p>\n\n\n\n<p>Nous sommesresponsable du traitement pour les donn\u00e9es personnelles et les donn\u00e9es personnelles sensibles, telles que les informations d\u2019enregistrement de compte, que nous collectons directement aupr\u00e8s des utilisateurs des services (Utilisateurs Finaux) et que nous utilisons dans le cadre de nos activit\u00e9s.<\/p>\n\n\n\n<p>Vous \u00eates le responsable de traitement et nous sommes le sous-traitant pour toutes les autres donn\u00e9es personnelles et donn\u00e9es personnelles sensibles (y compris dans Vos Modifications) qui sont t\u00e9l\u00e9charg\u00e9es par les Utilisateurs Finaux, notamment les donn\u00e9es, mod\u00e8les, informations, contenus, codes, vid\u00e9os, images ou tout autre type de mat\u00e9riel (Mat\u00e9riels), ou qui sont fournies par les Utilisateurs Finaux que vous avez \u00e9tablis dans votre compte.<\/p>\n\n\n\n<p>\u00c0 compter du 25 mai 2018, dans la mesure o\u00f9 les Services et\/ou les Services Gratuits incluent le traitement de donn\u00e9es personnelles ou de donn\u00e9es personnelles sensibles pour lesquelles nous sommes le sous-traitant et vous \u00eates le responsable de traitement, et que ce traitement est soumis au RGPD :<\/p>\n\n\n\n<ul class=\"wp-block-list\">\n<li>Vous respecterez les exigences du RGPD qui vous incombent en tant que responsable de traitement des donn\u00e9es personnelles ou donn\u00e9es personnelles sensibles ; et<\/li>\n\n\n\n<li>Les dispositions de cette Politique de Confidentialit\u00e9 s\u2019appliqueront.<\/li>\n<\/ul>\n\n\n\n<p>Nous pr\u00e9senterons notre Politique de Confidentialit\u00e9 \u00e0 vous-m\u00eame et \u00e0 d\u2019autres personnes susceptibles de t\u00e9l\u00e9charger des Mat\u00e9riels lorsque nous agissons en tant que responsable de traitement. Dans la mesure o\u00f9 nous n\u2019avons pas de contact direct avec les Utilisateurs Finaux ou les personnes concern\u00e9es, par exemple lorsque des donn\u00e9es personnelles ou des donn\u00e9es personnelles sensibles concernant vos employ\u00e9s ou clients sont t\u00e9l\u00e9charg\u00e9es et que nous agissons en tant que sous-traitant et non en tant que responsable de traitement, il est de votre responsabilit\u00e9 de vous assurer qu\u2019en vertu de l\u2019article 13 du RGPD :<\/p>\n\n\n\n<p><strong>Traitement des donn\u00e9es<\/strong><\/p>\n\n\n\n<p><strong>Nimonik s\u2019engage \u00e0 :<\/strong><\/p>\n\n\n\n<ol class=\"wp-block-list\">\n<li>Traiter les donn\u00e9es personnelles uniquement sur instructions document\u00e9es du responsable de traitement, y compris en ce qui concerne les transferts de donn\u00e9es personnelles vers un pays tiers ou une organisation internationale, sauf si ce traitement est requis par la l\u00e9gislation de l\u2019Union europ\u00e9enne ou par le droit national d\u2019un \u00c9tat membre de l\u2019UE auquel le sous-traitant est soumis ; dans ce cas, le sous-traitant informe le responsable de traitement de cette obligation l\u00e9gale avant le traitement, sauf si cette l\u00e9gislation interdit une telle information pour des raisons importantes d\u2019int\u00e9r\u00eat public.<\/li>\n\n\n\n<li>Garantir que les personnes autoris\u00e9es \u00e0 traiter les donn\u00e9es personnelles sont tenues \u00e0 une obligation de confidentialit\u00e9, soit par un engagement formel, soit par une obligation l\u00e9gale appropri\u00e9e.<\/li>\n\n\n\n<li>Mettre en \u0153uvre des mesures organisationnelles et techniques appropri\u00e9es conform\u00e9ment \u00e0 l\u2019article 32 (s\u00e9curit\u00e9 du traitement) du R\u00e8glement G\u00e9n\u00e9ral sur la Protection des Donn\u00e9es 2016\/679 de l\u2019UE. Les mesures que nous consid\u00e9rons comme appropri\u00e9es sont d\u00e9crites plus en d\u00e9tail dans le document sur la s\u00e9curit\u00e9 informatique de Nimonik et dans notre documentation interne ISO 27001. Ce document d\u00e9taille :\n<ul class=\"wp-block-list\">\n<li>Notre architecture et infrastructure \u00e0 travers lesquelles les services sont fournis ;<\/li>\n\n\n\n<li>Les contr\u00f4les de s\u00e9curit\u00e9 mis en \u0153uvre par nous et nos prestataires pour prot\u00e9ger les donn\u00e9es personnelles et\/ou sensibles ;<\/li>\n\n\n\n<li>Les contr\u00f4les de s\u00e9curit\u00e9 appliqu\u00e9s par nos canaux de support traitant des donn\u00e9es personnelles ou sensibles.<\/li>\n<\/ul>\n<\/li>\n\n\n\n<li>Respecter les conditions d\u2019engagement d\u2019un autre sous-traitant, telles que d\u00e9finies dans les paragraphes 2 et 4 de l\u2019article 28 (sous-traitant) du R\u00e8glement G\u00e9n\u00e9ral sur la Protection des Donn\u00e9es 2016\/679 de l\u2019UE.<\/li>\n\n\n\n<li>Assister le responsable de traitement, par des mesures techniques et organisationnelles appropri\u00e9es, dans la mesure du possible, pour r\u00e9pondre aux demandes d\u2019exercice des droits des personnes concern\u00e9es d\u00e9finis au chapitre III du R\u00e8glement G\u00e9n\u00e9ral sur la Protection des Donn\u00e9es 2016\/679 de l\u2019UE.<\/li>\n\n\n\n<li>Aider le responsable de traitement \u00e0 garantir le respect des obligations pr\u00e9vues aux articles 32 \u00e0 36 du R\u00e8glement G\u00e9n\u00e9ral sur la Protection des Donn\u00e9es 2016\/679 de l\u2019UE, en tenant compte de la nature du traitement et des informations disponibles pour le sous-traitant.<\/li>\n\n\n\n<li>Supprimer ou retourner toutes les donn\u00e9es personnelles au responsable de traitement, au choix de celui-ci, apr\u00e8s la fin de la fourniture des services li\u00e9s au traitement, et supprimer les copies existantes sauf si la l\u00e9gislation de l\u2019UE, le droit national d\u2019un \u00c9tat membre de l\u2019UE ou toute autre l\u00e9gislation applicable, y compris la l\u00e9gislation australienne des \u00c9tats ou du Commonwealth, exige la conservation des donn\u00e9es personnelles.<\/li>\n\n\n\n<li>Mettre \u00e0 disposition du responsable de traitement toutes les informations n\u00e9cessaires pour d\u00e9montrer la conformit\u00e9 aux obligations d\u00e9finies \u00e0 l\u2019article 28 (sous-traitant) du R\u00e8glement G\u00e9n\u00e9ral sur la Protection des Donn\u00e9es 2016\/679 de l\u2019UE et permettre et contribuer aux audits, y compris aux inspections, men\u00e9s par le responsable de traitement ou un autre auditeur mandat\u00e9 par celui-ci (dans chaque cas, aux frais du responsable de traitement).<\/li>\n<\/ol>\n\n\n\n<p><strong>Permissions de l\u2019application mobile<\/strong><\/p>\n\n\n\n<p>Pour permettre aux utilisateurs d\u2019ajouter des m\u00e9dias justificatifs aux questions d\u2019audit, l\u2019application mobile Nimonik n\u00e9cessite l\u2019acc\u00e8s aux \u00e9l\u00e9ments suivants :<\/p>\n\n\n\n<ul class=\"wp-block-list\">\n<li>Appareil photo<\/li>\n\n\n\n<li>Enregistrement audio<\/li>\n\n\n\n<li>Stockage externe<\/li>\n<\/ul>\n\n\n\n<p>Le traitement de ces donn\u00e9es est conforme aux m\u00eames normes que celles mentionn\u00e9es ci-dessus.<\/p>\n\n\n\n<p><strong>Personne responsable : <\/strong>Steven Herry, Responsable des op\u00e9rations<br><em>Pour toute question ou pr\u00e9occupation, ou pour signaler un incident suspect\u00e9, veuillez contacter <\/em><a href=\"mailto:security@nimonik.com\"><em>security@nimonik.com<\/em><\/a><em>.<\/em><\/p>\n","protected":false},"excerpt":{"rendered":"<p>Responsabilit\u00e9 Chez Nimonik, le Pr\u00e9sident-Directeur G\u00e9n\u00e9ral (PDG), Jonathan Brun, d\u00e9tient l\u2019autorit\u00e9 la plus \u00e9lev\u00e9e au sein de l\u2019organisation et est responsable de garantir la conformit\u00e9 et la mise en \u0153uvre des lois et r\u00e8glements applicables en mati\u00e8re de protection des donn\u00e9es et des informations personnelles. Jonathan Brun, en tant que Pr\u00e9sident-Directeur G\u00e9n\u00e9ral, est charg\u00e9 de &#8230; <a title=\"Politique de confidentialit\u00e9\" class=\"read-more\" href=\"https:\/\/nimonik.com\/fr\/privacy-policy\/\" aria-label=\"En savoir plus sur Politique de confidentialit\u00e9\">Lire plus<\/a><\/p>\n","protected":false},"author":1,"featured_media":0,"parent":0,"menu_order":0,"comment_status":"closed","ping_status":"closed","template":"","meta":{"_acf_changed":false,"footnotes":""},"class_list":{"0":"post-28686","1":"page","2":"type-page","3":"status-publish","5":"no-featured-image-padding"},"acf":[],"yoast_head":"<!-- This site is optimized with the Yoast SEO plugin v27.2 - https:\/\/yoast.com\/product\/yoast-seo-wordpress\/ -->\n<title>Nimonik Privacy Policy.<\/title>\n<meta name=\"description\" content=\"Responsabilit\u00e9 Chez Nimonik, le Pr\u00e9sident-Directeur G\u00e9n\u00e9ral (PDG), Jonathan Brun, d\u00e9tient l\u2019autorit\u00e9 la plus \u00e9lev\u00e9e au sein de l\u2019organisation et est\" \/>\n<meta name=\"robots\" content=\"index, follow, max-snippet:-1, max-image-preview:large, max-video-preview:-1\" \/>\n<link rel=\"canonical\" href=\"https:\/\/nimonik.com\/fr\/privacy-policy\/\" \/>\n<meta property=\"og:locale\" content=\"fr_FR\" \/>\n<meta property=\"og:type\" content=\"article\" \/>\n<meta property=\"og:title\" content=\"Nimonik Privacy Policy.\" \/>\n<meta property=\"og:description\" content=\"Responsabilit\u00e9 Chez Nimonik, le Pr\u00e9sident-Directeur G\u00e9n\u00e9ral (PDG), Jonathan Brun, d\u00e9tient l\u2019autorit\u00e9 la plus \u00e9lev\u00e9e au sein de l\u2019organisation et est\" \/>\n<meta property=\"og:url\" content=\"https:\/\/nimonik.com\/fr\/privacy-policy\/\" \/>\n<meta property=\"og:site_name\" content=\"Nimonik\" \/>\n<meta property=\"article:publisher\" content=\"https:\/\/www.facebook.com\/NimonikInc\" \/>\n<meta property=\"article:modified_time\" content=\"2025-02-19T15:56:42+00:00\" \/>\n<meta name=\"twitter:card\" content=\"summary_large_image\" \/>\n<meta name=\"twitter:site\" content=\"@Nimonik_Inc\" \/>\n<meta name=\"twitter:label1\" content=\"Dur\u00e9e de lecture estim\u00e9e\" \/>\n\t<meta name=\"twitter:data1\" content=\"6 minutes\" \/>\n<script type=\"application\/ld+json\" class=\"yoast-schema-graph\">{\"@context\":\"https:\/\/schema.org\",\"@graph\":[{\"@type\":\"WebPage\",\"@id\":\"https:\/\/nimonik.com\/fr\/privacy-policy\/\",\"url\":\"https:\/\/nimonik.com\/fr\/privacy-policy\/\",\"name\":\"Nimonik Privacy Policy.\",\"isPartOf\":{\"@id\":\"https:\/\/nimonik.com\/fr\/#website\"},\"datePublished\":\"2015-06-04T21:07:39+00:00\",\"dateModified\":\"2025-02-19T15:56:42+00:00\",\"description\":\"Responsabilit\u00e9 Chez Nimonik, le Pr\u00e9sident-Directeur G\u00e9n\u00e9ral (PDG), Jonathan Brun, d\u00e9tient l\u2019autorit\u00e9 la plus \u00e9lev\u00e9e au sein de l\u2019organisation et est\",\"breadcrumb\":{\"@id\":\"https:\/\/nimonik.com\/fr\/privacy-policy\/#breadcrumb\"},\"inLanguage\":\"fr-FR\",\"potentialAction\":[{\"@type\":\"ReadAction\",\"target\":[\"https:\/\/nimonik.com\/fr\/privacy-policy\/\"]}]},{\"@type\":\"BreadcrumbList\",\"@id\":\"https:\/\/nimonik.com\/fr\/privacy-policy\/#breadcrumb\",\"itemListElement\":[{\"@type\":\"ListItem\",\"position\":1,\"name\":\"Accueil\",\"item\":\"https:\/\/nimonik.com\/fr\/\"},{\"@type\":\"ListItem\",\"position\":2,\"name\":\"Politique de confidentialit\u00e9\"}]},{\"@type\":\"WebSite\",\"@id\":\"https:\/\/nimonik.com\/fr\/#website\",\"url\":\"https:\/\/nimonik.com\/fr\/\",\"name\":\"Nimonik Inc.\",\"description\":\"Compliance Management System and Audit Software EHS EHSQ ESG\",\"publisher\":{\"@id\":\"https:\/\/nimonik.com\/fr\/#organization\"},\"alternateName\":\"Nimonik\",\"potentialAction\":[{\"@type\":\"SearchAction\",\"target\":{\"@type\":\"EntryPoint\",\"urlTemplate\":\"https:\/\/nimonik.com\/fr\/?s={search_term_string}\"},\"query-input\":{\"@type\":\"PropertyValueSpecification\",\"valueRequired\":true,\"valueName\":\"search_term_string\"}}],\"inLanguage\":\"fr-FR\"},{\"@type\":\"Organization\",\"@id\":\"https:\/\/nimonik.com\/fr\/#organization\",\"name\":\"Nimonik\",\"alternateName\":\"Nimonik inc.\",\"url\":\"https:\/\/nimonik.com\/fr\/\",\"logo\":{\"@type\":\"ImageObject\",\"inLanguage\":\"fr-FR\",\"@id\":\"https:\/\/nimonik.com\/fr\/#\/schema\/logo\/image\/\",\"url\":\"https:\/\/nimonik.com\/wp-content\/uploads\/Nimonik-Logo-Christmas.png\",\"contentUrl\":\"https:\/\/nimonik.com\/wp-content\/uploads\/Nimonik-Logo-Christmas.png\",\"width\":591,\"height\":198,\"caption\":\"Nimonik\"},\"image\":{\"@id\":\"https:\/\/nimonik.com\/fr\/#\/schema\/logo\/image\/\"},\"sameAs\":[\"https:\/\/www.facebook.com\/NimonikInc\",\"https:\/\/x.com\/Nimonik_Inc\",\"https:\/\/www.youtube.com\/c\/Nimonik_Compliance\",\"https:\/\/www.linkedin.com\/company\/nimonik\/\"]}]}<\/script>\n<!-- \/ Yoast SEO plugin. -->","yoast_head_json":{"title":"Nimonik Privacy Policy.","description":"Responsabilit\u00e9 Chez Nimonik, le Pr\u00e9sident-Directeur G\u00e9n\u00e9ral (PDG), Jonathan Brun, d\u00e9tient l\u2019autorit\u00e9 la plus \u00e9lev\u00e9e au sein de l\u2019organisation et est","robots":{"index":"index","follow":"follow","max-snippet":"max-snippet:-1","max-image-preview":"max-image-preview:large","max-video-preview":"max-video-preview:-1"},"canonical":"https:\/\/nimonik.com\/fr\/privacy-policy\/","og_locale":"fr_FR","og_type":"article","og_title":"Nimonik Privacy Policy.","og_description":"Responsabilit\u00e9 Chez Nimonik, le Pr\u00e9sident-Directeur G\u00e9n\u00e9ral (PDG), Jonathan Brun, d\u00e9tient l\u2019autorit\u00e9 la plus \u00e9lev\u00e9e au sein de l\u2019organisation et est","og_url":"https:\/\/nimonik.com\/fr\/privacy-policy\/","og_site_name":"Nimonik","article_publisher":"https:\/\/www.facebook.com\/NimonikInc","article_modified_time":"2025-02-19T15:56:42+00:00","twitter_card":"summary_large_image","twitter_site":"@Nimonik_Inc","twitter_misc":{"Dur\u00e9e de lecture estim\u00e9e":"6 minutes"},"schema":{"@context":"https:\/\/schema.org","@graph":[{"@type":"WebPage","@id":"https:\/\/nimonik.com\/fr\/privacy-policy\/","url":"https:\/\/nimonik.com\/fr\/privacy-policy\/","name":"Nimonik Privacy Policy.","isPartOf":{"@id":"https:\/\/nimonik.com\/fr\/#website"},"datePublished":"2015-06-04T21:07:39+00:00","dateModified":"2025-02-19T15:56:42+00:00","description":"Responsabilit\u00e9 Chez Nimonik, le Pr\u00e9sident-Directeur G\u00e9n\u00e9ral (PDG), Jonathan Brun, d\u00e9tient l\u2019autorit\u00e9 la plus \u00e9lev\u00e9e au sein de l\u2019organisation et est","breadcrumb":{"@id":"https:\/\/nimonik.com\/fr\/privacy-policy\/#breadcrumb"},"inLanguage":"fr-FR","potentialAction":[{"@type":"ReadAction","target":["https:\/\/nimonik.com\/fr\/privacy-policy\/"]}]},{"@type":"BreadcrumbList","@id":"https:\/\/nimonik.com\/fr\/privacy-policy\/#breadcrumb","itemListElement":[{"@type":"ListItem","position":1,"name":"Accueil","item":"https:\/\/nimonik.com\/fr\/"},{"@type":"ListItem","position":2,"name":"Politique de confidentialit\u00e9"}]},{"@type":"WebSite","@id":"https:\/\/nimonik.com\/fr\/#website","url":"https:\/\/nimonik.com\/fr\/","name":"Nimonik Inc.","description":"Compliance Management System and Audit Software EHS EHSQ ESG","publisher":{"@id":"https:\/\/nimonik.com\/fr\/#organization"},"alternateName":"Nimonik","potentialAction":[{"@type":"SearchAction","target":{"@type":"EntryPoint","urlTemplate":"https:\/\/nimonik.com\/fr\/?s={search_term_string}"},"query-input":{"@type":"PropertyValueSpecification","valueRequired":true,"valueName":"search_term_string"}}],"inLanguage":"fr-FR"},{"@type":"Organization","@id":"https:\/\/nimonik.com\/fr\/#organization","name":"Nimonik","alternateName":"Nimonik inc.","url":"https:\/\/nimonik.com\/fr\/","logo":{"@type":"ImageObject","inLanguage":"fr-FR","@id":"https:\/\/nimonik.com\/fr\/#\/schema\/logo\/image\/","url":"https:\/\/nimonik.com\/wp-content\/uploads\/Nimonik-Logo-Christmas.png","contentUrl":"https:\/\/nimonik.com\/wp-content\/uploads\/Nimonik-Logo-Christmas.png","width":591,"height":198,"caption":"Nimonik"},"image":{"@id":"https:\/\/nimonik.com\/fr\/#\/schema\/logo\/image\/"},"sameAs":["https:\/\/www.facebook.com\/NimonikInc","https:\/\/x.com\/Nimonik_Inc","https:\/\/www.youtube.com\/c\/Nimonik_Compliance","https:\/\/www.linkedin.com\/company\/nimonik\/"]}]}},"_links":{"self":[{"href":"https:\/\/nimonik.com\/fr\/wp-json\/wp\/v2\/pages\/28686","targetHints":{"allow":["GET"]}}],"collection":[{"href":"https:\/\/nimonik.com\/fr\/wp-json\/wp\/v2\/pages"}],"about":[{"href":"https:\/\/nimonik.com\/fr\/wp-json\/wp\/v2\/types\/page"}],"author":[{"embeddable":true,"href":"https:\/\/nimonik.com\/fr\/wp-json\/wp\/v2\/users\/1"}],"replies":[{"embeddable":true,"href":"https:\/\/nimonik.com\/fr\/wp-json\/wp\/v2\/comments?post=28686"}],"version-history":[{"count":4,"href":"https:\/\/nimonik.com\/fr\/wp-json\/wp\/v2\/pages\/28686\/revisions"}],"predecessor-version":[{"id":55342,"href":"https:\/\/nimonik.com\/fr\/wp-json\/wp\/v2\/pages\/28686\/revisions\/55342"}],"wp:attachment":[{"href":"https:\/\/nimonik.com\/fr\/wp-json\/wp\/v2\/media?parent=28686"}],"curies":[{"name":"wp","href":"https:\/\/api.w.org\/{rel}","templated":true}]}}